{"id":3077,"date":"2018-05-29T15:19:12","date_gmt":"2018-05-29T15:19:12","guid":{"rendered":"https:\/\/www.hangover.eu\/?post_type=product&#038;p=3077"},"modified":"2025-06-15T08:25:59","modified_gmt":"2025-06-15T08:25:59","slug":"hangare-med-8-vaggkrokar","status":"publish","type":"product","link":"https:\/\/www.hangover.eu\/sv\/produkt\/hangare-med-8-vaggkrokar\/","title":{"rendered":"Hang Over &#8211; kanth\u00e4ngare, 8 krokar"},"content":{"rendered":"<p>Denna m\u00e5ngsidiga h\u00e4ngare \u00e4r perfekt f\u00f6r dig som vill skapa extra f\u00f6rvaring i ditt hem. H\u00e4ngaren \u00e4r designad f\u00f6r att enkelt skruvas upp \u00f6ver valfri kant, vilket ger dig flexibiliteten att placera den d\u00e4r den passar b\u00e4st. Du kan till exempel placera den p\u00e5 sidan av en garderob f\u00f6r att maximera din f\u00f6rvaringskapacitet. Ofta finns en s\u00e5dan oanv\u00e4nd garderobssida ledig i ditt sovrum.<\/p>\n<p>H\u00e4ngaren har tv\u00e5 rader med v\u00e4ggkrokar, vilket ger gott om plats f\u00f6r att organisera dina kl\u00e4der, v\u00e4skor eller andra tillbeh\u00f6r. De stilrena knopparna i borstat aluminium ger en modern touch och passar in i de flesta inredningsstilar. Oavsett om du beh\u00f6ver mer utrymme i sovrummet, hallen eller badrummet, kommer detta att vara en praktisk och estetisk l\u00f6sning.<\/p>\n<p>Med denna h\u00e4ngare f\u00e5r du inte bara b\u00e4ttre ordning utan \u00e4ven en elegant detalj som lyfter utseendet i ditt hem. Utforska de m\u00e5nga anv\u00e4ndningsomr\u00e5dena och uppt\u00e4ck hur mycket enklare det blir att h\u00e5lla ordning med hj\u00e4lp av v\u00e5ra h\u00e4ngare.<\/p>\n<p>H\u00e4ngaren \u00e4r enkel att montera \u2013 endast en skruvmejsel kr\u00e4vs. De b\u00e5da pl\u00e5tarna h\u00e5lls samman med hj\u00e4lp av en skruv som forts\u00e4tter in i knoppen. Skruvarna p\u00e5 baksidan \u00e4r t\u00e4ckta av skyddande skumdynor f\u00f6r att f\u00f6rhindra repor och skador p\u00e5 d\u00f6rrytan. Montageinstruktioner hittar du p\u00e5 denna sida.<\/p>\n<p>Denna h\u00e4ngare finns i en l\u00e4ngre variant &#8211; <a href=\"https:\/\/www.hangover.eu\/sv\/produkt\/kanthangare-med-12-krokar\/\">med 12<\/a> och en kortare variant &#8211; <a href=\"https:\/\/www.hangover.eu\/sv\/produkt\/kanthangare-med-4-krokar\/\">med 4 v\u00e4ggkrokar<\/a>.<\/p>\n","protected":false},"excerpt":{"rendered":"<p><strong>[title]<\/strong> kan skurvas upp \u00f6ver valfri kant. Kan till exempel placeras p\u00e5 en garderobssida. Har tv\u00e5 rader med krokar.<br \/>\nKnoppar i borstat aluminium.<\/p>\n","protected":false},"featured_media":3223,"comment_status":"open","ping_status":"closed","template":"","meta":{"footnotes":""},"product_brand":[343],"product_cat":[43],"product_tag":[108,109,110],"class_list":{"0":"post-3077","1":"product","2":"type-product","3":"status-publish","4":"has-post-thumbnail","6":"product_brand-hang-over-sv","7":"product_cat-kroklist-for-kanter","8":"product_tag-hangare-for-kanter","9":"product_tag-kanthangare","10":"product_tag-krokar","12":"first","13":"instock","14":"taxable","15":"shipping-taxable","16":"purchasable","17":"product-type-simple"},"yoast_head":"<!-- This site is optimized with the Yoast SEO plugin v27.5 - https:\/\/yoast.com\/product\/yoast-seo-wordpress\/ -->\n<title>V\u00e4ggkrokar f\u00f6r kant | Hang Over<\/title>\n<meta name=\"description\" content=\"V\u00e4ggkrokar som enkelt skruvas upp \u00f6ver valfri kant, perfekt f\u00f6r sidan av en garderob. Tv\u00e5 rader med krokar och knoppar i borstat aluminium.\" \/>\n<meta name=\"robots\" content=\"index, follow, max-snippet:-1, max-image-preview:large, max-video-preview:-1\" \/>\n<link rel=\"canonical\" href=\"https:\/\/www.hangover.eu\/sv\/produkt\/hangare-med-8-vaggkrokar\/\" \/>\n<meta property=\"og:locale\" content=\"sv_SE\" \/>\n<meta property=\"og:type\" content=\"article\" \/>\n<meta property=\"og:title\" content=\"V\u00e4ggkrokar f\u00f6r kant | Hang Over\" \/>\n<meta property=\"og:description\" content=\"V\u00e4ggkrokar som enkelt skruvas upp \u00f6ver valfri kant, perfekt f\u00f6r sidan av en garderob. Tv\u00e5 rader med krokar och knoppar i borstat aluminium.\" \/>\n<meta property=\"og:url\" content=\"https:\/\/www.hangover.eu\/sv\/produkt\/hangare-med-8-vaggkrokar\/\" \/>\n<meta property=\"og:site_name\" content=\"Hang Over\" \/>\n<meta property=\"article:publisher\" content=\"https:\/\/www.facebook.com\/travelwaxer\" \/>\n<meta property=\"article:modified_time\" content=\"2025-06-15T08:25:59+00:00\" \/>\n<meta property=\"og:image\" content=\"https:\/\/i0.wp.com\/www.hangover.eu\/wp-content\/uploads\/kanthaengare-8-krokar-1.jpg?fit=805%2C1280&ssl=1\" \/>\n\t<meta property=\"og:image:width\" content=\"805\" \/>\n\t<meta property=\"og:image:height\" content=\"1280\" \/>\n\t<meta property=\"og:image:type\" content=\"image\/jpeg\" \/>\n<meta name=\"twitter:card\" content=\"summary_large_image\" \/>\n<meta name=\"twitter:label1\" content=\"Ber\u00e4knad l\u00e4stid\" \/>\n\t<meta name=\"twitter:data1\" content=\"2 minut\" \/>\n<script type=\"application\/ld+json\" class=\"yoast-schema-graph\">{\"@context\":\"https:\\\/\\\/schema.org\",\"@graph\":[{\"@type\":[\"WebPage\",\"ItemPage\"],\"@id\":\"https:\\\/\\\/www.hangover.eu\\\/sv\\\/produkt\\\/hangare-med-8-vaggkrokar\\\/\",\"url\":\"https:\\\/\\\/www.hangover.eu\\\/sv\\\/produkt\\\/hangare-med-8-vaggkrokar\\\/\",\"name\":\"V\u00e4ggkrokar f\u00f6r kant | Hang Over\",\"isPartOf\":{\"@id\":\"https:\\\/\\\/www.hangover.eu\\\/sv\\\/#website\"},\"primaryImageOfPage\":{\"@id\":\"https:\\\/\\\/www.hangover.eu\\\/sv\\\/produkt\\\/hangare-med-8-vaggkrokar\\\/#primaryimage\"},\"image\":{\"@id\":\"https:\\\/\\\/www.hangover.eu\\\/sv\\\/produkt\\\/hangare-med-8-vaggkrokar\\\/#primaryimage\"},\"thumbnailUrl\":\"https:\\\/\\\/i0.wp.com\\\/www.hangover.eu\\\/wp-content\\\/uploads\\\/kanthaengare-8-krokar-1.jpg?fit=805%2C1280&ssl=1\",\"datePublished\":\"2018-05-29T15:19:12+00:00\",\"dateModified\":\"2025-06-15T08:25:59+00:00\",\"description\":\"V\u00e4ggkrokar som enkelt skruvas upp \u00f6ver valfri kant, perfekt f\u00f6r sidan av en garderob. Tv\u00e5 rader med krokar och knoppar i borstat aluminium.\",\"breadcrumb\":{\"@id\":\"https:\\\/\\\/www.hangover.eu\\\/sv\\\/produkt\\\/hangare-med-8-vaggkrokar\\\/#breadcrumb\"},\"inLanguage\":\"sv-SE\",\"potentialAction\":[{\"@type\":\"ReadAction\",\"target\":[\"https:\\\/\\\/www.hangover.eu\\\/sv\\\/produkt\\\/hangare-med-8-vaggkrokar\\\/\"]}]},{\"@type\":\"ImageObject\",\"inLanguage\":\"sv-SE\",\"@id\":\"https:\\\/\\\/www.hangover.eu\\\/sv\\\/produkt\\\/hangare-med-8-vaggkrokar\\\/#primaryimage\",\"url\":\"https:\\\/\\\/i0.wp.com\\\/www.hangover.eu\\\/wp-content\\\/uploads\\\/kanthaengare-8-krokar-1.jpg?fit=805%2C1280&ssl=1\",\"contentUrl\":\"https:\\\/\\\/i0.wp.com\\\/www.hangover.eu\\\/wp-content\\\/uploads\\\/kanthaengare-8-krokar-1.jpg?fit=805%2C1280&ssl=1\",\"width\":805,\"height\":1280,\"caption\":\"H\u00e4ngare f\u00f6r kanter med 8 krokar\"},{\"@type\":\"BreadcrumbList\",\"@id\":\"https:\\\/\\\/www.hangover.eu\\\/sv\\\/produkt\\\/hangare-med-8-vaggkrokar\\\/#breadcrumb\",\"itemListElement\":[{\"@type\":\"ListItem\",\"position\":1,\"name\":\"Home\",\"item\":\"https:\\\/\\\/www.hangover.eu\\\/sv\\\/\"},{\"@type\":\"ListItem\",\"position\":2,\"name\":\"Produkter\",\"item\":\"https:\\\/\\\/www.hangover.eu\\\/sv\\\/shop\\\/\"},{\"@type\":\"ListItem\",\"position\":3,\"name\":\"Hang Over &#8211; kanth\u00e4ngare, 8 krokar\"}]},{\"@type\":\"WebSite\",\"@id\":\"https:\\\/\\\/www.hangover.eu\\\/sv\\\/#website\",\"url\":\"https:\\\/\\\/www.hangover.eu\\\/sv\\\/\",\"name\":\"Hang Over\",\"description\":\"Smartare och snyggare d\u00f6rrh\u00e4ngare\",\"publisher\":{\"@id\":\"https:\\\/\\\/www.hangover.eu\\\/sv\\\/#organization\"},\"potentialAction\":[{\"@type\":\"SearchAction\",\"target\":{\"@type\":\"EntryPoint\",\"urlTemplate\":\"https:\\\/\\\/www.hangover.eu\\\/sv\\\/?s={search_term_string}\"},\"query-input\":{\"@type\":\"PropertyValueSpecification\",\"valueRequired\":true,\"valueName\":\"search_term_string\"}}],\"inLanguage\":\"sv-SE\"},{\"@type\":\"Organization\",\"@id\":\"https:\\\/\\\/www.hangover.eu\\\/sv\\\/#organization\",\"name\":\"Hang Over\",\"url\":\"https:\\\/\\\/www.hangover.eu\\\/sv\\\/\",\"logo\":{\"@type\":\"ImageObject\",\"inLanguage\":\"sv-SE\",\"@id\":\"https:\\\/\\\/www.hangover.eu\\\/sv\\\/#\\\/schema\\\/logo\\\/image\\\/\",\"url\":\"https:\\\/\\\/i0.wp.com\\\/www.hangover.eu\\\/wp-content\\\/uploads\\\/cropped-ho_logo_highres-1.png?fit=1241%2C597&ssl=1\",\"contentUrl\":\"https:\\\/\\\/i0.wp.com\\\/www.hangover.eu\\\/wp-content\\\/uploads\\\/cropped-ho_logo_highres-1.png?fit=1241%2C597&ssl=1\",\"width\":1241,\"height\":597,\"caption\":\"Hang Over\"},\"image\":{\"@id\":\"https:\\\/\\\/www.hangover.eu\\\/sv\\\/#\\\/schema\\\/logo\\\/image\\\/\"},\"sameAs\":[\"https:\\\/\\\/www.facebook.com\\\/travelwaxer\"]}]}<\/script>\n<!-- \/ Yoast SEO plugin. -->","yoast_head_json":{"title":"V\u00e4ggkrokar f\u00f6r kant | Hang Over","description":"V\u00e4ggkrokar som enkelt skruvas upp \u00f6ver valfri kant, perfekt f\u00f6r sidan av en garderob. Tv\u00e5 rader med krokar och knoppar i borstat aluminium.","robots":{"index":"index","follow":"follow","max-snippet":"max-snippet:-1","max-image-preview":"max-image-preview:large","max-video-preview":"max-video-preview:-1"},"canonical":"https:\/\/www.hangover.eu\/sv\/produkt\/hangare-med-8-vaggkrokar\/","og_locale":"sv_SE","og_type":"article","og_title":"V\u00e4ggkrokar f\u00f6r kant | Hang Over","og_description":"V\u00e4ggkrokar som enkelt skruvas upp \u00f6ver valfri kant, perfekt f\u00f6r sidan av en garderob. Tv\u00e5 rader med krokar och knoppar i borstat aluminium.","og_url":"https:\/\/www.hangover.eu\/sv\/produkt\/hangare-med-8-vaggkrokar\/","og_site_name":"Hang Over","article_publisher":"https:\/\/www.facebook.com\/travelwaxer","article_modified_time":"2025-06-15T08:25:59+00:00","og_image":[{"width":805,"height":1280,"url":"https:\/\/i0.wp.com\/www.hangover.eu\/wp-content\/uploads\/kanthaengare-8-krokar-1.jpg?fit=805%2C1280&ssl=1","type":"image\/jpeg"}],"twitter_card":"summary_large_image","twitter_misc":{"Ber\u00e4knad l\u00e4stid":"2 minut"},"schema":{"@context":"https:\/\/schema.org","@graph":[{"@type":["WebPage","ItemPage"],"@id":"https:\/\/www.hangover.eu\/sv\/produkt\/hangare-med-8-vaggkrokar\/","url":"https:\/\/www.hangover.eu\/sv\/produkt\/hangare-med-8-vaggkrokar\/","name":"V\u00e4ggkrokar f\u00f6r kant | Hang Over","isPartOf":{"@id":"https:\/\/www.hangover.eu\/sv\/#website"},"primaryImageOfPage":{"@id":"https:\/\/www.hangover.eu\/sv\/produkt\/hangare-med-8-vaggkrokar\/#primaryimage"},"image":{"@id":"https:\/\/www.hangover.eu\/sv\/produkt\/hangare-med-8-vaggkrokar\/#primaryimage"},"thumbnailUrl":"https:\/\/i0.wp.com\/www.hangover.eu\/wp-content\/uploads\/kanthaengare-8-krokar-1.jpg?fit=805%2C1280&ssl=1","datePublished":"2018-05-29T15:19:12+00:00","dateModified":"2025-06-15T08:25:59+00:00","description":"V\u00e4ggkrokar som enkelt skruvas upp \u00f6ver valfri kant, perfekt f\u00f6r sidan av en garderob. Tv\u00e5 rader med krokar och knoppar i borstat aluminium.","breadcrumb":{"@id":"https:\/\/www.hangover.eu\/sv\/produkt\/hangare-med-8-vaggkrokar\/#breadcrumb"},"inLanguage":"sv-SE","potentialAction":[{"@type":"ReadAction","target":["https:\/\/www.hangover.eu\/sv\/produkt\/hangare-med-8-vaggkrokar\/"]}]},{"@type":"ImageObject","inLanguage":"sv-SE","@id":"https:\/\/www.hangover.eu\/sv\/produkt\/hangare-med-8-vaggkrokar\/#primaryimage","url":"https:\/\/i0.wp.com\/www.hangover.eu\/wp-content\/uploads\/kanthaengare-8-krokar-1.jpg?fit=805%2C1280&ssl=1","contentUrl":"https:\/\/i0.wp.com\/www.hangover.eu\/wp-content\/uploads\/kanthaengare-8-krokar-1.jpg?fit=805%2C1280&ssl=1","width":805,"height":1280,"caption":"H\u00e4ngare f\u00f6r kanter med 8 krokar"},{"@type":"BreadcrumbList","@id":"https:\/\/www.hangover.eu\/sv\/produkt\/hangare-med-8-vaggkrokar\/#breadcrumb","itemListElement":[{"@type":"ListItem","position":1,"name":"Home","item":"https:\/\/www.hangover.eu\/sv\/"},{"@type":"ListItem","position":2,"name":"Produkter","item":"https:\/\/www.hangover.eu\/sv\/shop\/"},{"@type":"ListItem","position":3,"name":"Hang Over &#8211; kanth\u00e4ngare, 8 krokar"}]},{"@type":"WebSite","@id":"https:\/\/www.hangover.eu\/sv\/#website","url":"https:\/\/www.hangover.eu\/sv\/","name":"Hang Over","description":"Smartare och snyggare d\u00f6rrh\u00e4ngare","publisher":{"@id":"https:\/\/www.hangover.eu\/sv\/#organization"},"potentialAction":[{"@type":"SearchAction","target":{"@type":"EntryPoint","urlTemplate":"https:\/\/www.hangover.eu\/sv\/?s={search_term_string}"},"query-input":{"@type":"PropertyValueSpecification","valueRequired":true,"valueName":"search_term_string"}}],"inLanguage":"sv-SE"},{"@type":"Organization","@id":"https:\/\/www.hangover.eu\/sv\/#organization","name":"Hang Over","url":"https:\/\/www.hangover.eu\/sv\/","logo":{"@type":"ImageObject","inLanguage":"sv-SE","@id":"https:\/\/www.hangover.eu\/sv\/#\/schema\/logo\/image\/","url":"https:\/\/i0.wp.com\/www.hangover.eu\/wp-content\/uploads\/cropped-ho_logo_highres-1.png?fit=1241%2C597&ssl=1","contentUrl":"https:\/\/i0.wp.com\/www.hangover.eu\/wp-content\/uploads\/cropped-ho_logo_highres-1.png?fit=1241%2C597&ssl=1","width":1241,"height":597,"caption":"Hang Over"},"image":{"@id":"https:\/\/www.hangover.eu\/sv\/#\/schema\/logo\/image\/"},"sameAs":["https:\/\/www.facebook.com\/travelwaxer"]}]}},"jetpack_sharing_enabled":true,"_links":{"self":[{"href":"https:\/\/www.hangover.eu\/sv\/wp-json\/wp\/v2\/product\/3077","targetHints":{"allow":["GET"]}}],"collection":[{"href":"https:\/\/www.hangover.eu\/sv\/wp-json\/wp\/v2\/product"}],"about":[{"href":"https:\/\/www.hangover.eu\/sv\/wp-json\/wp\/v2\/types\/product"}],"replies":[{"embeddable":true,"href":"https:\/\/www.hangover.eu\/sv\/wp-json\/wp\/v2\/comments?post=3077"}],"version-history":[{"count":10,"href":"https:\/\/www.hangover.eu\/sv\/wp-json\/wp\/v2\/product\/3077\/revisions"}],"predecessor-version":[{"id":7464,"href":"https:\/\/www.hangover.eu\/sv\/wp-json\/wp\/v2\/product\/3077\/revisions\/7464"}],"wp:featuredmedia":[{"embeddable":true,"href":"https:\/\/www.hangover.eu\/sv\/wp-json\/wp\/v2\/media\/3223"}],"wp:attachment":[{"href":"https:\/\/www.hangover.eu\/sv\/wp-json\/wp\/v2\/media?parent=3077"}],"wp:term":[{"taxonomy":"product_brand","embeddable":true,"href":"https:\/\/www.hangover.eu\/sv\/wp-json\/wp\/v2\/product_brand?post=3077"},{"taxonomy":"product_cat","embeddable":true,"href":"https:\/\/www.hangover.eu\/sv\/wp-json\/wp\/v2\/product_cat?post=3077"},{"taxonomy":"product_tag","embeddable":true,"href":"https:\/\/www.hangover.eu\/sv\/wp-json\/wp\/v2\/product_tag?post=3077"}],"curies":[{"name":"wp","href":"https:\/\/api.w.org\/{rel}","templated":true}]}}