{"id":2969,"date":"2018-05-29T13:16:27","date_gmt":"2018-05-29T13:16:27","guid":{"rendered":"https:\/\/www.hangover.eu\/?post_type=product&#038;p=2969"},"modified":"2025-06-15T08:21:47","modified_gmt":"2025-06-15T08:21:47","slug":"dorrhangare-med-8-krokar","status":"publish","type":"product","link":"https:\/\/www.hangover.eu\/sv\/produkt\/dorrhangare-med-8-krokar\/","title":{"rendered":"Hang Over &#8211; d\u00f6rrh\u00e4ngare, 8 krokar"},"content":{"rendered":"<p>Denna praktiska h\u00e4ngare erbjuder mer f\u00f6rvaring med en extra rad av d\u00f6rrkrokar. Ett perfekt s\u00e4tt att maximera utrymmet i ditt hem. Med tv\u00e5 rader av krokar kan du enkelt organisera och h\u00e4nga upp fler saker p\u00e5 din d\u00f6rr.<\/p>\n<p>Placera d\u00f6rrkrokarna p\u00e5 badrumsd\u00f6rren f\u00f6r att h\u00e5lla handdukarna p\u00e5 r\u00e4tt h\u00f6jd och alltid inom r\u00e4ckh\u00e5ll. Detta g\u00f6r din dagliga rutin smidigare och hj\u00e4lper till att h\u00e5lla ordning i badrummet. H\u00e4ngaren \u00e4r ocks\u00e5 idealiska f\u00f6r andra rum, som sovrummet eller hallen, d\u00e4r extra upph\u00e4ngning alltid beh\u00f6vs.<\/p>\n<p>H\u00e4ngaren som \u00e4r 42 mm, passar perfekt p\u00e5 standard\u00f6rrar som \u00e4r 40 mm tjocka. Den \u00e4r h\u00e4ngar upp och kan snabbt tas bort om det beh\u00f6vs. Denna l\u00f6sning \u00e4r perfekt f\u00f6r dig som vill utnyttja varje centimeter av ditt hem och skapa mer f\u00f6rvaringsutrymme p\u00e5 ett stilfullt och effektivt s\u00e4tt.<\/p>\n<p>Uppt\u00e4ck hur dessa d\u00f6rrkrokar kan f\u00f6rvandla ditt hem och ge dig den extra f\u00f6rvaringen du beh\u00f6ver!<\/p>\n<p>H\u00e4ngaren \u00e4r enkel att montera \u2013 endast en skruvmejsel kr\u00e4vs. De b\u00e5da pl\u00e5tarna h\u00e5lls samman med hj\u00e4lp av en skruv som forts\u00e4tter in i knoppen. Skruvarna p\u00e5 baksidan \u00e4r t\u00e4ckta av skyddande skumdynor f\u00f6r att f\u00f6rhindra repor och skador p\u00e5 d\u00f6rrytan. Montageinstruktioner hittar du p\u00e5 denna sida.<\/p>\n<p>H\u00e4ngaren finns i en kortare variant med <a href=\"https:\/\/www.hangover.eu\/sv\/produkt\/dorrhangare-med-4-krokar\/\">4<\/a> samt en l\u00e4ngre variant med <a href=\"https:\/\/www.hangover.eu\/sv\/produkt\/dorrhangare-med-12-krokar\/\">12<\/a> krokar.<\/p>\n","protected":false},"excerpt":{"rendered":"<p><strong>[title]<\/strong> \u00e4r en f\u00f6rl\u00e4ngning av den klassiska d\u00f6rrh\u00e4ngaren. H\u00e4ngaren har ytterligare en rad med krokar g\u00f6r att man kan utnyttja d\u00f6rren till mer f\u00f6rvaring. Perfekt att placera p\u00e5 badrumsd\u00f6rren s\u00e5 kommer handdukarna p\u00e5 r\u00e4tt h\u00f6jd.<\/p>\n","protected":false},"featured_media":7032,"comment_status":"open","ping_status":"closed","template":"","meta":{"footnotes":""},"product_brand":[343],"product_cat":[40],"product_tag":[102,106,103,112],"class_list":{"0":"post-2969","1":"product","2":"type-product","3":"status-publish","4":"has-post-thumbnail","6":"product_brand-hang-over-sv","7":"product_cat-dorrhangare","8":"product_tag-dorrhangare","9":"product_tag-dorrkrokar","10":"product_tag-hangare-for-dorrar","11":"product_tag-hangare-over-dorr","13":"first","14":"instock","15":"taxable","16":"shipping-taxable","17":"purchasable","18":"product-type-simple"},"yoast_head":"<!-- This site is optimized with the Yoast SEO plugin v27.6 - https:\/\/yoast.com\/product\/yoast-seo-wordpress\/ -->\n<title>D\u00f6rrkrokar med mer f\u00f6rvaring | Hang Over<\/title>\n<meta name=\"description\" content=\"D\u00f6rrkrokar med dubbel rad f\u00f6r extra f\u00f6rvaring. Perfekt f\u00f6r badrumsd\u00f6rren, s\u00e5 att handdukarna alltid \u00e4r p\u00e5 r\u00e4tt h\u00f6jd. Maximera ditt utrymme enkelt!\" \/>\n<meta name=\"robots\" content=\"index, follow, max-snippet:-1, max-image-preview:large, max-video-preview:-1\" \/>\n<link rel=\"canonical\" href=\"https:\/\/www.hangover.eu\/sv\/produkt\/dorrhangare-med-8-krokar\/\" \/>\n<meta property=\"og:locale\" content=\"sv_SE\" \/>\n<meta property=\"og:type\" content=\"article\" \/>\n<meta property=\"og:title\" content=\"D\u00f6rrkrokar med mer f\u00f6rvaring | Hang Over\" \/>\n<meta property=\"og:description\" content=\"D\u00f6rrkrokar med dubbel rad f\u00f6r extra f\u00f6rvaring. Perfekt f\u00f6r badrumsd\u00f6rren, s\u00e5 att handdukarna alltid \u00e4r p\u00e5 r\u00e4tt h\u00f6jd. Maximera ditt utrymme enkelt!\" \/>\n<meta property=\"og:url\" content=\"https:\/\/www.hangover.eu\/sv\/produkt\/dorrhangare-med-8-krokar\/\" \/>\n<meta property=\"og:site_name\" content=\"Hang Over\" \/>\n<meta property=\"article:publisher\" content=\"https:\/\/www.facebook.com\/travelwaxer\" \/>\n<meta property=\"article:modified_time\" content=\"2025-06-15T08:21:47+00:00\" \/>\n<meta property=\"og:image\" content=\"https:\/\/i0.wp.com\/www.hangover.eu\/wp-content\/uploads\/door-hanger-8-hooks.jpg?fit=754%2C1200&ssl=1\" \/>\n\t<meta property=\"og:image:width\" content=\"754\" \/>\n\t<meta property=\"og:image:height\" content=\"1200\" \/>\n\t<meta property=\"og:image:type\" content=\"image\/jpeg\" \/>\n<meta name=\"twitter:card\" content=\"summary_large_image\" \/>\n<meta name=\"twitter:label1\" content=\"Ber\u00e4knad l\u00e4stid\" \/>\n\t<meta name=\"twitter:data1\" content=\"2 minut\" \/>\n<script type=\"application\/ld+json\" class=\"yoast-schema-graph\">{\"@context\":\"https:\\\/\\\/schema.org\",\"@graph\":[{\"@type\":[\"WebPage\",\"ItemPage\"],\"@id\":\"https:\\\/\\\/www.hangover.eu\\\/sv\\\/produkt\\\/dorrhangare-med-8-krokar\\\/\",\"url\":\"https:\\\/\\\/www.hangover.eu\\\/sv\\\/produkt\\\/dorrhangare-med-8-krokar\\\/\",\"name\":\"D\u00f6rrkrokar med mer f\u00f6rvaring | Hang Over\",\"isPartOf\":{\"@id\":\"https:\\\/\\\/www.hangover.eu\\\/sv\\\/#website\"},\"primaryImageOfPage\":{\"@id\":\"https:\\\/\\\/www.hangover.eu\\\/sv\\\/produkt\\\/dorrhangare-med-8-krokar\\\/#primaryimage\"},\"image\":{\"@id\":\"https:\\\/\\\/www.hangover.eu\\\/sv\\\/produkt\\\/dorrhangare-med-8-krokar\\\/#primaryimage\"},\"thumbnailUrl\":\"https:\\\/\\\/i0.wp.com\\\/www.hangover.eu\\\/wp-content\\\/uploads\\\/door-hanger-8-hooks.jpg?fit=754%2C1200&ssl=1\",\"datePublished\":\"2018-05-29T13:16:27+00:00\",\"dateModified\":\"2025-06-15T08:21:47+00:00\",\"description\":\"D\u00f6rrkrokar med dubbel rad f\u00f6r extra f\u00f6rvaring. Perfekt f\u00f6r badrumsd\u00f6rren, s\u00e5 att handdukarna alltid \u00e4r p\u00e5 r\u00e4tt h\u00f6jd. Maximera ditt utrymme enkelt!\",\"breadcrumb\":{\"@id\":\"https:\\\/\\\/www.hangover.eu\\\/sv\\\/produkt\\\/dorrhangare-med-8-krokar\\\/#breadcrumb\"},\"inLanguage\":\"sv-SE\",\"potentialAction\":[{\"@type\":\"ReadAction\",\"target\":[\"https:\\\/\\\/www.hangover.eu\\\/sv\\\/produkt\\\/dorrhangare-med-8-krokar\\\/\"]}]},{\"@type\":\"ImageObject\",\"inLanguage\":\"sv-SE\",\"@id\":\"https:\\\/\\\/www.hangover.eu\\\/sv\\\/produkt\\\/dorrhangare-med-8-krokar\\\/#primaryimage\",\"url\":\"https:\\\/\\\/i0.wp.com\\\/www.hangover.eu\\\/wp-content\\\/uploads\\\/door-hanger-8-hooks.jpg?fit=754%2C1200&ssl=1\",\"contentUrl\":\"https:\\\/\\\/i0.wp.com\\\/www.hangover.eu\\\/wp-content\\\/uploads\\\/door-hanger-8-hooks.jpg?fit=754%2C1200&ssl=1\",\"width\":754,\"height\":1200,\"caption\":\"Door hanger, 8 hooks\"},{\"@type\":\"BreadcrumbList\",\"@id\":\"https:\\\/\\\/www.hangover.eu\\\/sv\\\/produkt\\\/dorrhangare-med-8-krokar\\\/#breadcrumb\",\"itemListElement\":[{\"@type\":\"ListItem\",\"position\":1,\"name\":\"Home\",\"item\":\"https:\\\/\\\/www.hangover.eu\\\/sv\\\/\"},{\"@type\":\"ListItem\",\"position\":2,\"name\":\"Produkter\",\"item\":\"https:\\\/\\\/www.hangover.eu\\\/sv\\\/shop\\\/\"},{\"@type\":\"ListItem\",\"position\":3,\"name\":\"Hang Over &#8211; d\u00f6rrh\u00e4ngare, 8 krokar\"}]},{\"@type\":\"WebSite\",\"@id\":\"https:\\\/\\\/www.hangover.eu\\\/sv\\\/#website\",\"url\":\"https:\\\/\\\/www.hangover.eu\\\/sv\\\/\",\"name\":\"Hang Over\",\"description\":\"Smartare och snyggare d\u00f6rrh\u00e4ngare\",\"publisher\":{\"@id\":\"https:\\\/\\\/www.hangover.eu\\\/sv\\\/#organization\"},\"potentialAction\":[{\"@type\":\"SearchAction\",\"target\":{\"@type\":\"EntryPoint\",\"urlTemplate\":\"https:\\\/\\\/www.hangover.eu\\\/sv\\\/?s={search_term_string}\"},\"query-input\":{\"@type\":\"PropertyValueSpecification\",\"valueRequired\":true,\"valueName\":\"search_term_string\"}}],\"inLanguage\":\"sv-SE\"},{\"@type\":\"Organization\",\"@id\":\"https:\\\/\\\/www.hangover.eu\\\/sv\\\/#organization\",\"name\":\"Hang Over\",\"url\":\"https:\\\/\\\/www.hangover.eu\\\/sv\\\/\",\"logo\":{\"@type\":\"ImageObject\",\"inLanguage\":\"sv-SE\",\"@id\":\"https:\\\/\\\/www.hangover.eu\\\/sv\\\/#\\\/schema\\\/logo\\\/image\\\/\",\"url\":\"https:\\\/\\\/i0.wp.com\\\/www.hangover.eu\\\/wp-content\\\/uploads\\\/cropped-ho_logo_highres-1.png?fit=1241%2C597&ssl=1\",\"contentUrl\":\"https:\\\/\\\/i0.wp.com\\\/www.hangover.eu\\\/wp-content\\\/uploads\\\/cropped-ho_logo_highres-1.png?fit=1241%2C597&ssl=1\",\"width\":1241,\"height\":597,\"caption\":\"Hang Over\"},\"image\":{\"@id\":\"https:\\\/\\\/www.hangover.eu\\\/sv\\\/#\\\/schema\\\/logo\\\/image\\\/\"},\"sameAs\":[\"https:\\\/\\\/www.facebook.com\\\/travelwaxer\"]}]}<\/script>\n<!-- \/ Yoast SEO plugin. -->","yoast_head_json":{"title":"D\u00f6rrkrokar med mer f\u00f6rvaring | Hang Over","description":"D\u00f6rrkrokar med dubbel rad f\u00f6r extra f\u00f6rvaring. Perfekt f\u00f6r badrumsd\u00f6rren, s\u00e5 att handdukarna alltid \u00e4r p\u00e5 r\u00e4tt h\u00f6jd. Maximera ditt utrymme enkelt!","robots":{"index":"index","follow":"follow","max-snippet":"max-snippet:-1","max-image-preview":"max-image-preview:large","max-video-preview":"max-video-preview:-1"},"canonical":"https:\/\/www.hangover.eu\/sv\/produkt\/dorrhangare-med-8-krokar\/","og_locale":"sv_SE","og_type":"article","og_title":"D\u00f6rrkrokar med mer f\u00f6rvaring | Hang Over","og_description":"D\u00f6rrkrokar med dubbel rad f\u00f6r extra f\u00f6rvaring. Perfekt f\u00f6r badrumsd\u00f6rren, s\u00e5 att handdukarna alltid \u00e4r p\u00e5 r\u00e4tt h\u00f6jd. Maximera ditt utrymme enkelt!","og_url":"https:\/\/www.hangover.eu\/sv\/produkt\/dorrhangare-med-8-krokar\/","og_site_name":"Hang Over","article_publisher":"https:\/\/www.facebook.com\/travelwaxer","article_modified_time":"2025-06-15T08:21:47+00:00","og_image":[{"width":754,"height":1200,"url":"https:\/\/i0.wp.com\/www.hangover.eu\/wp-content\/uploads\/door-hanger-8-hooks.jpg?fit=754%2C1200&ssl=1","type":"image\/jpeg"}],"twitter_card":"summary_large_image","twitter_misc":{"Ber\u00e4knad l\u00e4stid":"2 minut"},"schema":{"@context":"https:\/\/schema.org","@graph":[{"@type":["WebPage","ItemPage"],"@id":"https:\/\/www.hangover.eu\/sv\/produkt\/dorrhangare-med-8-krokar\/","url":"https:\/\/www.hangover.eu\/sv\/produkt\/dorrhangare-med-8-krokar\/","name":"D\u00f6rrkrokar med mer f\u00f6rvaring | Hang Over","isPartOf":{"@id":"https:\/\/www.hangover.eu\/sv\/#website"},"primaryImageOfPage":{"@id":"https:\/\/www.hangover.eu\/sv\/produkt\/dorrhangare-med-8-krokar\/#primaryimage"},"image":{"@id":"https:\/\/www.hangover.eu\/sv\/produkt\/dorrhangare-med-8-krokar\/#primaryimage"},"thumbnailUrl":"https:\/\/i0.wp.com\/www.hangover.eu\/wp-content\/uploads\/door-hanger-8-hooks.jpg?fit=754%2C1200&ssl=1","datePublished":"2018-05-29T13:16:27+00:00","dateModified":"2025-06-15T08:21:47+00:00","description":"D\u00f6rrkrokar med dubbel rad f\u00f6r extra f\u00f6rvaring. Perfekt f\u00f6r badrumsd\u00f6rren, s\u00e5 att handdukarna alltid \u00e4r p\u00e5 r\u00e4tt h\u00f6jd. Maximera ditt utrymme enkelt!","breadcrumb":{"@id":"https:\/\/www.hangover.eu\/sv\/produkt\/dorrhangare-med-8-krokar\/#breadcrumb"},"inLanguage":"sv-SE","potentialAction":[{"@type":"ReadAction","target":["https:\/\/www.hangover.eu\/sv\/produkt\/dorrhangare-med-8-krokar\/"]}]},{"@type":"ImageObject","inLanguage":"sv-SE","@id":"https:\/\/www.hangover.eu\/sv\/produkt\/dorrhangare-med-8-krokar\/#primaryimage","url":"https:\/\/i0.wp.com\/www.hangover.eu\/wp-content\/uploads\/door-hanger-8-hooks.jpg?fit=754%2C1200&ssl=1","contentUrl":"https:\/\/i0.wp.com\/www.hangover.eu\/wp-content\/uploads\/door-hanger-8-hooks.jpg?fit=754%2C1200&ssl=1","width":754,"height":1200,"caption":"Door hanger, 8 hooks"},{"@type":"BreadcrumbList","@id":"https:\/\/www.hangover.eu\/sv\/produkt\/dorrhangare-med-8-krokar\/#breadcrumb","itemListElement":[{"@type":"ListItem","position":1,"name":"Home","item":"https:\/\/www.hangover.eu\/sv\/"},{"@type":"ListItem","position":2,"name":"Produkter","item":"https:\/\/www.hangover.eu\/sv\/shop\/"},{"@type":"ListItem","position":3,"name":"Hang Over &#8211; d\u00f6rrh\u00e4ngare, 8 krokar"}]},{"@type":"WebSite","@id":"https:\/\/www.hangover.eu\/sv\/#website","url":"https:\/\/www.hangover.eu\/sv\/","name":"Hang Over","description":"Smartare och snyggare d\u00f6rrh\u00e4ngare","publisher":{"@id":"https:\/\/www.hangover.eu\/sv\/#organization"},"potentialAction":[{"@type":"SearchAction","target":{"@type":"EntryPoint","urlTemplate":"https:\/\/www.hangover.eu\/sv\/?s={search_term_string}"},"query-input":{"@type":"PropertyValueSpecification","valueRequired":true,"valueName":"search_term_string"}}],"inLanguage":"sv-SE"},{"@type":"Organization","@id":"https:\/\/www.hangover.eu\/sv\/#organization","name":"Hang Over","url":"https:\/\/www.hangover.eu\/sv\/","logo":{"@type":"ImageObject","inLanguage":"sv-SE","@id":"https:\/\/www.hangover.eu\/sv\/#\/schema\/logo\/image\/","url":"https:\/\/i0.wp.com\/www.hangover.eu\/wp-content\/uploads\/cropped-ho_logo_highres-1.png?fit=1241%2C597&ssl=1","contentUrl":"https:\/\/i0.wp.com\/www.hangover.eu\/wp-content\/uploads\/cropped-ho_logo_highres-1.png?fit=1241%2C597&ssl=1","width":1241,"height":597,"caption":"Hang Over"},"image":{"@id":"https:\/\/www.hangover.eu\/sv\/#\/schema\/logo\/image\/"},"sameAs":["https:\/\/www.facebook.com\/travelwaxer"]}]}},"jetpack_sharing_enabled":true,"_links":{"self":[{"href":"https:\/\/www.hangover.eu\/sv\/wp-json\/wp\/v2\/product\/2969","targetHints":{"allow":["GET"]}}],"collection":[{"href":"https:\/\/www.hangover.eu\/sv\/wp-json\/wp\/v2\/product"}],"about":[{"href":"https:\/\/www.hangover.eu\/sv\/wp-json\/wp\/v2\/types\/product"}],"replies":[{"embeddable":true,"href":"https:\/\/www.hangover.eu\/sv\/wp-json\/wp\/v2\/comments?post=2969"}],"version-history":[{"count":9,"href":"https:\/\/www.hangover.eu\/sv\/wp-json\/wp\/v2\/product\/2969\/revisions"}],"predecessor-version":[{"id":7456,"href":"https:\/\/www.hangover.eu\/sv\/wp-json\/wp\/v2\/product\/2969\/revisions\/7456"}],"wp:featuredmedia":[{"embeddable":true,"href":"https:\/\/www.hangover.eu\/sv\/wp-json\/wp\/v2\/media\/7032"}],"wp:attachment":[{"href":"https:\/\/www.hangover.eu\/sv\/wp-json\/wp\/v2\/media?parent=2969"}],"wp:term":[{"taxonomy":"product_brand","embeddable":true,"href":"https:\/\/www.hangover.eu\/sv\/wp-json\/wp\/v2\/product_brand?post=2969"},{"taxonomy":"product_cat","embeddable":true,"href":"https:\/\/www.hangover.eu\/sv\/wp-json\/wp\/v2\/product_cat?post=2969"},{"taxonomy":"product_tag","embeddable":true,"href":"https:\/\/www.hangover.eu\/sv\/wp-json\/wp\/v2\/product_tag?post=2969"}],"curies":[{"name":"wp","href":"https:\/\/api.w.org\/{rel}","templated":true}]}}