{"id":1568,"date":"2015-07-31T18:54:40","date_gmt":"2015-07-31T18:54:40","guid":{"rendered":"http:\/\/www.hangover.eu\/?post_type=product&#038;p=1568"},"modified":"2025-10-28T18:31:11","modified_gmt":"2025-10-28T18:31:11","slug":"kanthangare-med-12-krokar","status":"publish","type":"product","link":"https:\/\/www.hangover.eu\/sv\/produkt\/kanthangare-med-12-krokar\/","title":{"rendered":"Hang Over &#8211; kanth\u00e4ngare med 12 krokar"},"content":{"rendered":"<p>Skaffa plats f\u00f6r att h\u00e4nga upp kl\u00e4der du anv\u00e4nder ist\u00e4llet f\u00f6r att de hamnar p\u00e5 en stol. Denna kroklist kan skruvas upp \u00f6ver valfri kant. D\u00e4rf\u00f6r kallar vi den kanth\u00e4ngare. Den kan till exempel skruvas \u00f6ver sidan av din garderob i sovrummet. Ofta finns d\u00e4r en outnyttjad garderobssida som kan anv\u00e4ndas f\u00f6r f\u00f6rvaring. Det var s\u00e5 jag fick id\u00e9n till denna h\u00e4ngare! Skruvh\u00e5len kommer inte att synas efter\u00e5t. Du f\u00e5r hela tre rader med krokar f\u00f6r maximal f\u00f6rvaring.<\/p>\n<p>Egentligen \u00e4r det h\u00e4r inte bara en kroklist, utan tre som sitter p\u00e5 samma h\u00e4ngare. Det ger dig gott om plats f\u00f6r att organisera dina kl\u00e4der, v\u00e4skor eller andra tillbeh\u00f6r. De stilrena knopparna i vitt och borstat aluminium ger en modern touch och passar in i de flesta inredningsstilar. Oavsett om du beh\u00f6ver mer utrymme i sovrummet, hallen eller badrummet, kommer detta att vara en praktisk och estetisk l\u00f6sning.<\/p>\n<p>H\u00e4ngaren \u00e4r enkel att montera \u2013 endast en skruvmejsel kr\u00e4vs. De b\u00e5da pl\u00e5tarna h\u00e5lls samman med hj\u00e4lp av en skruv som forts\u00e4tter in i knoppen. Skruvarna p\u00e5 baksidan \u00e4r t\u00e4ckta av skyddande skumdynor f\u00f6r att f\u00f6rhindra repor och skador p\u00e5 d\u00f6rrytan. Montageinstruktioner hittar du p\u00e5 denna sida.<\/p>\n<p>H\u00e4ngaren har hela 12 krokar. Som alternativ finns h\u00e4ngaren med <a href=\"https:\/\/www.hangover.eu\/sv\/produkt\/kanthangare-med-4-krokar\/\">fyra<\/a> eller <a href=\"https:\/\/www.hangover.eu\/sv\/produkt\/haengare-med-8-vaeggkrokar\/\">\u00e5tta<\/a> krokar.<\/p>\n","protected":false},"excerpt":{"rendered":"<p>Utnyttja en garderobssida till upph\u00e4ngning av kl\u00e4der. Den h\u00e4r h\u00e4ngaren skruvar du fast ovanp\u00e5 gardroben. Den har hela tre rader med krokar. Stilren design i vitt med knoppar i aluminium.<\/p>\n","protected":false},"featured_media":6525,"comment_status":"open","ping_status":"closed","template":"","meta":{"footnotes":""},"product_brand":[343],"product_cat":[43],"product_tag":[108,109],"class_list":{"0":"post-1568","1":"product","2":"type-product","3":"status-publish","4":"has-post-thumbnail","6":"product_brand-hang-over-sv","7":"product_cat-kroklist-for-kanter","8":"product_tag-hangare-for-kanter","9":"product_tag-kanthangare","11":"first","12":"instock","13":"taxable","14":"shipping-taxable","15":"purchasable","16":"product-type-simple"},"yoast_head":"<!-- This site is optimized with the Yoast SEO plugin v27.5 - https:\/\/yoast.com\/product\/yoast-seo-wordpress\/ -->\n<title>Kroklist med 12 krokar | Hang Over<\/title>\n<meta name=\"description\" content=\"Skruva upp denna kroklist \u00f6ver valfri kant och undvik synliga skruvh\u00e5l. Tre rader med totalt 12 krokar, stilren vit design och knoppar i aluminium.\" \/>\n<meta name=\"robots\" content=\"index, follow, max-snippet:-1, max-image-preview:large, max-video-preview:-1\" \/>\n<link rel=\"canonical\" href=\"https:\/\/www.hangover.eu\/sv\/produkt\/kanthangare-med-12-krokar\/\" \/>\n<meta property=\"og:locale\" content=\"sv_SE\" \/>\n<meta property=\"og:type\" content=\"article\" \/>\n<meta property=\"og:title\" content=\"Kroklist med 12 krokar | Hang Over\" \/>\n<meta property=\"og:description\" content=\"Skruva upp denna kroklist \u00f6ver valfri kant och undvik synliga skruvh\u00e5l. Tre rader med totalt 12 krokar, stilren vit design och knoppar i aluminium.\" \/>\n<meta property=\"og:url\" content=\"https:\/\/www.hangover.eu\/sv\/produkt\/kanthangare-med-12-krokar\/\" \/>\n<meta property=\"og:site_name\" content=\"Hang Over\" \/>\n<meta property=\"article:publisher\" content=\"https:\/\/www.facebook.com\/travelwaxer\" \/>\n<meta property=\"article:modified_time\" content=\"2025-10-28T18:31:11+00:00\" \/>\n<meta property=\"og:image\" content=\"https:\/\/www.hangover.eu\/wp-content\/uploads\/hanger-for-edges-with-12-hooks.jpg\" \/>\n\t<meta property=\"og:image:width\" content=\"853\" \/>\n\t<meta property=\"og:image:height\" content=\"1280\" \/>\n\t<meta property=\"og:image:type\" content=\"image\/jpeg\" \/>\n<meta name=\"twitter:card\" content=\"summary_large_image\" \/>\n<meta name=\"twitter:label1\" content=\"Ber\u00e4knad l\u00e4stid\" \/>\n\t<meta name=\"twitter:data1\" content=\"2 minut\" \/>\n<script type=\"application\/ld+json\" class=\"yoast-schema-graph\">{\"@context\":\"https:\\\/\\\/schema.org\",\"@graph\":[{\"@type\":[\"WebPage\",\"ItemPage\"],\"@id\":\"https:\\\/\\\/www.hangover.eu\\\/sv\\\/produkt\\\/kanthangare-med-12-krokar\\\/\",\"url\":\"https:\\\/\\\/www.hangover.eu\\\/sv\\\/produkt\\\/kanthangare-med-12-krokar\\\/\",\"name\":\"Kroklist med 12 krokar | Hang Over\",\"isPartOf\":{\"@id\":\"https:\\\/\\\/www.hangover.eu\\\/sv\\\/#website\"},\"primaryImageOfPage\":{\"@id\":\"https:\\\/\\\/www.hangover.eu\\\/sv\\\/produkt\\\/kanthangare-med-12-krokar\\\/#primaryimage\"},\"image\":{\"@id\":\"https:\\\/\\\/www.hangover.eu\\\/sv\\\/produkt\\\/kanthangare-med-12-krokar\\\/#primaryimage\"},\"thumbnailUrl\":\"https:\\\/\\\/i0.wp.com\\\/www.hangover.eu\\\/wp-content\\\/uploads\\\/hanger-for-edges-with-12-hooks.jpg?fit=853%2C1280&ssl=1\",\"datePublished\":\"2015-07-31T18:54:40+00:00\",\"dateModified\":\"2025-10-28T18:31:11+00:00\",\"description\":\"Skruva upp denna kroklist \u00f6ver valfri kant och undvik synliga skruvh\u00e5l. Tre rader med totalt 12 krokar, stilren vit design och knoppar i aluminium.\",\"breadcrumb\":{\"@id\":\"https:\\\/\\\/www.hangover.eu\\\/sv\\\/produkt\\\/kanthangare-med-12-krokar\\\/#breadcrumb\"},\"inLanguage\":\"sv-SE\",\"potentialAction\":[{\"@type\":\"ReadAction\",\"target\":[\"https:\\\/\\\/www.hangover.eu\\\/sv\\\/produkt\\\/kanthangare-med-12-krokar\\\/\"]}]},{\"@type\":\"ImageObject\",\"inLanguage\":\"sv-SE\",\"@id\":\"https:\\\/\\\/www.hangover.eu\\\/sv\\\/produkt\\\/kanthangare-med-12-krokar\\\/#primaryimage\",\"url\":\"https:\\\/\\\/i0.wp.com\\\/www.hangover.eu\\\/wp-content\\\/uploads\\\/hanger-for-edges-with-12-hooks.jpg?fit=853%2C1280&ssl=1\",\"contentUrl\":\"https:\\\/\\\/i0.wp.com\\\/www.hangover.eu\\\/wp-content\\\/uploads\\\/hanger-for-edges-with-12-hooks.jpg?fit=853%2C1280&ssl=1\",\"width\":853,\"height\":1280,\"caption\":\"Kanth\u00e4ngare med 12 krokar\"},{\"@type\":\"BreadcrumbList\",\"@id\":\"https:\\\/\\\/www.hangover.eu\\\/sv\\\/produkt\\\/kanthangare-med-12-krokar\\\/#breadcrumb\",\"itemListElement\":[{\"@type\":\"ListItem\",\"position\":1,\"name\":\"Home\",\"item\":\"https:\\\/\\\/www.hangover.eu\\\/sv\\\/\"},{\"@type\":\"ListItem\",\"position\":2,\"name\":\"Produkter\",\"item\":\"https:\\\/\\\/www.hangover.eu\\\/sv\\\/shop\\\/\"},{\"@type\":\"ListItem\",\"position\":3,\"name\":\"Hang Over &#8211; kanth\u00e4ngare med 12 krokar\"}]},{\"@type\":\"WebSite\",\"@id\":\"https:\\\/\\\/www.hangover.eu\\\/sv\\\/#website\",\"url\":\"https:\\\/\\\/www.hangover.eu\\\/sv\\\/\",\"name\":\"Hang Over\",\"description\":\"Smartare och snyggare d\u00f6rrh\u00e4ngare\",\"publisher\":{\"@id\":\"https:\\\/\\\/www.hangover.eu\\\/sv\\\/#organization\"},\"potentialAction\":[{\"@type\":\"SearchAction\",\"target\":{\"@type\":\"EntryPoint\",\"urlTemplate\":\"https:\\\/\\\/www.hangover.eu\\\/sv\\\/?s={search_term_string}\"},\"query-input\":{\"@type\":\"PropertyValueSpecification\",\"valueRequired\":true,\"valueName\":\"search_term_string\"}}],\"inLanguage\":\"sv-SE\"},{\"@type\":\"Organization\",\"@id\":\"https:\\\/\\\/www.hangover.eu\\\/sv\\\/#organization\",\"name\":\"Hang Over\",\"url\":\"https:\\\/\\\/www.hangover.eu\\\/sv\\\/\",\"logo\":{\"@type\":\"ImageObject\",\"inLanguage\":\"sv-SE\",\"@id\":\"https:\\\/\\\/www.hangover.eu\\\/sv\\\/#\\\/schema\\\/logo\\\/image\\\/\",\"url\":\"https:\\\/\\\/i0.wp.com\\\/www.hangover.eu\\\/wp-content\\\/uploads\\\/cropped-ho_logo_highres-1.png?fit=1241%2C597&ssl=1\",\"contentUrl\":\"https:\\\/\\\/i0.wp.com\\\/www.hangover.eu\\\/wp-content\\\/uploads\\\/cropped-ho_logo_highres-1.png?fit=1241%2C597&ssl=1\",\"width\":1241,\"height\":597,\"caption\":\"Hang Over\"},\"image\":{\"@id\":\"https:\\\/\\\/www.hangover.eu\\\/sv\\\/#\\\/schema\\\/logo\\\/image\\\/\"},\"sameAs\":[\"https:\\\/\\\/www.facebook.com\\\/travelwaxer\"]}]}<\/script>\n<!-- \/ Yoast SEO plugin. -->","yoast_head_json":{"title":"Kroklist med 12 krokar | Hang Over","description":"Skruva upp denna kroklist \u00f6ver valfri kant och undvik synliga skruvh\u00e5l. Tre rader med totalt 12 krokar, stilren vit design och knoppar i aluminium.","robots":{"index":"index","follow":"follow","max-snippet":"max-snippet:-1","max-image-preview":"max-image-preview:large","max-video-preview":"max-video-preview:-1"},"canonical":"https:\/\/www.hangover.eu\/sv\/produkt\/kanthangare-med-12-krokar\/","og_locale":"sv_SE","og_type":"article","og_title":"Kroklist med 12 krokar | Hang Over","og_description":"Skruva upp denna kroklist \u00f6ver valfri kant och undvik synliga skruvh\u00e5l. Tre rader med totalt 12 krokar, stilren vit design och knoppar i aluminium.","og_url":"https:\/\/www.hangover.eu\/sv\/produkt\/kanthangare-med-12-krokar\/","og_site_name":"Hang Over","article_publisher":"https:\/\/www.facebook.com\/travelwaxer","article_modified_time":"2025-10-28T18:31:11+00:00","og_image":[{"width":853,"height":1280,"url":"https:\/\/www.hangover.eu\/wp-content\/uploads\/hanger-for-edges-with-12-hooks.jpg","type":"image\/jpeg"}],"twitter_card":"summary_large_image","twitter_misc":{"Ber\u00e4knad l\u00e4stid":"2 minut"},"schema":{"@context":"https:\/\/schema.org","@graph":[{"@type":["WebPage","ItemPage"],"@id":"https:\/\/www.hangover.eu\/sv\/produkt\/kanthangare-med-12-krokar\/","url":"https:\/\/www.hangover.eu\/sv\/produkt\/kanthangare-med-12-krokar\/","name":"Kroklist med 12 krokar | Hang Over","isPartOf":{"@id":"https:\/\/www.hangover.eu\/sv\/#website"},"primaryImageOfPage":{"@id":"https:\/\/www.hangover.eu\/sv\/produkt\/kanthangare-med-12-krokar\/#primaryimage"},"image":{"@id":"https:\/\/www.hangover.eu\/sv\/produkt\/kanthangare-med-12-krokar\/#primaryimage"},"thumbnailUrl":"https:\/\/i0.wp.com\/www.hangover.eu\/wp-content\/uploads\/hanger-for-edges-with-12-hooks.jpg?fit=853%2C1280&ssl=1","datePublished":"2015-07-31T18:54:40+00:00","dateModified":"2025-10-28T18:31:11+00:00","description":"Skruva upp denna kroklist \u00f6ver valfri kant och undvik synliga skruvh\u00e5l. Tre rader med totalt 12 krokar, stilren vit design och knoppar i aluminium.","breadcrumb":{"@id":"https:\/\/www.hangover.eu\/sv\/produkt\/kanthangare-med-12-krokar\/#breadcrumb"},"inLanguage":"sv-SE","potentialAction":[{"@type":"ReadAction","target":["https:\/\/www.hangover.eu\/sv\/produkt\/kanthangare-med-12-krokar\/"]}]},{"@type":"ImageObject","inLanguage":"sv-SE","@id":"https:\/\/www.hangover.eu\/sv\/produkt\/kanthangare-med-12-krokar\/#primaryimage","url":"https:\/\/i0.wp.com\/www.hangover.eu\/wp-content\/uploads\/hanger-for-edges-with-12-hooks.jpg?fit=853%2C1280&ssl=1","contentUrl":"https:\/\/i0.wp.com\/www.hangover.eu\/wp-content\/uploads\/hanger-for-edges-with-12-hooks.jpg?fit=853%2C1280&ssl=1","width":853,"height":1280,"caption":"Kanth\u00e4ngare med 12 krokar"},{"@type":"BreadcrumbList","@id":"https:\/\/www.hangover.eu\/sv\/produkt\/kanthangare-med-12-krokar\/#breadcrumb","itemListElement":[{"@type":"ListItem","position":1,"name":"Home","item":"https:\/\/www.hangover.eu\/sv\/"},{"@type":"ListItem","position":2,"name":"Produkter","item":"https:\/\/www.hangover.eu\/sv\/shop\/"},{"@type":"ListItem","position":3,"name":"Hang Over &#8211; kanth\u00e4ngare med 12 krokar"}]},{"@type":"WebSite","@id":"https:\/\/www.hangover.eu\/sv\/#website","url":"https:\/\/www.hangover.eu\/sv\/","name":"Hang Over","description":"Smartare och snyggare d\u00f6rrh\u00e4ngare","publisher":{"@id":"https:\/\/www.hangover.eu\/sv\/#organization"},"potentialAction":[{"@type":"SearchAction","target":{"@type":"EntryPoint","urlTemplate":"https:\/\/www.hangover.eu\/sv\/?s={search_term_string}"},"query-input":{"@type":"PropertyValueSpecification","valueRequired":true,"valueName":"search_term_string"}}],"inLanguage":"sv-SE"},{"@type":"Organization","@id":"https:\/\/www.hangover.eu\/sv\/#organization","name":"Hang Over","url":"https:\/\/www.hangover.eu\/sv\/","logo":{"@type":"ImageObject","inLanguage":"sv-SE","@id":"https:\/\/www.hangover.eu\/sv\/#\/schema\/logo\/image\/","url":"https:\/\/i0.wp.com\/www.hangover.eu\/wp-content\/uploads\/cropped-ho_logo_highres-1.png?fit=1241%2C597&ssl=1","contentUrl":"https:\/\/i0.wp.com\/www.hangover.eu\/wp-content\/uploads\/cropped-ho_logo_highres-1.png?fit=1241%2C597&ssl=1","width":1241,"height":597,"caption":"Hang Over"},"image":{"@id":"https:\/\/www.hangover.eu\/sv\/#\/schema\/logo\/image\/"},"sameAs":["https:\/\/www.facebook.com\/travelwaxer"]}]}},"jetpack_sharing_enabled":true,"_links":{"self":[{"href":"https:\/\/www.hangover.eu\/sv\/wp-json\/wp\/v2\/product\/1568","targetHints":{"allow":["GET"]}}],"collection":[{"href":"https:\/\/www.hangover.eu\/sv\/wp-json\/wp\/v2\/product"}],"about":[{"href":"https:\/\/www.hangover.eu\/sv\/wp-json\/wp\/v2\/types\/product"}],"replies":[{"embeddable":true,"href":"https:\/\/www.hangover.eu\/sv\/wp-json\/wp\/v2\/comments?post=1568"}],"version-history":[{"count":8,"href":"https:\/\/www.hangover.eu\/sv\/wp-json\/wp\/v2\/product\/1568\/revisions"}],"predecessor-version":[{"id":7630,"href":"https:\/\/www.hangover.eu\/sv\/wp-json\/wp\/v2\/product\/1568\/revisions\/7630"}],"wp:featuredmedia":[{"embeddable":true,"href":"https:\/\/www.hangover.eu\/sv\/wp-json\/wp\/v2\/media\/6525"}],"wp:attachment":[{"href":"https:\/\/www.hangover.eu\/sv\/wp-json\/wp\/v2\/media?parent=1568"}],"wp:term":[{"taxonomy":"product_brand","embeddable":true,"href":"https:\/\/www.hangover.eu\/sv\/wp-json\/wp\/v2\/product_brand?post=1568"},{"taxonomy":"product_cat","embeddable":true,"href":"https:\/\/www.hangover.eu\/sv\/wp-json\/wp\/v2\/product_cat?post=1568"},{"taxonomy":"product_tag","embeddable":true,"href":"https:\/\/www.hangover.eu\/sv\/wp-json\/wp\/v2\/product_tag?post=1568"}],"curies":[{"name":"wp","href":"https:\/\/api.w.org\/{rel}","templated":true}]}}