{"id":1563,"date":"2015-07-31T18:49:42","date_gmt":"2015-07-31T18:49:42","guid":{"rendered":"http:\/\/www.hangover.eu\/?post_type=product&#038;p=1563"},"modified":"2026-02-28T10:24:34","modified_gmt":"2026-02-28T10:24:34","slug":"hangare-garderobsdorr-med-12-krokar","status":"publish","type":"product","link":"https:\/\/www.hangover.eu\/sv\/produkt\/hangare-garderobsdorr-med-12-krokar\/","title":{"rendered":"Hang Over &#8211; h\u00e4ngare garderobsd\u00f6rr, 12 krokar"},"content":{"rendered":"<p>Letar du efter ett smart s\u00e4tt att skaffa mer f\u00f6rvaringsutrymme? D\u00e5 \u00e4r denna h\u00e4ngare f\u00f6r garderobsd\u00f6rr den perfekta l\u00f6sningen f\u00f6r dig! Denna praktiska h\u00e4ngare \u00e4r designad f\u00f6r att placeras p\u00e5 en garderobsd\u00f6rr och utnyttjar d\u00f6rrens yta p\u00e5 b\u00e4sta m\u00f6jliga s\u00e4tt. Med en upph\u00e4ngningsbredd p\u00e5 20 mm passar den standardgarderobsd\u00f6rrar som \u00e4r 16 mm tjocka.<\/p>\n<p>H\u00e4ngaren \u00e4r pulverlackad i en stilren vit f\u00e4rg som sm\u00e4lter in i vilken inredning som helst. Knopparna i borstat aluminium ger en modern och elegant touch. Du kan h\u00e4nga upp kl\u00e4der, v\u00e4skor och accessoarer som du anv\u00e4nder och de slipper hamna p\u00e5 en stol. Med tre rader av krokar kan sm\u00e5 barn enkelt h\u00e4ngar upp sin jacka p\u00e5 den nedersta raden.   <\/p>\n<p>Uppgradera din f\u00f6rvaring idag med denna smarta och stilrena l\u00f6sning och uppt\u00e4ck hur mycket extra utrymme du kan f\u00e5 med en h\u00e4ngare f\u00f6r garderobsd\u00f6rrar!<\/p>\n<p>H\u00e4ngaren \u00e4r enkel att montera \u2013 endast en skruvmejsel kr\u00e4vs. De b\u00e5da pl\u00e5tarna h\u00e5lls samman med hj\u00e4lp av en skruv som forts\u00e4tter in i knoppen. Skruvarna p\u00e5 baksidan \u00e4r t\u00e4ckta av skyddande skumdynor f\u00f6r att f\u00f6rhindra repor och skador p\u00e5 d\u00f6rrytan. Montageinstruktioner hittar du p\u00e5 denna sida.<\/p>\n<p>Denna h\u00e4ngare f\u00f6r garderobsd\u00f6rr finns \u00e4ven i tv\u00e5 kortare varianter &#8211; med <a href=\"https:\/\/www.hangover.eu\/sv\/produkt\/haengare-foer-smal-doerr-med-4-krokar\/\">4<\/a> och <a href=\"https:\/\/www.hangover.eu\/sv\/produkt\/krok-oever-doerr-med-8-krokar\/\">8<\/a> krokar.<\/p>\n","protected":false},"excerpt":{"rendered":"<p><strong>[title]<\/strong> kan du h\u00e4nga \u00f6ver en garderobsd\u00f6rr och utnyttja den maximalt f\u00f6r f\u00f6rvaring. Upph\u00e4ngningen har en bredd p\u00e5 20 mm s\u00e5 den passar standardgarderobsd\u00f6rrar som \u00e4r 16 mm tjocka. Pulverlackad i vitt och knoppar i borstat aluminium. <\/p>\n","protected":false},"featured_media":6471,"comment_status":"open","ping_status":"closed","template":"","meta":{"footnotes":""},"product_brand":[343],"product_cat":[42],"product_tag":[106],"class_list":{"0":"post-1563","1":"product","2":"type-product","3":"status-publish","4":"has-post-thumbnail","6":"product_brand-hang-over-sv","7":"product_cat-hangare-for-dorr","8":"product_tag-dorrkrokar","10":"first","11":"instock","12":"taxable","13":"shipping-taxable","14":"purchasable","15":"product-type-simple"},"yoast_head":"<!-- This site is optimized with the Yoast SEO plugin v27.5 - https:\/\/yoast.com\/product\/yoast-seo-wordpress\/ -->\n<title>H\u00e4ngare garderobsd\u00f6rr | Hang Over<\/title>\n<meta name=\"description\" content=\"Praktisk h\u00e4ngare f\u00f6r garderobsd\u00f6rr, maximerar f\u00f6rvaring med m\u00e5nga krokar. Pulverlackad vit med knoppar i borstat aluminium.\" \/>\n<meta name=\"robots\" content=\"index, follow, max-snippet:-1, max-image-preview:large, max-video-preview:-1\" \/>\n<link rel=\"canonical\" href=\"https:\/\/www.hangover.eu\/sv\/produkt\/hangare-garderobsdorr-med-12-krokar\/\" \/>\n<meta property=\"og:locale\" content=\"sv_SE\" \/>\n<meta property=\"og:type\" content=\"article\" \/>\n<meta property=\"og:title\" content=\"H\u00e4ngare garderobsd\u00f6rr | Hang Over\" \/>\n<meta property=\"og:description\" content=\"Praktisk h\u00e4ngare f\u00f6r garderobsd\u00f6rr, maximerar f\u00f6rvaring med m\u00e5nga krokar. Pulverlackad vit med knoppar i borstat aluminium.\" \/>\n<meta property=\"og:url\" content=\"https:\/\/www.hangover.eu\/sv\/produkt\/hangare-garderobsdorr-med-12-krokar\/\" \/>\n<meta property=\"og:site_name\" content=\"Hang Over\" \/>\n<meta property=\"article:publisher\" content=\"https:\/\/www.facebook.com\/travelwaxer\" \/>\n<meta property=\"article:modified_time\" content=\"2026-02-28T10:24:34+00:00\" \/>\n<meta property=\"og:image\" content=\"https:\/\/i0.wp.com\/www.hangover.eu\/wp-content\/uploads\/haengare-for-garderobsdoerr-12-krokar-3.jpg?fit=853%2C1280&ssl=1\" \/>\n\t<meta property=\"og:image:width\" content=\"853\" \/>\n\t<meta property=\"og:image:height\" content=\"1280\" \/>\n\t<meta property=\"og:image:type\" content=\"image\/jpeg\" \/>\n<meta name=\"twitter:card\" content=\"summary_large_image\" \/>\n<meta name=\"twitter:label1\" content=\"Ber\u00e4knad l\u00e4stid\" \/>\n\t<meta name=\"twitter:data1\" content=\"2 minut\" \/>\n<script type=\"application\/ld+json\" class=\"yoast-schema-graph\">{\"@context\":\"https:\\\/\\\/schema.org\",\"@graph\":[{\"@type\":[\"WebPage\",\"ItemPage\"],\"@id\":\"https:\\\/\\\/www.hangover.eu\\\/sv\\\/produkt\\\/hangare-garderobsdorr-med-12-krokar\\\/\",\"url\":\"https:\\\/\\\/www.hangover.eu\\\/sv\\\/produkt\\\/hangare-garderobsdorr-med-12-krokar\\\/\",\"name\":\"H\u00e4ngare garderobsd\u00f6rr | Hang Over\",\"isPartOf\":{\"@id\":\"https:\\\/\\\/www.hangover.eu\\\/sv\\\/#website\"},\"primaryImageOfPage\":{\"@id\":\"https:\\\/\\\/www.hangover.eu\\\/sv\\\/produkt\\\/hangare-garderobsdorr-med-12-krokar\\\/#primaryimage\"},\"image\":{\"@id\":\"https:\\\/\\\/www.hangover.eu\\\/sv\\\/produkt\\\/hangare-garderobsdorr-med-12-krokar\\\/#primaryimage\"},\"thumbnailUrl\":\"https:\\\/\\\/i0.wp.com\\\/www.hangover.eu\\\/wp-content\\\/uploads\\\/haengare-for-garderobsdoerr-12-krokar-3.jpg?fit=853%2C1280&ssl=1\",\"datePublished\":\"2015-07-31T18:49:42+00:00\",\"dateModified\":\"2026-02-28T10:24:34+00:00\",\"description\":\"Praktisk h\u00e4ngare f\u00f6r garderobsd\u00f6rr, maximerar f\u00f6rvaring med m\u00e5nga krokar. Pulverlackad vit med knoppar i borstat aluminium.\",\"breadcrumb\":{\"@id\":\"https:\\\/\\\/www.hangover.eu\\\/sv\\\/produkt\\\/hangare-garderobsdorr-med-12-krokar\\\/#breadcrumb\"},\"inLanguage\":\"sv-SE\",\"potentialAction\":[{\"@type\":\"ReadAction\",\"target\":[\"https:\\\/\\\/www.hangover.eu\\\/sv\\\/produkt\\\/hangare-garderobsdorr-med-12-krokar\\\/\"]}]},{\"@type\":\"ImageObject\",\"inLanguage\":\"sv-SE\",\"@id\":\"https:\\\/\\\/www.hangover.eu\\\/sv\\\/produkt\\\/hangare-garderobsdorr-med-12-krokar\\\/#primaryimage\",\"url\":\"https:\\\/\\\/i0.wp.com\\\/www.hangover.eu\\\/wp-content\\\/uploads\\\/haengare-for-garderobsdoerr-12-krokar-3.jpg?fit=853%2C1280&ssl=1\",\"contentUrl\":\"https:\\\/\\\/i0.wp.com\\\/www.hangover.eu\\\/wp-content\\\/uploads\\\/haengare-for-garderobsdoerr-12-krokar-3.jpg?fit=853%2C1280&ssl=1\",\"width\":853,\"height\":1280,\"caption\":\"Garderobsd\u00f6rrh\u00e4ngare med 12 krokar\"},{\"@type\":\"BreadcrumbList\",\"@id\":\"https:\\\/\\\/www.hangover.eu\\\/sv\\\/produkt\\\/hangare-garderobsdorr-med-12-krokar\\\/#breadcrumb\",\"itemListElement\":[{\"@type\":\"ListItem\",\"position\":1,\"name\":\"Home\",\"item\":\"https:\\\/\\\/www.hangover.eu\\\/sv\\\/\"},{\"@type\":\"ListItem\",\"position\":2,\"name\":\"Produkter\",\"item\":\"https:\\\/\\\/www.hangover.eu\\\/sv\\\/shop\\\/\"},{\"@type\":\"ListItem\",\"position\":3,\"name\":\"Hang Over &#8211; h\u00e4ngare garderobsd\u00f6rr, 12 krokar\"}]},{\"@type\":\"WebSite\",\"@id\":\"https:\\\/\\\/www.hangover.eu\\\/sv\\\/#website\",\"url\":\"https:\\\/\\\/www.hangover.eu\\\/sv\\\/\",\"name\":\"Hang Over\",\"description\":\"Smartare och snyggare d\u00f6rrh\u00e4ngare\",\"publisher\":{\"@id\":\"https:\\\/\\\/www.hangover.eu\\\/sv\\\/#organization\"},\"potentialAction\":[{\"@type\":\"SearchAction\",\"target\":{\"@type\":\"EntryPoint\",\"urlTemplate\":\"https:\\\/\\\/www.hangover.eu\\\/sv\\\/?s={search_term_string}\"},\"query-input\":{\"@type\":\"PropertyValueSpecification\",\"valueRequired\":true,\"valueName\":\"search_term_string\"}}],\"inLanguage\":\"sv-SE\"},{\"@type\":\"Organization\",\"@id\":\"https:\\\/\\\/www.hangover.eu\\\/sv\\\/#organization\",\"name\":\"Hang Over\",\"url\":\"https:\\\/\\\/www.hangover.eu\\\/sv\\\/\",\"logo\":{\"@type\":\"ImageObject\",\"inLanguage\":\"sv-SE\",\"@id\":\"https:\\\/\\\/www.hangover.eu\\\/sv\\\/#\\\/schema\\\/logo\\\/image\\\/\",\"url\":\"https:\\\/\\\/i0.wp.com\\\/www.hangover.eu\\\/wp-content\\\/uploads\\\/cropped-ho_logo_highres-1.png?fit=1241%2C597&ssl=1\",\"contentUrl\":\"https:\\\/\\\/i0.wp.com\\\/www.hangover.eu\\\/wp-content\\\/uploads\\\/cropped-ho_logo_highres-1.png?fit=1241%2C597&ssl=1\",\"width\":1241,\"height\":597,\"caption\":\"Hang Over\"},\"image\":{\"@id\":\"https:\\\/\\\/www.hangover.eu\\\/sv\\\/#\\\/schema\\\/logo\\\/image\\\/\"},\"sameAs\":[\"https:\\\/\\\/www.facebook.com\\\/travelwaxer\"]}]}<\/script>\n<!-- \/ Yoast SEO plugin. -->","yoast_head_json":{"title":"H\u00e4ngare garderobsd\u00f6rr | Hang Over","description":"Praktisk h\u00e4ngare f\u00f6r garderobsd\u00f6rr, maximerar f\u00f6rvaring med m\u00e5nga krokar. Pulverlackad vit med knoppar i borstat aluminium.","robots":{"index":"index","follow":"follow","max-snippet":"max-snippet:-1","max-image-preview":"max-image-preview:large","max-video-preview":"max-video-preview:-1"},"canonical":"https:\/\/www.hangover.eu\/sv\/produkt\/hangare-garderobsdorr-med-12-krokar\/","og_locale":"sv_SE","og_type":"article","og_title":"H\u00e4ngare garderobsd\u00f6rr | Hang Over","og_description":"Praktisk h\u00e4ngare f\u00f6r garderobsd\u00f6rr, maximerar f\u00f6rvaring med m\u00e5nga krokar. Pulverlackad vit med knoppar i borstat aluminium.","og_url":"https:\/\/www.hangover.eu\/sv\/produkt\/hangare-garderobsdorr-med-12-krokar\/","og_site_name":"Hang Over","article_publisher":"https:\/\/www.facebook.com\/travelwaxer","article_modified_time":"2026-02-28T10:24:34+00:00","og_image":[{"width":853,"height":1280,"url":"https:\/\/i0.wp.com\/www.hangover.eu\/wp-content\/uploads\/haengare-for-garderobsdoerr-12-krokar-3.jpg?fit=853%2C1280&ssl=1","type":"image\/jpeg"}],"twitter_card":"summary_large_image","twitter_misc":{"Ber\u00e4knad l\u00e4stid":"2 minut"},"schema":{"@context":"https:\/\/schema.org","@graph":[{"@type":["WebPage","ItemPage"],"@id":"https:\/\/www.hangover.eu\/sv\/produkt\/hangare-garderobsdorr-med-12-krokar\/","url":"https:\/\/www.hangover.eu\/sv\/produkt\/hangare-garderobsdorr-med-12-krokar\/","name":"H\u00e4ngare garderobsd\u00f6rr | Hang Over","isPartOf":{"@id":"https:\/\/www.hangover.eu\/sv\/#website"},"primaryImageOfPage":{"@id":"https:\/\/www.hangover.eu\/sv\/produkt\/hangare-garderobsdorr-med-12-krokar\/#primaryimage"},"image":{"@id":"https:\/\/www.hangover.eu\/sv\/produkt\/hangare-garderobsdorr-med-12-krokar\/#primaryimage"},"thumbnailUrl":"https:\/\/i0.wp.com\/www.hangover.eu\/wp-content\/uploads\/haengare-for-garderobsdoerr-12-krokar-3.jpg?fit=853%2C1280&ssl=1","datePublished":"2015-07-31T18:49:42+00:00","dateModified":"2026-02-28T10:24:34+00:00","description":"Praktisk h\u00e4ngare f\u00f6r garderobsd\u00f6rr, maximerar f\u00f6rvaring med m\u00e5nga krokar. Pulverlackad vit med knoppar i borstat aluminium.","breadcrumb":{"@id":"https:\/\/www.hangover.eu\/sv\/produkt\/hangare-garderobsdorr-med-12-krokar\/#breadcrumb"},"inLanguage":"sv-SE","potentialAction":[{"@type":"ReadAction","target":["https:\/\/www.hangover.eu\/sv\/produkt\/hangare-garderobsdorr-med-12-krokar\/"]}]},{"@type":"ImageObject","inLanguage":"sv-SE","@id":"https:\/\/www.hangover.eu\/sv\/produkt\/hangare-garderobsdorr-med-12-krokar\/#primaryimage","url":"https:\/\/i0.wp.com\/www.hangover.eu\/wp-content\/uploads\/haengare-for-garderobsdoerr-12-krokar-3.jpg?fit=853%2C1280&ssl=1","contentUrl":"https:\/\/i0.wp.com\/www.hangover.eu\/wp-content\/uploads\/haengare-for-garderobsdoerr-12-krokar-3.jpg?fit=853%2C1280&ssl=1","width":853,"height":1280,"caption":"Garderobsd\u00f6rrh\u00e4ngare med 12 krokar"},{"@type":"BreadcrumbList","@id":"https:\/\/www.hangover.eu\/sv\/produkt\/hangare-garderobsdorr-med-12-krokar\/#breadcrumb","itemListElement":[{"@type":"ListItem","position":1,"name":"Home","item":"https:\/\/www.hangover.eu\/sv\/"},{"@type":"ListItem","position":2,"name":"Produkter","item":"https:\/\/www.hangover.eu\/sv\/shop\/"},{"@type":"ListItem","position":3,"name":"Hang Over &#8211; h\u00e4ngare garderobsd\u00f6rr, 12 krokar"}]},{"@type":"WebSite","@id":"https:\/\/www.hangover.eu\/sv\/#website","url":"https:\/\/www.hangover.eu\/sv\/","name":"Hang Over","description":"Smartare och snyggare d\u00f6rrh\u00e4ngare","publisher":{"@id":"https:\/\/www.hangover.eu\/sv\/#organization"},"potentialAction":[{"@type":"SearchAction","target":{"@type":"EntryPoint","urlTemplate":"https:\/\/www.hangover.eu\/sv\/?s={search_term_string}"},"query-input":{"@type":"PropertyValueSpecification","valueRequired":true,"valueName":"search_term_string"}}],"inLanguage":"sv-SE"},{"@type":"Organization","@id":"https:\/\/www.hangover.eu\/sv\/#organization","name":"Hang Over","url":"https:\/\/www.hangover.eu\/sv\/","logo":{"@type":"ImageObject","inLanguage":"sv-SE","@id":"https:\/\/www.hangover.eu\/sv\/#\/schema\/logo\/image\/","url":"https:\/\/i0.wp.com\/www.hangover.eu\/wp-content\/uploads\/cropped-ho_logo_highres-1.png?fit=1241%2C597&ssl=1","contentUrl":"https:\/\/i0.wp.com\/www.hangover.eu\/wp-content\/uploads\/cropped-ho_logo_highres-1.png?fit=1241%2C597&ssl=1","width":1241,"height":597,"caption":"Hang Over"},"image":{"@id":"https:\/\/www.hangover.eu\/sv\/#\/schema\/logo\/image\/"},"sameAs":["https:\/\/www.facebook.com\/travelwaxer"]}]}},"jetpack_sharing_enabled":true,"_links":{"self":[{"href":"https:\/\/www.hangover.eu\/sv\/wp-json\/wp\/v2\/product\/1563","targetHints":{"allow":["GET"]}}],"collection":[{"href":"https:\/\/www.hangover.eu\/sv\/wp-json\/wp\/v2\/product"}],"about":[{"href":"https:\/\/www.hangover.eu\/sv\/wp-json\/wp\/v2\/types\/product"}],"replies":[{"embeddable":true,"href":"https:\/\/www.hangover.eu\/sv\/wp-json\/wp\/v2\/comments?post=1563"}],"version-history":[{"count":9,"href":"https:\/\/www.hangover.eu\/sv\/wp-json\/wp\/v2\/product\/1563\/revisions"}],"predecessor-version":[{"id":7461,"href":"https:\/\/www.hangover.eu\/sv\/wp-json\/wp\/v2\/product\/1563\/revisions\/7461"}],"wp:featuredmedia":[{"embeddable":true,"href":"https:\/\/www.hangover.eu\/sv\/wp-json\/wp\/v2\/media\/6471"}],"wp:attachment":[{"href":"https:\/\/www.hangover.eu\/sv\/wp-json\/wp\/v2\/media?parent=1563"}],"wp:term":[{"taxonomy":"product_brand","embeddable":true,"href":"https:\/\/www.hangover.eu\/sv\/wp-json\/wp\/v2\/product_brand?post=1563"},{"taxonomy":"product_cat","embeddable":true,"href":"https:\/\/www.hangover.eu\/sv\/wp-json\/wp\/v2\/product_cat?post=1563"},{"taxonomy":"product_tag","embeddable":true,"href":"https:\/\/www.hangover.eu\/sv\/wp-json\/wp\/v2\/product_tag?post=1563"}],"curies":[{"name":"wp","href":"https:\/\/api.w.org\/{rel}","templated":true}]}}