{"id":5208,"date":"2022-06-02T08:31:48","date_gmt":"2022-06-02T08:31:48","guid":{"rendered":"https:\/\/www.hangover.eu\/?page_id=5208"},"modified":"2024-01-06T13:49:08","modified_gmt":"2024-01-06T13:49:08","slug":"dorrhangare-barn","status":"publish","type":"page","link":"https:\/\/www.hangover.eu\/sv\/dorrhangare-barn\/","title":{"rendered":"D\u00f6rrh\u00e4ngare Barn"},"content":{"rendered":"<h2><\/h2>\n<h2>Olika storlekar p\u00e5 d\u00f6rrh\u00e4ngare till barn<\/h2>\n<p>D\u00f6rrh\u00e4ngare barn kan du h\u00e4nga p\u00e5 alla d\u00f6rrar med tjockleken 35 &#8211; 42 mm. h\u00e4ngarna \u00e4r 40 cm breda.<br \/>\nBeroende p\u00e5 hur stort ditt barn \u00e4r och hur m\u00e5nga krokar du vill ha s\u00e5 finns det 3 olika d\u00f6rrh\u00e4ngare &amp; kl\u00e4dh\u00e4ngare.<\/p>\n<ul>\n<li>3-niv\u00e5 h\u00e4ngaren \u00e4r 95 cm l\u00e5ng och g\u00e5r l\u00e5ngt ned p\u00e5 d\u00f6rren s\u00e5 de flesta barn n\u00e5r upp och kan h\u00e4nga upp sina kl\u00e4der, v\u00e4skor eller andra saker p\u00e5 krokarna l\u00e4ngst ned utan problem. Det finns 12 kl\u00e4dkrokar p\u00e5 denna d\u00f6rrh\u00e4ngare.<\/li>\n<li>2-niv\u00e5 h\u00e4ngaren \u00e4r 60 cm l\u00e5ng och har 8 st kl\u00e4dkrokar. Mellanstora barn n\u00e5r l\u00e4tt upp till krokarna.<\/li>\n<li>1-niv\u00e5 h\u00e4ngaren \u00e4r 12 cm l\u00e5ng och har 4st kl\u00e4dkrokar och h\u00e4r kr\u00e4vs det st\u00f6rre eller vuxna barn f\u00f6r att n\u00e5 upp.<\/li>\n<\/ul>\n<h2>D\u00f6rrh\u00e4ngare \u00e4r en perfekt f\u00f6rvaringsl\u00f6sning till barnets rum<\/h2>\n<p>Praktiska kl\u00e4d- &amp; d\u00f6rrh\u00e4ngare till barnrummet som man enkelt h\u00e4nger \u00f6ver d\u00f6rrens kant. Kl\u00e4dh\u00e4ngaren \u00e4r perfekt om man beh\u00f6ver fler kl\u00e4dkrokar och mer f\u00f6rvaringsplats i barnets rum. Du frig\u00f6r ytor fr\u00e5n golvet och m\u00f6blerna n\u00e4r ditt barn v\u00e4l l\u00e4r sig att h\u00e4nga upp kl\u00e4derna p\u00e5 d\u00f6rrh\u00e4ngaren ist\u00e4llet f\u00f6r att sl\u00e4nga dem p\u00e5 golvet. H\u00e4ngaren \u00e4r enkel att h\u00e4nga p\u00e5 plats och det blir inga fula m\u00e4rken eller h\u00e5l i v\u00e4ggen eller d\u00f6rren. Ist\u00e4llet f\u00f6r att ha en byr\u00e5 som tar plats eller skruva fast kl\u00e4dh\u00e4ngare p\u00e5 v\u00e4ggen s\u00e5 h\u00e4nger du snabbt och l\u00e4tt upp h\u00e4ngaren p\u00e5 d\u00f6rren. En d\u00f6rrh\u00e4ngare \u00e4r \u00e4ven en perfekt plats f\u00f6r barnet att h\u00e4nga upp sin skolv\u00e4ska st\u00e4llet f\u00f6r att den skall ligga i hallen eller sl\u00e4ngd p\u00e5 s\u00e4ngen i rummet.<\/p>\n<p>&nbsp;<\/p>\n<p><img data-recalc-dims=\"1\" loading=\"lazy\" decoding=\"async\" class=\"alignnone size-full wp-image-5212\" src=\"https:\/\/i0.wp.com\/www.hangover.eu\/wp-content\/uploads\/dorrhangare-barn-12krokar.png?resize=980%2C364&#038;ssl=1\" alt=\"D\u00f6rrh\u00e4ngare barn vit\" width=\"980\" height=\"364\" srcset=\"https:\/\/i0.wp.com\/www.hangover.eu\/wp-content\/uploads\/dorrhangare-barn-12krokar.png?w=1121&amp;ssl=1 1121w, https:\/\/i0.wp.com\/www.hangover.eu\/wp-content\/uploads\/dorrhangare-barn-12krokar.png?resize=324%2C120&amp;ssl=1 324w, https:\/\/i0.wp.com\/www.hangover.eu\/wp-content\/uploads\/dorrhangare-barn-12krokar.png?resize=416%2C154&amp;ssl=1 416w, https:\/\/i0.wp.com\/www.hangover.eu\/wp-content\/uploads\/dorrhangare-barn-12krokar.png?resize=300%2C111&amp;ssl=1 300w, https:\/\/i0.wp.com\/www.hangover.eu\/wp-content\/uploads\/dorrhangare-barn-12krokar.png?resize=1024%2C380&amp;ssl=1 1024w, https:\/\/i0.wp.com\/www.hangover.eu\/wp-content\/uploads\/dorrhangare-barn-12krokar.png?resize=150%2C56&amp;ssl=1 150w, https:\/\/i0.wp.com\/www.hangover.eu\/wp-content\/uploads\/dorrhangare-barn-12krokar.png?resize=768%2C285&amp;ssl=1 768w\" sizes=\"auto, (max-width: 980px) 100vw, 980px\" \/><\/p>\n<p>&nbsp;<\/p>\n<h4><strong><a href=\"https:\/\/www.hangover.eu\/sv\">Klicka h\u00e4r f\u00f6r att se pris och best\u00e4lla v\u00e5ra d\u00f6rrh\u00e4ngare.<\/a><\/strong><\/h4>\n<p><a href=\"https:\/\/www.hangover.eu\/sv\/kladhangare-dorr-hall\/\">L\u00e4s mer om kl\u00e4dh\u00e4ngare till d\u00f6rr och hall h\u00e4r.<\/a><\/p>\n","protected":false},"excerpt":{"rendered":"<p>Olika storlekar p\u00e5 d\u00f6rrh\u00e4ngare till barn D\u00f6rrh\u00e4ngare barn kan du h\u00e4nga p\u00e5 alla d\u00f6rrar med tjockleken 35 &#8211; 42 mm. h\u00e4ngarna \u00e4r 40 cm breda. Beroende p\u00e5 hur stort ditt barn \u00e4r och hur m\u00e5nga krokar du vill ha s\u00e5 finns det 3 olika d\u00f6rrh\u00e4ngare &amp; kl\u00e4dh\u00e4ngare. 3-niv\u00e5 h\u00e4ngaren \u00e4r 95 cm l\u00e5ng och g\u00e5r [&hellip;]<\/p>\n","protected":false},"author":2,"featured_media":0,"parent":0,"menu_order":0,"comment_status":"closed","ping_status":"closed","template":"","meta":{"footnotes":""},"class_list":["post-5208","page","type-page","status-publish","hentry"],"yoast_head":"<!-- This site is optimized with the Yoast SEO plugin v27.4 - https:\/\/yoast.com\/product\/yoast-seo-wordpress\/ -->\n<title>D\u00f6rrh\u00e4ngare Barn | Hang Over<\/title>\n<meta name=\"description\" content=\"D\u00f6rrh\u00e4ngare \u00e4r en perfekt f\u00f6rvaringsl\u00f6sning till ditt barns rum. \u00c4ven mindre barn n\u00e5r upp och kan h\u00e4nga sina kl\u00e4der och annat p\u00e5 krokarna.\" \/>\n<meta name=\"robots\" content=\"index, follow, max-snippet:-1, max-image-preview:large, max-video-preview:-1\" \/>\n<link rel=\"canonical\" href=\"https:\/\/www.hangover.eu\/sv\/dorrhangare-barn\/\" \/>\n<meta property=\"og:locale\" content=\"sv_SE\" \/>\n<meta property=\"og:type\" content=\"article\" \/>\n<meta property=\"og:title\" content=\"D\u00f6rrh\u00e4ngare Barn | Hang Over\" \/>\n<meta property=\"og:description\" content=\"D\u00f6rrh\u00e4ngare \u00e4r en perfekt f\u00f6rvaringsl\u00f6sning till ditt barns rum. \u00c4ven mindre barn n\u00e5r upp och kan h\u00e4nga sina kl\u00e4der och annat p\u00e5 krokarna.\" \/>\n<meta property=\"og:url\" content=\"https:\/\/www.hangover.eu\/sv\/dorrhangare-barn\/\" \/>\n<meta property=\"og:site_name\" content=\"Hang Over\" \/>\n<meta property=\"article:publisher\" content=\"https:\/\/www.facebook.com\/travelwaxer\" \/>\n<meta property=\"article:modified_time\" content=\"2024-01-06T13:49:08+00:00\" \/>\n<meta property=\"og:image\" content=\"https:\/\/www.hangover.eu\/wp-content\/uploads\/dorrhangare-barn-12krokar.png\" \/>\n<meta name=\"twitter:card\" content=\"summary_large_image\" \/>\n<meta name=\"twitter:label1\" content=\"Ber\u00e4knad l\u00e4stid\" \/>\n\t<meta name=\"twitter:data1\" content=\"2 minut\" \/>\n<script type=\"application\/ld+json\" class=\"yoast-schema-graph\">{\"@context\":\"https:\\\/\\\/schema.org\",\"@graph\":[{\"@type\":\"WebPage\",\"@id\":\"https:\\\/\\\/www.hangover.eu\\\/sv\\\/dorrhangare-barn\\\/\",\"url\":\"https:\\\/\\\/www.hangover.eu\\\/sv\\\/dorrhangare-barn\\\/\",\"name\":\"D\u00f6rrh\u00e4ngare Barn | Hang Over\",\"isPartOf\":{\"@id\":\"https:\\\/\\\/www.hangover.eu\\\/sv\\\/#website\"},\"primaryImageOfPage\":{\"@id\":\"https:\\\/\\\/www.hangover.eu\\\/sv\\\/dorrhangare-barn\\\/#primaryimage\"},\"image\":{\"@id\":\"https:\\\/\\\/www.hangover.eu\\\/sv\\\/dorrhangare-barn\\\/#primaryimage\"},\"thumbnailUrl\":\"https:\\\/\\\/www.hangover.eu\\\/wp-content\\\/uploads\\\/dorrhangare-barn-12krokar.png\",\"datePublished\":\"2022-06-02T08:31:48+00:00\",\"dateModified\":\"2024-01-06T13:49:08+00:00\",\"description\":\"D\u00f6rrh\u00e4ngare \u00e4r en perfekt f\u00f6rvaringsl\u00f6sning till ditt barns rum. \u00c4ven mindre barn n\u00e5r upp och kan h\u00e4nga sina kl\u00e4der och annat p\u00e5 krokarna.\",\"breadcrumb\":{\"@id\":\"https:\\\/\\\/www.hangover.eu\\\/sv\\\/dorrhangare-barn\\\/#breadcrumb\"},\"inLanguage\":\"sv-SE\",\"potentialAction\":[{\"@type\":\"ReadAction\",\"target\":[\"https:\\\/\\\/www.hangover.eu\\\/sv\\\/dorrhangare-barn\\\/\"]}]},{\"@type\":\"ImageObject\",\"inLanguage\":\"sv-SE\",\"@id\":\"https:\\\/\\\/www.hangover.eu\\\/sv\\\/dorrhangare-barn\\\/#primaryimage\",\"url\":\"https:\\\/\\\/www.hangover.eu\\\/wp-content\\\/uploads\\\/dorrhangare-barn-12krokar.png\",\"contentUrl\":\"https:\\\/\\\/www.hangover.eu\\\/wp-content\\\/uploads\\\/dorrhangare-barn-12krokar.png\"},{\"@type\":\"BreadcrumbList\",\"@id\":\"https:\\\/\\\/www.hangover.eu\\\/sv\\\/dorrhangare-barn\\\/#breadcrumb\",\"itemListElement\":[{\"@type\":\"ListItem\",\"position\":1,\"name\":\"Home\",\"item\":\"https:\\\/\\\/www.hangover.eu\\\/sv\\\/\"},{\"@type\":\"ListItem\",\"position\":2,\"name\":\"D\u00f6rrh\u00e4ngare Barn\"}]},{\"@type\":\"WebSite\",\"@id\":\"https:\\\/\\\/www.hangover.eu\\\/sv\\\/#website\",\"url\":\"https:\\\/\\\/www.hangover.eu\\\/sv\\\/\",\"name\":\"Hang Over\",\"description\":\"Smartare och snyggare d\u00f6rrh\u00e4ngare\",\"publisher\":{\"@id\":\"https:\\\/\\\/www.hangover.eu\\\/sv\\\/#organization\"},\"potentialAction\":[{\"@type\":\"SearchAction\",\"target\":{\"@type\":\"EntryPoint\",\"urlTemplate\":\"https:\\\/\\\/www.hangover.eu\\\/sv\\\/?s={search_term_string}\"},\"query-input\":{\"@type\":\"PropertyValueSpecification\",\"valueRequired\":true,\"valueName\":\"search_term_string\"}}],\"inLanguage\":\"sv-SE\"},{\"@type\":\"Organization\",\"@id\":\"https:\\\/\\\/www.hangover.eu\\\/sv\\\/#organization\",\"name\":\"Hang Over\",\"url\":\"https:\\\/\\\/www.hangover.eu\\\/sv\\\/\",\"logo\":{\"@type\":\"ImageObject\",\"inLanguage\":\"sv-SE\",\"@id\":\"https:\\\/\\\/www.hangover.eu\\\/sv\\\/#\\\/schema\\\/logo\\\/image\\\/\",\"url\":\"https:\\\/\\\/i0.wp.com\\\/www.hangover.eu\\\/wp-content\\\/uploads\\\/cropped-ho_logo_highres-1.png?fit=1241%2C597&ssl=1\",\"contentUrl\":\"https:\\\/\\\/i0.wp.com\\\/www.hangover.eu\\\/wp-content\\\/uploads\\\/cropped-ho_logo_highres-1.png?fit=1241%2C597&ssl=1\",\"width\":1241,\"height\":597,\"caption\":\"Hang Over\"},\"image\":{\"@id\":\"https:\\\/\\\/www.hangover.eu\\\/sv\\\/#\\\/schema\\\/logo\\\/image\\\/\"},\"sameAs\":[\"https:\\\/\\\/www.facebook.com\\\/travelwaxer\"]}]}<\/script>\n<!-- \/ Yoast SEO plugin. -->","yoast_head_json":{"title":"D\u00f6rrh\u00e4ngare Barn | Hang Over","description":"D\u00f6rrh\u00e4ngare \u00e4r en perfekt f\u00f6rvaringsl\u00f6sning till ditt barns rum. \u00c4ven mindre barn n\u00e5r upp och kan h\u00e4nga sina kl\u00e4der och annat p\u00e5 krokarna.","robots":{"index":"index","follow":"follow","max-snippet":"max-snippet:-1","max-image-preview":"max-image-preview:large","max-video-preview":"max-video-preview:-1"},"canonical":"https:\/\/www.hangover.eu\/sv\/dorrhangare-barn\/","og_locale":"sv_SE","og_type":"article","og_title":"D\u00f6rrh\u00e4ngare Barn | Hang Over","og_description":"D\u00f6rrh\u00e4ngare \u00e4r en perfekt f\u00f6rvaringsl\u00f6sning till ditt barns rum. \u00c4ven mindre barn n\u00e5r upp och kan h\u00e4nga sina kl\u00e4der och annat p\u00e5 krokarna.","og_url":"https:\/\/www.hangover.eu\/sv\/dorrhangare-barn\/","og_site_name":"Hang Over","article_publisher":"https:\/\/www.facebook.com\/travelwaxer","article_modified_time":"2024-01-06T13:49:08+00:00","og_image":[{"url":"https:\/\/www.hangover.eu\/wp-content\/uploads\/dorrhangare-barn-12krokar.png","type":"","width":"","height":""}],"twitter_card":"summary_large_image","twitter_misc":{"Ber\u00e4knad l\u00e4stid":"2 minut"},"schema":{"@context":"https:\/\/schema.org","@graph":[{"@type":"WebPage","@id":"https:\/\/www.hangover.eu\/sv\/dorrhangare-barn\/","url":"https:\/\/www.hangover.eu\/sv\/dorrhangare-barn\/","name":"D\u00f6rrh\u00e4ngare Barn | Hang Over","isPartOf":{"@id":"https:\/\/www.hangover.eu\/sv\/#website"},"primaryImageOfPage":{"@id":"https:\/\/www.hangover.eu\/sv\/dorrhangare-barn\/#primaryimage"},"image":{"@id":"https:\/\/www.hangover.eu\/sv\/dorrhangare-barn\/#primaryimage"},"thumbnailUrl":"https:\/\/www.hangover.eu\/wp-content\/uploads\/dorrhangare-barn-12krokar.png","datePublished":"2022-06-02T08:31:48+00:00","dateModified":"2024-01-06T13:49:08+00:00","description":"D\u00f6rrh\u00e4ngare \u00e4r en perfekt f\u00f6rvaringsl\u00f6sning till ditt barns rum. \u00c4ven mindre barn n\u00e5r upp och kan h\u00e4nga sina kl\u00e4der och annat p\u00e5 krokarna.","breadcrumb":{"@id":"https:\/\/www.hangover.eu\/sv\/dorrhangare-barn\/#breadcrumb"},"inLanguage":"sv-SE","potentialAction":[{"@type":"ReadAction","target":["https:\/\/www.hangover.eu\/sv\/dorrhangare-barn\/"]}]},{"@type":"ImageObject","inLanguage":"sv-SE","@id":"https:\/\/www.hangover.eu\/sv\/dorrhangare-barn\/#primaryimage","url":"https:\/\/www.hangover.eu\/wp-content\/uploads\/dorrhangare-barn-12krokar.png","contentUrl":"https:\/\/www.hangover.eu\/wp-content\/uploads\/dorrhangare-barn-12krokar.png"},{"@type":"BreadcrumbList","@id":"https:\/\/www.hangover.eu\/sv\/dorrhangare-barn\/#breadcrumb","itemListElement":[{"@type":"ListItem","position":1,"name":"Home","item":"https:\/\/www.hangover.eu\/sv\/"},{"@type":"ListItem","position":2,"name":"D\u00f6rrh\u00e4ngare Barn"}]},{"@type":"WebSite","@id":"https:\/\/www.hangover.eu\/sv\/#website","url":"https:\/\/www.hangover.eu\/sv\/","name":"Hang Over","description":"Smartare och snyggare d\u00f6rrh\u00e4ngare","publisher":{"@id":"https:\/\/www.hangover.eu\/sv\/#organization"},"potentialAction":[{"@type":"SearchAction","target":{"@type":"EntryPoint","urlTemplate":"https:\/\/www.hangover.eu\/sv\/?s={search_term_string}"},"query-input":{"@type":"PropertyValueSpecification","valueRequired":true,"valueName":"search_term_string"}}],"inLanguage":"sv-SE"},{"@type":"Organization","@id":"https:\/\/www.hangover.eu\/sv\/#organization","name":"Hang Over","url":"https:\/\/www.hangover.eu\/sv\/","logo":{"@type":"ImageObject","inLanguage":"sv-SE","@id":"https:\/\/www.hangover.eu\/sv\/#\/schema\/logo\/image\/","url":"https:\/\/i0.wp.com\/www.hangover.eu\/wp-content\/uploads\/cropped-ho_logo_highres-1.png?fit=1241%2C597&ssl=1","contentUrl":"https:\/\/i0.wp.com\/www.hangover.eu\/wp-content\/uploads\/cropped-ho_logo_highres-1.png?fit=1241%2C597&ssl=1","width":1241,"height":597,"caption":"Hang Over"},"image":{"@id":"https:\/\/www.hangover.eu\/sv\/#\/schema\/logo\/image\/"},"sameAs":["https:\/\/www.facebook.com\/travelwaxer"]}]}},"jetpack_sharing_enabled":true,"_links":{"self":[{"href":"https:\/\/www.hangover.eu\/sv\/wp-json\/wp\/v2\/pages\/5208","targetHints":{"allow":["GET"]}}],"collection":[{"href":"https:\/\/www.hangover.eu\/sv\/wp-json\/wp\/v2\/pages"}],"about":[{"href":"https:\/\/www.hangover.eu\/sv\/wp-json\/wp\/v2\/types\/page"}],"author":[{"embeddable":true,"href":"https:\/\/www.hangover.eu\/sv\/wp-json\/wp\/v2\/users\/2"}],"replies":[{"embeddable":true,"href":"https:\/\/www.hangover.eu\/sv\/wp-json\/wp\/v2\/comments?post=5208"}],"version-history":[{"count":7,"href":"https:\/\/www.hangover.eu\/sv\/wp-json\/wp\/v2\/pages\/5208\/revisions"}],"predecessor-version":[{"id":5554,"href":"https:\/\/www.hangover.eu\/sv\/wp-json\/wp\/v2\/pages\/5208\/revisions\/5554"}],"wp:attachment":[{"href":"https:\/\/www.hangover.eu\/sv\/wp-json\/wp\/v2\/media?parent=5208"}],"curies":[{"name":"wp","href":"https:\/\/api.w.org\/{rel}","templated":true}]}}