{"id":5171,"date":"2022-04-28T12:26:45","date_gmt":"2022-04-28T12:26:45","guid":{"rendered":"https:\/\/www.hangover.eu\/kladhangare-for-dorr-och-hall\/"},"modified":"2024-01-06T13:46:43","modified_gmt":"2024-01-06T13:46:43","slug":"kladhangare-dorr-hall","status":"publish","type":"page","link":"https:\/\/www.hangover.eu\/sv\/kladhangare-dorr-hall\/","title":{"rendered":"Kl\u00e4dh\u00e4ngare f\u00f6r d\u00f6rr och hall"},"content":{"rendered":"<h1><img data-recalc-dims=\"1\" loading=\"lazy\" decoding=\"async\" class=\"alignnone size-full wp-image-5168\" src=\"https:\/\/i0.wp.com\/www.hangover.eu\/wp-content\/uploads\/hangare-dorr.png?resize=980%2C258&#038;ssl=1\" alt=\"H\u00e4ngare D\u00f6rr\" width=\"980\" height=\"258\" srcset=\"https:\/\/i0.wp.com\/www.hangover.eu\/wp-content\/uploads\/hangare-dorr.png?w=1122&amp;ssl=1 1122w, https:\/\/i0.wp.com\/www.hangover.eu\/wp-content\/uploads\/hangare-dorr.png?resize=324%2C85&amp;ssl=1 324w, https:\/\/i0.wp.com\/www.hangover.eu\/wp-content\/uploads\/hangare-dorr.png?resize=416%2C109&amp;ssl=1 416w, https:\/\/i0.wp.com\/www.hangover.eu\/wp-content\/uploads\/hangare-dorr.png?resize=300%2C79&amp;ssl=1 300w, https:\/\/i0.wp.com\/www.hangover.eu\/wp-content\/uploads\/hangare-dorr.png?resize=1024%2C269&amp;ssl=1 1024w, https:\/\/i0.wp.com\/www.hangover.eu\/wp-content\/uploads\/hangare-dorr.png?resize=150%2C39&amp;ssl=1 150w, https:\/\/i0.wp.com\/www.hangover.eu\/wp-content\/uploads\/hangare-dorr.png?resize=768%2C202&amp;ssl=1 768w\" sizes=\"auto, (max-width: 980px) 100vw, 980px\" \/><\/h1>\n<h2>Smarta kl\u00e4dkrokar &amp; h\u00e4ngare f\u00f6r dina kl\u00e4der<\/h2>\n<p>Smarta och snygga kl\u00e4dh\u00e4ngare som du kan h\u00e4nga upp p\u00e5 en valfri d\u00f6rr eller kant i hemmet. De finns i tre olika l\u00e4ngder, fr\u00e5n 12-95 cm l\u00e5nga och med 4-12 kl\u00e4dkrokar. Ist\u00e4llet f\u00f6r att montera upp kroklister i hallen eller skruva fast kl\u00e4dh\u00e4ngare p\u00e5 v\u00e4ggen s\u00e5 h\u00e4nger du upp h\u00e4ngaren p\u00e5 en valfri d\u00f6rr eller kant i hemmet eller p\u00e5 kontoret.<\/p>\n<h2>Kl\u00e4dh\u00e4ngare f\u00f6r d\u00f6rr &#8211; en smart l\u00f6sning<\/h2>\n<p>En kl\u00e4dh\u00e4ngare f\u00f6r d\u00f6rren \u00e4r en smart l\u00f6sning och perfekt f\u00f6r dig som inte har s\u00e5 mycket utrymme i hemmet. Ist\u00e4llet f\u00f6r att f\u00e5 plats med alla kl\u00e4der p\u00e5 h\u00e4ngare i garderoben eller hallen s\u00e5 f\u00e5r du snabbt och enkelt plats f\u00f6r kl\u00e4derna med en kl\u00e4dh\u00e4ngare f\u00f6r d\u00f6rr. Du h\u00e4nger helt enkelt upp kl\u00e4dh\u00e4ngaren \u00f6ver d\u00f6rren. Du slipper ha dina kl\u00e4der i en h\u00f6g p\u00e5 golvet eller sl\u00e4ngda \u00f6ver en stol. V\u00e5ra d\u00f6rrh\u00e4ngare finns i olika storlekar med mellan 4-12 kl\u00e4dkrokar.<\/p>\n<h2>Kl\u00e4dh\u00e4ngare hall &#8211; perfekt att h\u00e4nga p\u00e5 en d\u00f6rr<\/h2>\n<p>Beh\u00f6ver du kl\u00e4dh\u00e4ngare i hallen men vill inte skruva upp en hatthylla med kl\u00e4dkrokar eller ha en st\u00e5ende kl\u00e4dh\u00e4ngare som tar plats. Med v\u00e5r smarta h\u00e4ngare s\u00e5 slipper du g\u00f6ra h\u00e5l och skruva fast h\u00e4ngaren i v\u00e4ggen. Du har s\u00e4kert en d\u00f6rr i hallen; kanske en toalettd\u00f6rr eller en d\u00f6rr till en garderob eller ett sovrum. H\u00e4ng upp kl\u00e4dh\u00e4ngaren p\u00e5 en d\u00f6rr i hallen s\u00e5 har du snabbt plats f\u00f6r dina jackor, m\u00f6ssor och v\u00e4skor.<\/p>\n<h2>F\u00e4st p\u00e5 ytterd\u00f6rren eller kant varsomhelst<\/h2>\n<p>Du kan \u00e4ven ha v\u00e5r l\u00f6sning h\u00e4ngandes p\u00e5 ytterd\u00f6rren med v\u00e5ra kanth\u00e4ngare. Ist\u00e4llet f\u00f6r att man h\u00e4nger fast kl\u00e4dh\u00e4ngaren som en krok p\u00e5 d\u00f6rren s\u00e5 finns det ist\u00e4llet en vinklad kant som man f\u00e4ster med tv\u00e5 skruvar.<\/p>\n<h2>Kl\u00e4dh\u00e4ngare d\u00f6rr &amp; hall &#8211; du slipper borra &amp; skruva<\/h2>\n<p>V\u00e5ra d\u00f6rrh\u00e4ngare \u00e4r perfekta kl\u00e4dh\u00e4ngare f\u00f6r hall och sovrum. Ist\u00e4llet f\u00f6r vanliga kl\u00e4dkrokar eller hatthyllor som oftast skruvas fast i v\u00e4ggen i hallen eller i garderoben, s\u00e5 kan du helt enkelt h\u00e4nga upp v\u00e5r h\u00e4ngare p\u00e5 en d\u00f6rr i n\u00e4rheten. Du slipper borra och skruva och kan dessutom v\u00e4lja att h\u00e4nga kl\u00e4derna p\u00e5 insidan av d\u00f6rren eller p\u00e5 utsidan.<\/p>\n<p>&nbsp;<\/p>\n<p><a href=\"https:\/\/www.hangover.eu\/sv\"><img data-recalc-dims=\"1\" loading=\"lazy\" decoding=\"async\" class=\"alignnone size-full wp-image-5162\" src=\"https:\/\/i0.wp.com\/www.hangover.eu\/wp-content\/uploads\/hangare-hall.png?resize=980%2C364&#038;ssl=1\" alt=\"kl\u00e4dh\u00e4ngare Hall\" width=\"980\" height=\"364\" srcset=\"https:\/\/i0.wp.com\/www.hangover.eu\/wp-content\/uploads\/hangare-hall.png?w=1121&amp;ssl=1 1121w, https:\/\/i0.wp.com\/www.hangover.eu\/wp-content\/uploads\/hangare-hall.png?resize=324%2C120&amp;ssl=1 324w, https:\/\/i0.wp.com\/www.hangover.eu\/wp-content\/uploads\/hangare-hall.png?resize=416%2C154&amp;ssl=1 416w, https:\/\/i0.wp.com\/www.hangover.eu\/wp-content\/uploads\/hangare-hall.png?resize=300%2C111&amp;ssl=1 300w, https:\/\/i0.wp.com\/www.hangover.eu\/wp-content\/uploads\/hangare-hall.png?resize=1024%2C380&amp;ssl=1 1024w, https:\/\/i0.wp.com\/www.hangover.eu\/wp-content\/uploads\/hangare-hall.png?resize=150%2C56&amp;ssl=1 150w, https:\/\/i0.wp.com\/www.hangover.eu\/wp-content\/uploads\/hangare-hall.png?resize=768%2C285&amp;ssl=1 768w\" sizes=\"auto, (max-width: 980px) 100vw, 980px\" \/><\/a><\/p>\n<h3>Hur mycket kostar en kl\u00e4dh\u00e4ngare f\u00f6r hall?<\/h3>\n<p>299-499 kr beroende p\u00e5 storlek<\/p>\n<h3>Hur mycket kostar kl\u00e4dh\u00e4ngare f\u00f6r d\u00f6rr?<\/h3>\n<p>299-499 kr beroende p\u00e5 storlek<\/p>\n<p>Kl\u00e4dh\u00e4ngare f\u00f6r hall och d\u00f6rr \u00e4r samma sorts h\u00e4ngare och d\u00e4rf\u00f6r \u00e4r priset \u00e4r detsamma. Pris f\u00f6r kanth\u00e4ngaren \u00e4r ocks\u00e5 299-499 kr.<\/p>\n<h4><strong><a href=\"https:\/\/www.hangover.eu\/sv\">Klicka h\u00e4r f\u00f6r att se pris och best\u00e4lla v\u00e5ra d\u00f6rr- &amp; kl\u00e4dh\u00e4ngare.<\/a><\/strong><\/h4>\n<p><a href=\"https:\/\/www.hangover.eu\/sv\/dorrhangare-barn\/\">L\u00e4s mer om d\u00f6rrh\u00e4ngare barn h\u00e4r.<\/a><\/p>\n<h2>\u00d6vrig information<\/h2>\n<p>Har du n\u00e5gra fr\u00e5gor eller funderingar kring v\u00e5ra olika produkter s\u00e5 tveka inte att kontakta oss. Du f\u00e5r 3-\u00e5rs garanti p\u00e5 v\u00e5ra produkter eftersom vi vet att det \u00e4r kvalitet rakt igenom. Du har \u00e4ven 30-dagars \u00e5ngerr\u00e4tt n\u00e4r du g\u00f6r ett k\u00f6p. Vi erbjuder snabb leverans och skickar ut produkterna samma dag eller dagen efter ditt k\u00f6p. Det tar 1-2 dagar f\u00f6r varan ett levereras till ditt n\u00e4rmaste utl\u00e4mningsst\u00e4lle. Skulle du ha synpunkter eller feedback p\u00e5 v\u00e5ra smarta produkter s\u00e5 \u00e4r du v\u00e4lkommen att h\u00f6ra av dig till oss.<\/p>\n","protected":false},"excerpt":{"rendered":"<p>Smarta kl\u00e4dkrokar &amp; h\u00e4ngare f\u00f6r dina kl\u00e4der Smarta och snygga kl\u00e4dh\u00e4ngare som du kan h\u00e4nga upp p\u00e5 en valfri d\u00f6rr eller kant i hemmet. De finns i tre olika l\u00e4ngder, fr\u00e5n 12-95 cm l\u00e5nga och med 4-12 kl\u00e4dkrokar. Ist\u00e4llet f\u00f6r att montera upp kroklister i hallen eller skruva fast kl\u00e4dh\u00e4ngare p\u00e5 v\u00e4ggen s\u00e5 h\u00e4nger du [&hellip;]<\/p>\n","protected":false},"author":2,"featured_media":0,"parent":0,"menu_order":0,"comment_status":"closed","ping_status":"closed","template":"","meta":{"footnotes":""},"class_list":["post-5171","page","type-page","status-publish","hentry"],"yoast_head":"<!-- This site is optimized with the Yoast SEO plugin v27.4 - https:\/\/yoast.com\/product\/yoast-seo-wordpress\/ -->\n<title>Kl\u00e4dh\u00e4ngare f\u00f6r d\u00f6rr och hall | Hang Over<\/title>\n<meta name=\"description\" content=\"Smarta kl\u00e4dh\u00e4ngare f\u00f6r d\u00f6rr och hall som du enkelt h\u00e4nger upp p\u00e5 en d\u00f6rr. Du slipper borra &amp; skruva med v\u00e5ra d\u00f6rrh\u00e4ngare.\" \/>\n<meta name=\"robots\" content=\"index, follow, max-snippet:-1, max-image-preview:large, max-video-preview:-1\" \/>\n<link rel=\"canonical\" href=\"https:\/\/www.hangover.eu\/sv\/kladhangare-dorr-hall\/\" \/>\n<meta property=\"og:locale\" content=\"sv_SE\" \/>\n<meta property=\"og:type\" content=\"article\" \/>\n<meta property=\"og:title\" content=\"Kl\u00e4dh\u00e4ngare f\u00f6r d\u00f6rr och hall | Hang Over\" \/>\n<meta property=\"og:description\" content=\"Smarta kl\u00e4dh\u00e4ngare f\u00f6r d\u00f6rr och hall som du enkelt h\u00e4nger upp p\u00e5 en d\u00f6rr. Du slipper borra &amp; skruva med v\u00e5ra d\u00f6rrh\u00e4ngare.\" \/>\n<meta property=\"og:url\" content=\"https:\/\/www.hangover.eu\/sv\/kladhangare-dorr-hall\/\" \/>\n<meta property=\"og:site_name\" content=\"Hang Over\" \/>\n<meta property=\"article:publisher\" content=\"https:\/\/www.facebook.com\/travelwaxer\" \/>\n<meta property=\"article:modified_time\" content=\"2024-01-06T13:46:43+00:00\" \/>\n<meta property=\"og:image\" content=\"https:\/\/www.hangover.eu\/wp-content\/uploads\/hangare-dorr.png\" \/>\n<meta name=\"twitter:card\" content=\"summary_large_image\" \/>\n<meta name=\"twitter:label1\" content=\"Ber\u00e4knad l\u00e4stid\" \/>\n\t<meta name=\"twitter:data1\" content=\"3 minut\" \/>\n<script type=\"application\/ld+json\" class=\"yoast-schema-graph\">{\"@context\":\"https:\\\/\\\/schema.org\",\"@graph\":[{\"@type\":\"WebPage\",\"@id\":\"https:\\\/\\\/www.hangover.eu\\\/sv\\\/kladhangare-dorr-hall\\\/\",\"url\":\"https:\\\/\\\/www.hangover.eu\\\/sv\\\/kladhangare-dorr-hall\\\/\",\"name\":\"Kl\u00e4dh\u00e4ngare f\u00f6r d\u00f6rr och hall | Hang Over\",\"isPartOf\":{\"@id\":\"https:\\\/\\\/www.hangover.eu\\\/sv\\\/#website\"},\"primaryImageOfPage\":{\"@id\":\"https:\\\/\\\/www.hangover.eu\\\/sv\\\/kladhangare-dorr-hall\\\/#primaryimage\"},\"image\":{\"@id\":\"https:\\\/\\\/www.hangover.eu\\\/sv\\\/kladhangare-dorr-hall\\\/#primaryimage\"},\"thumbnailUrl\":\"https:\\\/\\\/www.hangover.eu\\\/wp-content\\\/uploads\\\/hangare-dorr.png\",\"datePublished\":\"2022-04-28T12:26:45+00:00\",\"dateModified\":\"2024-01-06T13:46:43+00:00\",\"description\":\"Smarta kl\u00e4dh\u00e4ngare f\u00f6r d\u00f6rr och hall som du enkelt h\u00e4nger upp p\u00e5 en d\u00f6rr. Du slipper borra & skruva med v\u00e5ra d\u00f6rrh\u00e4ngare.\",\"breadcrumb\":{\"@id\":\"https:\\\/\\\/www.hangover.eu\\\/sv\\\/kladhangare-dorr-hall\\\/#breadcrumb\"},\"inLanguage\":\"sv-SE\",\"potentialAction\":[{\"@type\":\"ReadAction\",\"target\":[\"https:\\\/\\\/www.hangover.eu\\\/sv\\\/kladhangare-dorr-hall\\\/\"]}]},{\"@type\":\"ImageObject\",\"inLanguage\":\"sv-SE\",\"@id\":\"https:\\\/\\\/www.hangover.eu\\\/sv\\\/kladhangare-dorr-hall\\\/#primaryimage\",\"url\":\"https:\\\/\\\/www.hangover.eu\\\/wp-content\\\/uploads\\\/hangare-dorr.png\",\"contentUrl\":\"https:\\\/\\\/www.hangover.eu\\\/wp-content\\\/uploads\\\/hangare-dorr.png\"},{\"@type\":\"BreadcrumbList\",\"@id\":\"https:\\\/\\\/www.hangover.eu\\\/sv\\\/kladhangare-dorr-hall\\\/#breadcrumb\",\"itemListElement\":[{\"@type\":\"ListItem\",\"position\":1,\"name\":\"Home\",\"item\":\"https:\\\/\\\/www.hangover.eu\\\/sv\\\/\"},{\"@type\":\"ListItem\",\"position\":2,\"name\":\"Kl\u00e4dh\u00e4ngare f\u00f6r d\u00f6rr och hall\"}]},{\"@type\":\"WebSite\",\"@id\":\"https:\\\/\\\/www.hangover.eu\\\/sv\\\/#website\",\"url\":\"https:\\\/\\\/www.hangover.eu\\\/sv\\\/\",\"name\":\"Hang Over\",\"description\":\"Smartare och snyggare d\u00f6rrh\u00e4ngare\",\"publisher\":{\"@id\":\"https:\\\/\\\/www.hangover.eu\\\/sv\\\/#organization\"},\"potentialAction\":[{\"@type\":\"SearchAction\",\"target\":{\"@type\":\"EntryPoint\",\"urlTemplate\":\"https:\\\/\\\/www.hangover.eu\\\/sv\\\/?s={search_term_string}\"},\"query-input\":{\"@type\":\"PropertyValueSpecification\",\"valueRequired\":true,\"valueName\":\"search_term_string\"}}],\"inLanguage\":\"sv-SE\"},{\"@type\":\"Organization\",\"@id\":\"https:\\\/\\\/www.hangover.eu\\\/sv\\\/#organization\",\"name\":\"Hang Over\",\"url\":\"https:\\\/\\\/www.hangover.eu\\\/sv\\\/\",\"logo\":{\"@type\":\"ImageObject\",\"inLanguage\":\"sv-SE\",\"@id\":\"https:\\\/\\\/www.hangover.eu\\\/sv\\\/#\\\/schema\\\/logo\\\/image\\\/\",\"url\":\"https:\\\/\\\/i0.wp.com\\\/www.hangover.eu\\\/wp-content\\\/uploads\\\/cropped-ho_logo_highres-1.png?fit=1241%2C597&ssl=1\",\"contentUrl\":\"https:\\\/\\\/i0.wp.com\\\/www.hangover.eu\\\/wp-content\\\/uploads\\\/cropped-ho_logo_highres-1.png?fit=1241%2C597&ssl=1\",\"width\":1241,\"height\":597,\"caption\":\"Hang Over\"},\"image\":{\"@id\":\"https:\\\/\\\/www.hangover.eu\\\/sv\\\/#\\\/schema\\\/logo\\\/image\\\/\"},\"sameAs\":[\"https:\\\/\\\/www.facebook.com\\\/travelwaxer\"]}]}<\/script>\n<!-- \/ Yoast SEO plugin. -->","yoast_head_json":{"title":"Kl\u00e4dh\u00e4ngare f\u00f6r d\u00f6rr och hall | Hang Over","description":"Smarta kl\u00e4dh\u00e4ngare f\u00f6r d\u00f6rr och hall som du enkelt h\u00e4nger upp p\u00e5 en d\u00f6rr. Du slipper borra & skruva med v\u00e5ra d\u00f6rrh\u00e4ngare.","robots":{"index":"index","follow":"follow","max-snippet":"max-snippet:-1","max-image-preview":"max-image-preview:large","max-video-preview":"max-video-preview:-1"},"canonical":"https:\/\/www.hangover.eu\/sv\/kladhangare-dorr-hall\/","og_locale":"sv_SE","og_type":"article","og_title":"Kl\u00e4dh\u00e4ngare f\u00f6r d\u00f6rr och hall | Hang Over","og_description":"Smarta kl\u00e4dh\u00e4ngare f\u00f6r d\u00f6rr och hall som du enkelt h\u00e4nger upp p\u00e5 en d\u00f6rr. Du slipper borra & skruva med v\u00e5ra d\u00f6rrh\u00e4ngare.","og_url":"https:\/\/www.hangover.eu\/sv\/kladhangare-dorr-hall\/","og_site_name":"Hang Over","article_publisher":"https:\/\/www.facebook.com\/travelwaxer","article_modified_time":"2024-01-06T13:46:43+00:00","og_image":[{"url":"https:\/\/www.hangover.eu\/wp-content\/uploads\/hangare-dorr.png","type":"","width":"","height":""}],"twitter_card":"summary_large_image","twitter_misc":{"Ber\u00e4knad l\u00e4stid":"3 minut"},"schema":{"@context":"https:\/\/schema.org","@graph":[{"@type":"WebPage","@id":"https:\/\/www.hangover.eu\/sv\/kladhangare-dorr-hall\/","url":"https:\/\/www.hangover.eu\/sv\/kladhangare-dorr-hall\/","name":"Kl\u00e4dh\u00e4ngare f\u00f6r d\u00f6rr och hall | Hang Over","isPartOf":{"@id":"https:\/\/www.hangover.eu\/sv\/#website"},"primaryImageOfPage":{"@id":"https:\/\/www.hangover.eu\/sv\/kladhangare-dorr-hall\/#primaryimage"},"image":{"@id":"https:\/\/www.hangover.eu\/sv\/kladhangare-dorr-hall\/#primaryimage"},"thumbnailUrl":"https:\/\/www.hangover.eu\/wp-content\/uploads\/hangare-dorr.png","datePublished":"2022-04-28T12:26:45+00:00","dateModified":"2024-01-06T13:46:43+00:00","description":"Smarta kl\u00e4dh\u00e4ngare f\u00f6r d\u00f6rr och hall som du enkelt h\u00e4nger upp p\u00e5 en d\u00f6rr. Du slipper borra & skruva med v\u00e5ra d\u00f6rrh\u00e4ngare.","breadcrumb":{"@id":"https:\/\/www.hangover.eu\/sv\/kladhangare-dorr-hall\/#breadcrumb"},"inLanguage":"sv-SE","potentialAction":[{"@type":"ReadAction","target":["https:\/\/www.hangover.eu\/sv\/kladhangare-dorr-hall\/"]}]},{"@type":"ImageObject","inLanguage":"sv-SE","@id":"https:\/\/www.hangover.eu\/sv\/kladhangare-dorr-hall\/#primaryimage","url":"https:\/\/www.hangover.eu\/wp-content\/uploads\/hangare-dorr.png","contentUrl":"https:\/\/www.hangover.eu\/wp-content\/uploads\/hangare-dorr.png"},{"@type":"BreadcrumbList","@id":"https:\/\/www.hangover.eu\/sv\/kladhangare-dorr-hall\/#breadcrumb","itemListElement":[{"@type":"ListItem","position":1,"name":"Home","item":"https:\/\/www.hangover.eu\/sv\/"},{"@type":"ListItem","position":2,"name":"Kl\u00e4dh\u00e4ngare f\u00f6r d\u00f6rr och hall"}]},{"@type":"WebSite","@id":"https:\/\/www.hangover.eu\/sv\/#website","url":"https:\/\/www.hangover.eu\/sv\/","name":"Hang Over","description":"Smartare och snyggare d\u00f6rrh\u00e4ngare","publisher":{"@id":"https:\/\/www.hangover.eu\/sv\/#organization"},"potentialAction":[{"@type":"SearchAction","target":{"@type":"EntryPoint","urlTemplate":"https:\/\/www.hangover.eu\/sv\/?s={search_term_string}"},"query-input":{"@type":"PropertyValueSpecification","valueRequired":true,"valueName":"search_term_string"}}],"inLanguage":"sv-SE"},{"@type":"Organization","@id":"https:\/\/www.hangover.eu\/sv\/#organization","name":"Hang Over","url":"https:\/\/www.hangover.eu\/sv\/","logo":{"@type":"ImageObject","inLanguage":"sv-SE","@id":"https:\/\/www.hangover.eu\/sv\/#\/schema\/logo\/image\/","url":"https:\/\/i0.wp.com\/www.hangover.eu\/wp-content\/uploads\/cropped-ho_logo_highres-1.png?fit=1241%2C597&ssl=1","contentUrl":"https:\/\/i0.wp.com\/www.hangover.eu\/wp-content\/uploads\/cropped-ho_logo_highres-1.png?fit=1241%2C597&ssl=1","width":1241,"height":597,"caption":"Hang Over"},"image":{"@id":"https:\/\/www.hangover.eu\/sv\/#\/schema\/logo\/image\/"},"sameAs":["https:\/\/www.facebook.com\/travelwaxer"]}]}},"jetpack_sharing_enabled":true,"_links":{"self":[{"href":"https:\/\/www.hangover.eu\/sv\/wp-json\/wp\/v2\/pages\/5171","targetHints":{"allow":["GET"]}}],"collection":[{"href":"https:\/\/www.hangover.eu\/sv\/wp-json\/wp\/v2\/pages"}],"about":[{"href":"https:\/\/www.hangover.eu\/sv\/wp-json\/wp\/v2\/types\/page"}],"author":[{"embeddable":true,"href":"https:\/\/www.hangover.eu\/sv\/wp-json\/wp\/v2\/users\/2"}],"replies":[{"embeddable":true,"href":"https:\/\/www.hangover.eu\/sv\/wp-json\/wp\/v2\/comments?post=5171"}],"version-history":[{"count":9,"href":"https:\/\/www.hangover.eu\/sv\/wp-json\/wp\/v2\/pages\/5171\/revisions"}],"predecessor-version":[{"id":5553,"href":"https:\/\/www.hangover.eu\/sv\/wp-json\/wp\/v2\/pages\/5171\/revisions\/5553"}],"wp:attachment":[{"href":"https:\/\/www.hangover.eu\/sv\/wp-json\/wp\/v2\/media?parent=5171"}],"curies":[{"name":"wp","href":"https:\/\/api.w.org\/{rel}","templated":true}]}}