{"id":385,"date":"2013-11-15T13:22:45","date_gmt":"2013-11-15T13:22:45","guid":{"rendered":"http:\/\/travelwaxer.se\/?page_id=385"},"modified":"2025-03-23T12:25:33","modified_gmt":"2025-03-23T12:25:33","slug":"kopvillkor","status":"publish","type":"page","link":"https:\/\/www.hangover.eu\/sv\/kopvillkor\/","title":{"rendered":"K\u00f6pvillkor"},"content":{"rendered":"<h2>\u00c5ngerr\u00e4tt\/\u00d6ppet k\u00f6p<\/h2>\n<p>Du har 30 dagars \u00e5ngerr\u00e4tt p\u00e5 ditt k\u00f6p. Med andra ord hela 30 dagars \u00f6ppet k\u00f6p. Du kan testa produkten i lugn och ro. Detta r\u00e4knas fr\u00e5n dagen d\u00e5 varorna ankom till dig. V\u00e4ljer du att utnyttja \u00e5ngerr\u00e4tten betalar vi din retur. Om du r\u00e5kar best\u00e4lla fel produkt st\u00e5r vi f\u00f6r returkostnaden och du st\u00e5r f\u00f6r frakten p\u00e5 den nya varan.<\/p>\n<h2>Reklamation<\/h2>\n<p>N\u00e4r godset ankommer, kontrollera dina produkter samt om n\u00e5got skadats. Reklamation av felaktiga varor skall ske till Hang Over inom 14 dagar efter mottagandet. Emaila g\u00e4rna en bild p\u00e5 den detalj som \u00e4r felaktig till info@hangover.eu.<\/p>\n<p>Vid reklamation skickar Hang Over en fraktsedel f\u00f6r retur samt en ers\u00e4ttningsprodukt.<\/p>\n<h2>Garanti<\/h2>\n<p>Alla Hang Overs produkter har 3 \u00e5rs garanti.<\/p>\n<h2>Betalning<\/h2>\n<p>Priserna \u00e4r inkl merv\u00e4rdesskatt. Valutan styrs av det land du surfar ifr\u00e5n. Valutan g\u00e5r inte att \u00e4ndra. En fast fraktkostnad p\u00e5 79 SEK\/NOK resp 9 EUR tillkommer. <\/p>\n<p><!--Ni betalar genom f\u00f6ra \u00f6ver pengar till v\u00e5rt bankkonto eller via Swish. Ni kan ocks\u00e5 v\u00e4lja att betala mot faktura. D\u00e5 har ni 30 dagars kredittid. Ingen faktureringsavgift tillkommer.--><\/p>\n<h2>Betalningsmetoder<\/h2>\n<p>Tillg\u00e4ngliga betalningmetoder styrs s\u00e5 h\u00e4r: Om du surfar fr\u00e5n Sverige eller Norge anv\u00e4nds Klarnas kassasystem &#8221;Klarna Check Out&#8221;. Klarna Check Out erbjuder 14 dagars betalningstid mot faktura (ingen faktureringsavgift tillkommer). Klarna erbjuder ocks\u00e5 betalning med alla st\u00f6rre kreditkort. <\/p>\n<p>Om du surfar fr\u00e5n andra l\u00e4nder styrs tillg\u00e4ngliga betalningsmetoder av vilket land du valt som faktureringsadress. Just nu finns direkt bank\u00f6verf\u00f6ring och faktura med 30 dagars betalningstid (utan faktureringsavgift) f\u00f6r samtliga l\u00e4nder. <\/p>\n<h2>Leverans<\/h2>\n<p>Utleverans fr\u00e5n oss sker n\u00e4stf\u00f6ljande vardag. D\u00e4refter n\u00e5r varan dig efter 2-3 dagar. Varan levereras till n\u00e4rmaste utl\u00e4mningsst\u00e4lle f\u00f6r det fraktbolag vi v\u00e4ljer. Val av fraktbolag kan variera, men h\u00f6r av er om ni har speciella \u00f6nskem\u00e5l. <\/p>\n<p><!--\u00d6nskar du snabbare leverans kan kontakta oss p\u00e5 info@hangover.eu eller +46 709742489 s\u00e5 ordnar vi det utan merkostnad.--><\/p>\n","protected":false},"excerpt":{"rendered":"<p>\u00c5ngerr\u00e4tt\/\u00d6ppet k\u00f6p Du har 30 dagars \u00e5ngerr\u00e4tt p\u00e5 ditt k\u00f6p. Med andra ord hela 30 dagars \u00f6ppet k\u00f6p. Du kan testa produkten i lugn och ro. Detta r\u00e4knas fr\u00e5n dagen d\u00e5 varorna ankom till dig. V\u00e4ljer du att utnyttja \u00e5ngerr\u00e4tten betalar vi din retur. Om du r\u00e5kar best\u00e4lla fel produkt st\u00e5r vi f\u00f6r returkostnaden och [&hellip;]<\/p>\n","protected":false},"author":2,"featured_media":0,"parent":0,"menu_order":0,"comment_status":"closed","ping_status":"open","template":"","meta":{"footnotes":""},"class_list":["post-385","page","type-page","status-publish","hentry"],"yoast_head":"<!-- This site is optimized with the Yoast SEO plugin v27.6 - https:\/\/yoast.com\/product\/yoast-seo-wordpress\/ -->\n<title>K\u00f6pvillkor | Hang Over<\/title>\n<meta name=\"robots\" content=\"index, follow, max-snippet:-1, max-image-preview:large, max-video-preview:-1\" \/>\n<link rel=\"canonical\" href=\"https:\/\/www.hangover.eu\/sv\/kopvillkor\/\" \/>\n<meta property=\"og:locale\" content=\"sv_SE\" \/>\n<meta property=\"og:type\" content=\"article\" \/>\n<meta property=\"og:title\" content=\"K\u00f6pvillkor | Hang Over\" \/>\n<meta property=\"og:description\" content=\"\u00c5ngerr\u00e4tt\/\u00d6ppet k\u00f6p Du har 30 dagars \u00e5ngerr\u00e4tt p\u00e5 ditt k\u00f6p. Med andra ord hela 30 dagars \u00f6ppet k\u00f6p. Du kan testa produkten i lugn och ro. Detta r\u00e4knas fr\u00e5n dagen d\u00e5 varorna ankom till dig. V\u00e4ljer du att utnyttja \u00e5ngerr\u00e4tten betalar vi din retur. Om du r\u00e5kar best\u00e4lla fel produkt st\u00e5r vi f\u00f6r returkostnaden och [&hellip;]\" \/>\n<meta property=\"og:url\" content=\"https:\/\/www.hangover.eu\/sv\/kopvillkor\/\" \/>\n<meta property=\"og:site_name\" content=\"Hang Over\" \/>\n<meta property=\"article:publisher\" content=\"https:\/\/www.facebook.com\/travelwaxer\" \/>\n<meta property=\"article:modified_time\" content=\"2025-03-23T12:25:33+00:00\" \/>\n<meta name=\"twitter:card\" content=\"summary_large_image\" \/>\n<meta name=\"twitter:label1\" content=\"Ber\u00e4knad l\u00e4stid\" \/>\n\t<meta name=\"twitter:data1\" content=\"2 minut\" \/>\n<script type=\"application\/ld+json\" class=\"yoast-schema-graph\">{\"@context\":\"https:\\\/\\\/schema.org\",\"@graph\":[{\"@type\":\"WebPage\",\"@id\":\"https:\\\/\\\/www.hangover.eu\\\/sv\\\/kopvillkor\\\/\",\"url\":\"https:\\\/\\\/www.hangover.eu\\\/sv\\\/kopvillkor\\\/\",\"name\":\"K\u00f6pvillkor | Hang Over\",\"isPartOf\":{\"@id\":\"https:\\\/\\\/www.hangover.eu\\\/sv\\\/#website\"},\"datePublished\":\"2013-11-15T13:22:45+00:00\",\"dateModified\":\"2025-03-23T12:25:33+00:00\",\"breadcrumb\":{\"@id\":\"https:\\\/\\\/www.hangover.eu\\\/sv\\\/kopvillkor\\\/#breadcrumb\"},\"inLanguage\":\"sv-SE\",\"potentialAction\":[{\"@type\":\"ReadAction\",\"target\":[\"https:\\\/\\\/www.hangover.eu\\\/sv\\\/kopvillkor\\\/\"]}]},{\"@type\":\"BreadcrumbList\",\"@id\":\"https:\\\/\\\/www.hangover.eu\\\/sv\\\/kopvillkor\\\/#breadcrumb\",\"itemListElement\":[{\"@type\":\"ListItem\",\"position\":1,\"name\":\"Home\",\"item\":\"https:\\\/\\\/www.hangover.eu\\\/sv\\\/\"},{\"@type\":\"ListItem\",\"position\":2,\"name\":\"K\u00f6pvillkor\"}]},{\"@type\":\"WebSite\",\"@id\":\"https:\\\/\\\/www.hangover.eu\\\/sv\\\/#website\",\"url\":\"https:\\\/\\\/www.hangover.eu\\\/sv\\\/\",\"name\":\"Hang Over\",\"description\":\"Smartare och snyggare d\u00f6rrh\u00e4ngare\",\"publisher\":{\"@id\":\"https:\\\/\\\/www.hangover.eu\\\/sv\\\/#organization\"},\"potentialAction\":[{\"@type\":\"SearchAction\",\"target\":{\"@type\":\"EntryPoint\",\"urlTemplate\":\"https:\\\/\\\/www.hangover.eu\\\/sv\\\/?s={search_term_string}\"},\"query-input\":{\"@type\":\"PropertyValueSpecification\",\"valueRequired\":true,\"valueName\":\"search_term_string\"}}],\"inLanguage\":\"sv-SE\"},{\"@type\":\"Organization\",\"@id\":\"https:\\\/\\\/www.hangover.eu\\\/sv\\\/#organization\",\"name\":\"Hang Over\",\"url\":\"https:\\\/\\\/www.hangover.eu\\\/sv\\\/\",\"logo\":{\"@type\":\"ImageObject\",\"inLanguage\":\"sv-SE\",\"@id\":\"https:\\\/\\\/www.hangover.eu\\\/sv\\\/#\\\/schema\\\/logo\\\/image\\\/\",\"url\":\"https:\\\/\\\/i0.wp.com\\\/www.hangover.eu\\\/wp-content\\\/uploads\\\/cropped-ho_logo_highres-1.png?fit=1241%2C597&ssl=1\",\"contentUrl\":\"https:\\\/\\\/i0.wp.com\\\/www.hangover.eu\\\/wp-content\\\/uploads\\\/cropped-ho_logo_highres-1.png?fit=1241%2C597&ssl=1\",\"width\":1241,\"height\":597,\"caption\":\"Hang Over\"},\"image\":{\"@id\":\"https:\\\/\\\/www.hangover.eu\\\/sv\\\/#\\\/schema\\\/logo\\\/image\\\/\"},\"sameAs\":[\"https:\\\/\\\/www.facebook.com\\\/travelwaxer\"]}]}<\/script>\n<!-- \/ Yoast SEO plugin. -->","yoast_head_json":{"title":"K\u00f6pvillkor | Hang Over","robots":{"index":"index","follow":"follow","max-snippet":"max-snippet:-1","max-image-preview":"max-image-preview:large","max-video-preview":"max-video-preview:-1"},"canonical":"https:\/\/www.hangover.eu\/sv\/kopvillkor\/","og_locale":"sv_SE","og_type":"article","og_title":"K\u00f6pvillkor | Hang Over","og_description":"\u00c5ngerr\u00e4tt\/\u00d6ppet k\u00f6p Du har 30 dagars \u00e5ngerr\u00e4tt p\u00e5 ditt k\u00f6p. Med andra ord hela 30 dagars \u00f6ppet k\u00f6p. Du kan testa produkten i lugn och ro. Detta r\u00e4knas fr\u00e5n dagen d\u00e5 varorna ankom till dig. V\u00e4ljer du att utnyttja \u00e5ngerr\u00e4tten betalar vi din retur. Om du r\u00e5kar best\u00e4lla fel produkt st\u00e5r vi f\u00f6r returkostnaden och [&hellip;]","og_url":"https:\/\/www.hangover.eu\/sv\/kopvillkor\/","og_site_name":"Hang Over","article_publisher":"https:\/\/www.facebook.com\/travelwaxer","article_modified_time":"2025-03-23T12:25:33+00:00","twitter_card":"summary_large_image","twitter_misc":{"Ber\u00e4knad l\u00e4stid":"2 minut"},"schema":{"@context":"https:\/\/schema.org","@graph":[{"@type":"WebPage","@id":"https:\/\/www.hangover.eu\/sv\/kopvillkor\/","url":"https:\/\/www.hangover.eu\/sv\/kopvillkor\/","name":"K\u00f6pvillkor | Hang Over","isPartOf":{"@id":"https:\/\/www.hangover.eu\/sv\/#website"},"datePublished":"2013-11-15T13:22:45+00:00","dateModified":"2025-03-23T12:25:33+00:00","breadcrumb":{"@id":"https:\/\/www.hangover.eu\/sv\/kopvillkor\/#breadcrumb"},"inLanguage":"sv-SE","potentialAction":[{"@type":"ReadAction","target":["https:\/\/www.hangover.eu\/sv\/kopvillkor\/"]}]},{"@type":"BreadcrumbList","@id":"https:\/\/www.hangover.eu\/sv\/kopvillkor\/#breadcrumb","itemListElement":[{"@type":"ListItem","position":1,"name":"Home","item":"https:\/\/www.hangover.eu\/sv\/"},{"@type":"ListItem","position":2,"name":"K\u00f6pvillkor"}]},{"@type":"WebSite","@id":"https:\/\/www.hangover.eu\/sv\/#website","url":"https:\/\/www.hangover.eu\/sv\/","name":"Hang Over","description":"Smartare och snyggare d\u00f6rrh\u00e4ngare","publisher":{"@id":"https:\/\/www.hangover.eu\/sv\/#organization"},"potentialAction":[{"@type":"SearchAction","target":{"@type":"EntryPoint","urlTemplate":"https:\/\/www.hangover.eu\/sv\/?s={search_term_string}"},"query-input":{"@type":"PropertyValueSpecification","valueRequired":true,"valueName":"search_term_string"}}],"inLanguage":"sv-SE"},{"@type":"Organization","@id":"https:\/\/www.hangover.eu\/sv\/#organization","name":"Hang Over","url":"https:\/\/www.hangover.eu\/sv\/","logo":{"@type":"ImageObject","inLanguage":"sv-SE","@id":"https:\/\/www.hangover.eu\/sv\/#\/schema\/logo\/image\/","url":"https:\/\/i0.wp.com\/www.hangover.eu\/wp-content\/uploads\/cropped-ho_logo_highres-1.png?fit=1241%2C597&ssl=1","contentUrl":"https:\/\/i0.wp.com\/www.hangover.eu\/wp-content\/uploads\/cropped-ho_logo_highres-1.png?fit=1241%2C597&ssl=1","width":1241,"height":597,"caption":"Hang Over"},"image":{"@id":"https:\/\/www.hangover.eu\/sv\/#\/schema\/logo\/image\/"},"sameAs":["https:\/\/www.facebook.com\/travelwaxer"]}]}},"jetpack_sharing_enabled":true,"_links":{"self":[{"href":"https:\/\/www.hangover.eu\/sv\/wp-json\/wp\/v2\/pages\/385","targetHints":{"allow":["GET"]}}],"collection":[{"href":"https:\/\/www.hangover.eu\/sv\/wp-json\/wp\/v2\/pages"}],"about":[{"href":"https:\/\/www.hangover.eu\/sv\/wp-json\/wp\/v2\/types\/page"}],"author":[{"embeddable":true,"href":"https:\/\/www.hangover.eu\/sv\/wp-json\/wp\/v2\/users\/2"}],"replies":[{"embeddable":true,"href":"https:\/\/www.hangover.eu\/sv\/wp-json\/wp\/v2\/comments?post=385"}],"version-history":[{"count":28,"href":"https:\/\/www.hangover.eu\/sv\/wp-json\/wp\/v2\/pages\/385\/revisions"}],"predecessor-version":[{"id":7297,"href":"https:\/\/www.hangover.eu\/sv\/wp-json\/wp\/v2\/pages\/385\/revisions\/7297"}],"wp:attachment":[{"href":"https:\/\/www.hangover.eu\/sv\/wp-json\/wp\/v2\/media?parent=385"}],"curies":[{"name":"wp","href":"https:\/\/api.w.org\/{rel}","templated":true}]}}