{"id":5685,"date":"2015-07-31T18:43:22","date_gmt":"2020-01-30T21:08:57","guid":{"rendered":"https:\/\/www.hangover.eu\/?post_type=product&#038;p=5685"},"modified":"2025-06-15T08:34:27","modified_gmt":"2025-06-15T08:34:27","slug":"patere-pour-portes-42-mm-12-crochets","status":"publish","type":"product","link":"https:\/\/www.hangover.eu\/fr\/produit\/patere-pour-portes-42-mm-12-crochets\/","title":{"rendered":"Hang Over &#8211; pat\u00e8re pour port, 42 mm, 12 crochets"},"content":{"rendered":"","protected":false},"excerpt":{"rendered":"<p><strong>[title]<\/strong> pat\u00e8re permet une utilisation maximale de la porte pour le rangement. Les enfants peuvent facilement atteindre leurs v\u00eatements sur la rang\u00e9e de crochets du milieu ou du bas. Design \u00e9pur\u00e9 en blanc avec boutons en aluminium bross\u00e9.<\/p>\n","protected":false},"featured_media":6501,"comment_status":"open","ping_status":"closed","template":"","meta":{"footnotes":""},"product_brand":[],"product_cat":[214],"product_tag":[],"class_list":{"0":"post-5685","1":"product","2":"type-product","3":"status-publish","4":"has-post-thumbnail","6":"product_cat-pateres-pour-porte","8":"first","9":"onbackorder","10":"taxable","11":"shipping-taxable","12":"purchasable","13":"product-type-simple"},"yoast_head":"<!-- This site is optimized with the Yoast SEO plugin v27.5 - https:\/\/yoast.com\/product\/yoast-seo-wordpress\/ -->\n<title>Hang Over - pat\u00e8re pour port, 42 mm, 12 crochets | Hang Over<\/title>\n<meta name=\"robots\" content=\"index, follow, max-snippet:-1, max-image-preview:large, max-video-preview:-1\" \/>\n<link rel=\"canonical\" href=\"https:\/\/www.hangover.eu\/fr\/produit\/patere-pour-portes-42-mm-12-crochets\/\" \/>\n<meta property=\"og:locale\" content=\"fr_FR\" \/>\n<meta property=\"og:type\" content=\"article\" \/>\n<meta property=\"og:title\" content=\"Hang Over - pat\u00e8re pour port, 42 mm, 12 crochets | Hang Over\" \/>\n<meta property=\"og:description\" content=\"pat\u00e8re permet une utilisation maximale de la porte pour le rangement. Les enfants peuvent facilement atteindre leurs v\u00eatements sur la rang\u00e9e de crochets du milieu ou du bas. Design \u00e9pur\u00e9 en blanc avec boutons en aluminium bross\u00e9.\" \/>\n<meta property=\"og:url\" content=\"https:\/\/www.hangover.eu\/fr\/produit\/patere-pour-portes-42-mm-12-crochets\/\" \/>\n<meta property=\"og:site_name\" content=\"Hang Over\" \/>\n<meta property=\"article:publisher\" content=\"https:\/\/www.facebook.com\/travelwaxer\" \/>\n<meta property=\"article:modified_time\" content=\"2025-06-15T08:34:27+00:00\" \/>\n<meta property=\"og:image\" content=\"https:\/\/i0.wp.com\/www.hangover.eu\/wp-content\/uploads\/dorrhangare-12-krokar-5-2.jpg?fit=853%2C1280&ssl=1\" \/>\n\t<meta property=\"og:image:width\" content=\"853\" \/>\n\t<meta property=\"og:image:height\" content=\"1280\" \/>\n\t<meta property=\"og:image:type\" content=\"image\/jpeg\" \/>\n<meta name=\"twitter:card\" content=\"summary_large_image\" \/>\n<meta name=\"twitter:label1\" content=\"Dur\u00e9e de lecture estim\u00e9e\" \/>\n\t<meta name=\"twitter:data1\" content=\"1 minute\" \/>\n<script type=\"application\/ld+json\" class=\"yoast-schema-graph\">{\"@context\":\"https:\\\/\\\/schema.org\",\"@graph\":[{\"@type\":[\"WebPage\",\"ItemPage\"],\"@id\":\"https:\\\/\\\/www.hangover.eu\\\/fr\\\/produit\\\/patere-pour-portes-42-mm-12-crochets\\\/\",\"url\":\"https:\\\/\\\/www.hangover.eu\\\/fr\\\/produit\\\/patere-pour-portes-42-mm-12-crochets\\\/\",\"name\":\"Hang Over - pat\u00e8re pour port, 42 mm, 12 crochets | Hang Over\",\"isPartOf\":{\"@id\":\"https:\\\/\\\/www.hangover.eu\\\/fr\\\/#website\"},\"primaryImageOfPage\":{\"@id\":\"https:\\\/\\\/www.hangover.eu\\\/fr\\\/produit\\\/patere-pour-portes-42-mm-12-crochets\\\/#primaryimage\"},\"image\":{\"@id\":\"https:\\\/\\\/www.hangover.eu\\\/fr\\\/produit\\\/patere-pour-portes-42-mm-12-crochets\\\/#primaryimage\"},\"thumbnailUrl\":\"https:\\\/\\\/i0.wp.com\\\/www.hangover.eu\\\/wp-content\\\/uploads\\\/dorrhangare-12-krokar-5-2.jpg?fit=853%2C1280&ssl=1\",\"datePublished\":\"2020-01-30T21:08:57+00:00\",\"dateModified\":\"2025-06-15T08:34:27+00:00\",\"breadcrumb\":{\"@id\":\"https:\\\/\\\/www.hangover.eu\\\/fr\\\/produit\\\/patere-pour-portes-42-mm-12-crochets\\\/#breadcrumb\"},\"inLanguage\":\"fr-FR\",\"potentialAction\":[{\"@type\":\"ReadAction\",\"target\":[\"https:\\\/\\\/www.hangover.eu\\\/fr\\\/produit\\\/patere-pour-portes-42-mm-12-crochets\\\/\"]}]},{\"@type\":\"ImageObject\",\"inLanguage\":\"fr-FR\",\"@id\":\"https:\\\/\\\/www.hangover.eu\\\/fr\\\/produit\\\/patere-pour-portes-42-mm-12-crochets\\\/#primaryimage\",\"url\":\"https:\\\/\\\/i0.wp.com\\\/www.hangover.eu\\\/wp-content\\\/uploads\\\/dorrhangare-12-krokar-5-2.jpg?fit=853%2C1280&ssl=1\",\"contentUrl\":\"https:\\\/\\\/i0.wp.com\\\/www.hangover.eu\\\/wp-content\\\/uploads\\\/dorrhangare-12-krokar-5-2.jpg?fit=853%2C1280&ssl=1\",\"width\":853,\"height\":1280,\"caption\":\"Hanger for doors with 12 hook\"},{\"@type\":\"BreadcrumbList\",\"@id\":\"https:\\\/\\\/www.hangover.eu\\\/fr\\\/produit\\\/patere-pour-portes-42-mm-12-crochets\\\/#breadcrumb\",\"itemListElement\":[{\"@type\":\"ListItem\",\"position\":1,\"name\":\"Home\",\"item\":\"https:\\\/\\\/www.hangover.eu\\\/fr\\\/innovative-and-stylish-over-door-hangers\\\/\"},{\"@type\":\"ListItem\",\"position\":2,\"name\":\"Produits\",\"item\":\"https:\\\/\\\/www.hangover.eu\\\/fr\\\/shop\\\/\"},{\"@type\":\"ListItem\",\"position\":3,\"name\":\"Hang Over &#8211; pat\u00e8re pour port, 42 mm, 12 crochets\"}]},{\"@type\":\"WebSite\",\"@id\":\"https:\\\/\\\/www.hangover.eu\\\/fr\\\/#website\",\"url\":\"https:\\\/\\\/www.hangover.eu\\\/fr\\\/\",\"name\":\"Hang Over\",\"description\":\"Innovative and stylish over door hangers\",\"publisher\":{\"@id\":\"https:\\\/\\\/www.hangover.eu\\\/fr\\\/#organization\"},\"potentialAction\":[{\"@type\":\"SearchAction\",\"target\":{\"@type\":\"EntryPoint\",\"urlTemplate\":\"https:\\\/\\\/www.hangover.eu\\\/fr\\\/?s={search_term_string}\"},\"query-input\":{\"@type\":\"PropertyValueSpecification\",\"valueRequired\":true,\"valueName\":\"search_term_string\"}}],\"inLanguage\":\"fr-FR\"},{\"@type\":\"Organization\",\"@id\":\"https:\\\/\\\/www.hangover.eu\\\/fr\\\/#organization\",\"name\":\"Hang Over\",\"url\":\"https:\\\/\\\/www.hangover.eu\\\/fr\\\/\",\"logo\":{\"@type\":\"ImageObject\",\"inLanguage\":\"fr-FR\",\"@id\":\"https:\\\/\\\/www.hangover.eu\\\/fr\\\/#\\\/schema\\\/logo\\\/image\\\/\",\"url\":\"https:\\\/\\\/i0.wp.com\\\/www.hangover.eu\\\/wp-content\\\/uploads\\\/cropped-ho_logo_highres-1.png?fit=1241%2C597&ssl=1\",\"contentUrl\":\"https:\\\/\\\/i0.wp.com\\\/www.hangover.eu\\\/wp-content\\\/uploads\\\/cropped-ho_logo_highres-1.png?fit=1241%2C597&ssl=1\",\"width\":1241,\"height\":597,\"caption\":\"Hang Over\"},\"image\":{\"@id\":\"https:\\\/\\\/www.hangover.eu\\\/fr\\\/#\\\/schema\\\/logo\\\/image\\\/\"},\"sameAs\":[\"https:\\\/\\\/www.facebook.com\\\/travelwaxer\"]}]}<\/script>\n<!-- \/ Yoast SEO plugin. -->","yoast_head_json":{"title":"Hang Over - pat\u00e8re pour port, 42 mm, 12 crochets | Hang Over","robots":{"index":"index","follow":"follow","max-snippet":"max-snippet:-1","max-image-preview":"max-image-preview:large","max-video-preview":"max-video-preview:-1"},"canonical":"https:\/\/www.hangover.eu\/fr\/produit\/patere-pour-portes-42-mm-12-crochets\/","og_locale":"fr_FR","og_type":"article","og_title":"Hang Over - pat\u00e8re pour port, 42 mm, 12 crochets | Hang Over","og_description":"pat\u00e8re permet une utilisation maximale de la porte pour le rangement. Les enfants peuvent facilement atteindre leurs v\u00eatements sur la rang\u00e9e de crochets du milieu ou du bas. Design \u00e9pur\u00e9 en blanc avec boutons en aluminium bross\u00e9.","og_url":"https:\/\/www.hangover.eu\/fr\/produit\/patere-pour-portes-42-mm-12-crochets\/","og_site_name":"Hang Over","article_publisher":"https:\/\/www.facebook.com\/travelwaxer","article_modified_time":"2025-06-15T08:34:27+00:00","og_image":[{"width":853,"height":1280,"url":"https:\/\/i0.wp.com\/www.hangover.eu\/wp-content\/uploads\/dorrhangare-12-krokar-5-2.jpg?fit=853%2C1280&ssl=1","type":"image\/jpeg"}],"twitter_card":"summary_large_image","twitter_misc":{"Dur\u00e9e de lecture estim\u00e9e":"1 minute"},"schema":{"@context":"https:\/\/schema.org","@graph":[{"@type":["WebPage","ItemPage"],"@id":"https:\/\/www.hangover.eu\/fr\/produit\/patere-pour-portes-42-mm-12-crochets\/","url":"https:\/\/www.hangover.eu\/fr\/produit\/patere-pour-portes-42-mm-12-crochets\/","name":"Hang Over - pat\u00e8re pour port, 42 mm, 12 crochets | Hang Over","isPartOf":{"@id":"https:\/\/www.hangover.eu\/fr\/#website"},"primaryImageOfPage":{"@id":"https:\/\/www.hangover.eu\/fr\/produit\/patere-pour-portes-42-mm-12-crochets\/#primaryimage"},"image":{"@id":"https:\/\/www.hangover.eu\/fr\/produit\/patere-pour-portes-42-mm-12-crochets\/#primaryimage"},"thumbnailUrl":"https:\/\/i0.wp.com\/www.hangover.eu\/wp-content\/uploads\/dorrhangare-12-krokar-5-2.jpg?fit=853%2C1280&ssl=1","datePublished":"2020-01-30T21:08:57+00:00","dateModified":"2025-06-15T08:34:27+00:00","breadcrumb":{"@id":"https:\/\/www.hangover.eu\/fr\/produit\/patere-pour-portes-42-mm-12-crochets\/#breadcrumb"},"inLanguage":"fr-FR","potentialAction":[{"@type":"ReadAction","target":["https:\/\/www.hangover.eu\/fr\/produit\/patere-pour-portes-42-mm-12-crochets\/"]}]},{"@type":"ImageObject","inLanguage":"fr-FR","@id":"https:\/\/www.hangover.eu\/fr\/produit\/patere-pour-portes-42-mm-12-crochets\/#primaryimage","url":"https:\/\/i0.wp.com\/www.hangover.eu\/wp-content\/uploads\/dorrhangare-12-krokar-5-2.jpg?fit=853%2C1280&ssl=1","contentUrl":"https:\/\/i0.wp.com\/www.hangover.eu\/wp-content\/uploads\/dorrhangare-12-krokar-5-2.jpg?fit=853%2C1280&ssl=1","width":853,"height":1280,"caption":"Hanger for doors with 12 hook"},{"@type":"BreadcrumbList","@id":"https:\/\/www.hangover.eu\/fr\/produit\/patere-pour-portes-42-mm-12-crochets\/#breadcrumb","itemListElement":[{"@type":"ListItem","position":1,"name":"Home","item":"https:\/\/www.hangover.eu\/fr\/innovative-and-stylish-over-door-hangers\/"},{"@type":"ListItem","position":2,"name":"Produits","item":"https:\/\/www.hangover.eu\/fr\/shop\/"},{"@type":"ListItem","position":3,"name":"Hang Over &#8211; pat\u00e8re pour port, 42 mm, 12 crochets"}]},{"@type":"WebSite","@id":"https:\/\/www.hangover.eu\/fr\/#website","url":"https:\/\/www.hangover.eu\/fr\/","name":"Hang Over","description":"Innovative and stylish over door hangers","publisher":{"@id":"https:\/\/www.hangover.eu\/fr\/#organization"},"potentialAction":[{"@type":"SearchAction","target":{"@type":"EntryPoint","urlTemplate":"https:\/\/www.hangover.eu\/fr\/?s={search_term_string}"},"query-input":{"@type":"PropertyValueSpecification","valueRequired":true,"valueName":"search_term_string"}}],"inLanguage":"fr-FR"},{"@type":"Organization","@id":"https:\/\/www.hangover.eu\/fr\/#organization","name":"Hang Over","url":"https:\/\/www.hangover.eu\/fr\/","logo":{"@type":"ImageObject","inLanguage":"fr-FR","@id":"https:\/\/www.hangover.eu\/fr\/#\/schema\/logo\/image\/","url":"https:\/\/i0.wp.com\/www.hangover.eu\/wp-content\/uploads\/cropped-ho_logo_highres-1.png?fit=1241%2C597&ssl=1","contentUrl":"https:\/\/i0.wp.com\/www.hangover.eu\/wp-content\/uploads\/cropped-ho_logo_highres-1.png?fit=1241%2C597&ssl=1","width":1241,"height":597,"caption":"Hang Over"},"image":{"@id":"https:\/\/www.hangover.eu\/fr\/#\/schema\/logo\/image\/"},"sameAs":["https:\/\/www.facebook.com\/travelwaxer"]}]}},"jetpack_sharing_enabled":true,"_links":{"self":[{"href":"https:\/\/www.hangover.eu\/fr\/wp-json\/wp\/v2\/product\/5685","targetHints":{"allow":["GET"]}}],"collection":[{"href":"https:\/\/www.hangover.eu\/fr\/wp-json\/wp\/v2\/product"}],"about":[{"href":"https:\/\/www.hangover.eu\/fr\/wp-json\/wp\/v2\/types\/product"}],"replies":[{"embeddable":true,"href":"https:\/\/www.hangover.eu\/fr\/wp-json\/wp\/v2\/comments?post=5685"}],"version-history":[{"count":3,"href":"https:\/\/www.hangover.eu\/fr\/wp-json\/wp\/v2\/product\/5685\/revisions"}],"predecessor-version":[{"id":7487,"href":"https:\/\/www.hangover.eu\/fr\/wp-json\/wp\/v2\/product\/5685\/revisions\/7487"}],"wp:featuredmedia":[{"embeddable":true,"href":"https:\/\/www.hangover.eu\/fr\/wp-json\/wp\/v2\/media\/6501"}],"wp:attachment":[{"href":"https:\/\/www.hangover.eu\/fr\/wp-json\/wp\/v2\/media?parent=5685"}],"wp:term":[{"taxonomy":"product_brand","embeddable":true,"href":"https:\/\/www.hangover.eu\/fr\/wp-json\/wp\/v2\/product_brand?post=5685"},{"taxonomy":"product_cat","embeddable":true,"href":"https:\/\/www.hangover.eu\/fr\/wp-json\/wp\/v2\/product_cat?post=5685"},{"taxonomy":"product_tag","embeddable":true,"href":"https:\/\/www.hangover.eu\/fr\/wp-json\/wp\/v2\/product_tag?post=5685"}],"curies":[{"name":"wp","href":"https:\/\/api.w.org\/{rel}","templated":true}]}}