{"id":7510,"date":"2025-06-16T10:18:21","date_gmt":"2025-06-16T10:18:21","guid":{"rendered":"https:\/\/www.hangover.eu\/?page_id=7510"},"modified":"2026-03-12T14:42:30","modified_gmt":"2026-03-12T14:42:30","slug":"questions-frequentes","status":"publish","type":"page","link":"https:\/\/www.hangover.eu\/fr\/questions-frequentes\/","title":{"rendered":"Questions fr\u00e9quentes"},"content":{"rendered":"\n<div class=\"schema-faq wp-block-yoast-faq-block\"><div class=\"schema-faq-section\" id=\"faq-question-1750068797905\"><strong class=\"schema-faq-question\">Existe-t-il un crochet de porte adapt\u00e9 aux portes d&rsquo;armoires?<\/strong> <p class=\"schema-faq-answer\">Oui, nous proposons des crochets sp\u00e9cialement con\u00e7us pour les portes d&rsquo;e placard&rsquo;armoires.<br\/>Les portes de placard font g\u00e9n\u00e9ralement 16 mm d\u2019\u00e9paisseur. Nos crochets pour portes de placard ont un espace de 20 mm, ce qui les rend parfaitement adapt\u00e9s. Vous pouvez consulter tous les mod\u00e8les pour portes de placard <a href=\"https:\/\/www.hangover.eu\/fr\/categorie-produit\/pateres-pour-porte\/\">ici<\/a>.<\/p> <\/div> <div class=\"schema-faq-section\" id=\"faq-question-1750068963953\"><strong class=\"schema-faq-question\">Est-ce que vos crochets de porte rayent la porte?<\/strong> <p class=\"schema-faq-answer\">Non, tous nos crochets sont \u00e9quip\u00e9s de coussinets en mousse qui recouvrent les vis \u00e0 l\u2019arri\u00e8re du crochet, prot\u00e9geant ainsi la porte contre les rayures.<\/p> <\/div> <div class=\"schema-faq-section\" id=\"faq-question-1750068988315\"><strong class=\"schema-faq-question\">Je n\u2019ai pas de porte adapt\u00e9e \u00e0 un crochet de porte. Y a-t-il des alternatives?<\/strong> <p class=\"schema-faq-answer\">Oui, nos <a href=\"https:\/\/www.hangover.eu\/fr\/product_category\/patere-pour-bords\/\">crochet pour bords<\/a> peuvent \u00eatre viss\u00e9s sur n\u2019importe quel bord.<br\/>Ils permettent une solution flexible m\u00eame sans porte classique.<\/p> <\/div> <\/div>\n\n\n\n<p><\/p>\n","protected":false},"excerpt":{"rendered":"","protected":false},"author":2,"featured_media":0,"parent":0,"menu_order":0,"comment_status":"closed","ping_status":"closed","template":"","meta":{"footnotes":""},"class_list":["post-7510","page","type-page","status-publish","hentry"],"yoast_head":"<!-- This site is optimized with the Yoast SEO plugin v27.5 - https:\/\/yoast.com\/product\/yoast-seo-wordpress\/ -->\n<title>Questions fr\u00e9quentes | Hang Over<\/title>\n<meta name=\"robots\" content=\"index, follow, max-snippet:-1, max-image-preview:large, max-video-preview:-1\" \/>\n<link rel=\"canonical\" href=\"https:\/\/www.hangover.eu\/fr\/questions-frequentes\/\" \/>\n<meta property=\"og:locale\" content=\"fr_FR\" \/>\n<meta property=\"og:type\" content=\"article\" \/>\n<meta property=\"og:title\" content=\"Questions fr\u00e9quentes | Hang Over\" \/>\n<meta property=\"og:url\" content=\"https:\/\/www.hangover.eu\/fr\/questions-frequentes\/\" \/>\n<meta property=\"og:site_name\" content=\"Hang Over\" \/>\n<meta property=\"article:publisher\" content=\"https:\/\/www.facebook.com\/travelwaxer\" \/>\n<meta property=\"article:modified_time\" content=\"2026-03-12T14:42:30+00:00\" \/>\n<meta name=\"twitter:card\" content=\"summary_large_image\" \/>\n<meta name=\"twitter:label1\" content=\"Dur\u00e9e de lecture estim\u00e9e\" \/>\n\t<meta name=\"twitter:data1\" content=\"1 minute\" \/>\n<script type=\"application\/ld+json\" class=\"yoast-schema-graph\">{\"@context\":\"https:\\\/\\\/schema.org\",\"@graph\":[{\"@type\":[\"WebPage\",\"FAQPage\"],\"@id\":\"https:\\\/\\\/www.hangover.eu\\\/fr\\\/questions-frequentes\\\/\",\"url\":\"https:\\\/\\\/www.hangover.eu\\\/fr\\\/questions-frequentes\\\/\",\"name\":\"Questions fr\u00e9quentes | Hang Over\",\"isPartOf\":{\"@id\":\"https:\\\/\\\/www.hangover.eu\\\/fr\\\/#website\"},\"datePublished\":\"2025-06-16T10:18:21+00:00\",\"dateModified\":\"2026-03-12T14:42:30+00:00\",\"breadcrumb\":{\"@id\":\"https:\\\/\\\/www.hangover.eu\\\/fr\\\/questions-frequentes\\\/#breadcrumb\"},\"mainEntity\":[{\"@id\":\"https:\\\/\\\/www.hangover.eu\\\/fr\\\/questions-frequentes\\\/#faq-question-1750068797905\"},{\"@id\":\"https:\\\/\\\/www.hangover.eu\\\/fr\\\/questions-frequentes\\\/#faq-question-1750068963953\"},{\"@id\":\"https:\\\/\\\/www.hangover.eu\\\/fr\\\/questions-frequentes\\\/#faq-question-1750068988315\"}],\"inLanguage\":\"fr-FR\",\"potentialAction\":[{\"@type\":\"ReadAction\",\"target\":[\"https:\\\/\\\/www.hangover.eu\\\/fr\\\/questions-frequentes\\\/\"]}]},{\"@type\":\"BreadcrumbList\",\"@id\":\"https:\\\/\\\/www.hangover.eu\\\/fr\\\/questions-frequentes\\\/#breadcrumb\",\"itemListElement\":[{\"@type\":\"ListItem\",\"position\":1,\"name\":\"Home\",\"item\":\"https:\\\/\\\/www.hangover.eu\\\/fr\\\/innovative-and-stylish-over-door-hangers\\\/\"},{\"@type\":\"ListItem\",\"position\":2,\"name\":\"Questions fr\u00e9quentes\"}]},{\"@type\":\"WebSite\",\"@id\":\"https:\\\/\\\/www.hangover.eu\\\/fr\\\/#website\",\"url\":\"https:\\\/\\\/www.hangover.eu\\\/fr\\\/\",\"name\":\"Hang Over\",\"description\":\"Innovative and stylish over door hangers\",\"publisher\":{\"@id\":\"https:\\\/\\\/www.hangover.eu\\\/fr\\\/#organization\"},\"potentialAction\":[{\"@type\":\"SearchAction\",\"target\":{\"@type\":\"EntryPoint\",\"urlTemplate\":\"https:\\\/\\\/www.hangover.eu\\\/fr\\\/?s={search_term_string}\"},\"query-input\":{\"@type\":\"PropertyValueSpecification\",\"valueRequired\":true,\"valueName\":\"search_term_string\"}}],\"inLanguage\":\"fr-FR\"},{\"@type\":\"Organization\",\"@id\":\"https:\\\/\\\/www.hangover.eu\\\/fr\\\/#organization\",\"name\":\"Hang Over\",\"url\":\"https:\\\/\\\/www.hangover.eu\\\/fr\\\/\",\"logo\":{\"@type\":\"ImageObject\",\"inLanguage\":\"fr-FR\",\"@id\":\"https:\\\/\\\/www.hangover.eu\\\/fr\\\/#\\\/schema\\\/logo\\\/image\\\/\",\"url\":\"https:\\\/\\\/i0.wp.com\\\/www.hangover.eu\\\/wp-content\\\/uploads\\\/cropped-ho_logo_highres-1.png?fit=1241%2C597&ssl=1\",\"contentUrl\":\"https:\\\/\\\/i0.wp.com\\\/www.hangover.eu\\\/wp-content\\\/uploads\\\/cropped-ho_logo_highres-1.png?fit=1241%2C597&ssl=1\",\"width\":1241,\"height\":597,\"caption\":\"Hang Over\"},\"image\":{\"@id\":\"https:\\\/\\\/www.hangover.eu\\\/fr\\\/#\\\/schema\\\/logo\\\/image\\\/\"},\"sameAs\":[\"https:\\\/\\\/www.facebook.com\\\/travelwaxer\"]},{\"@type\":\"Question\",\"@id\":\"https:\\\/\\\/www.hangover.eu\\\/fr\\\/questions-frequentes\\\/#faq-question-1750068797905\",\"position\":1,\"url\":\"https:\\\/\\\/www.hangover.eu\\\/fr\\\/questions-frequentes\\\/#faq-question-1750068797905\",\"name\":\"Existe-t-il un crochet de porte adapt\u00e9 aux portes d'armoires?\",\"answerCount\":1,\"acceptedAnswer\":{\"@type\":\"Answer\",\"text\":\"Oui, nous proposons des crochets sp\u00e9cialement con\u00e7us pour les portes d'e placard'armoires.<br\\\/>Les portes de placard font g\u00e9n\u00e9ralement 16 mm d\u2019\u00e9paisseur. Nos crochets pour portes de placard ont un espace de 20 mm, ce qui les rend parfaitement adapt\u00e9s. Vous pouvez consulter tous les mod\u00e8les pour portes de placard <a href=\\\"https:\\\/\\\/www.hangover.eu\\\/fr\\\/product_category\\\/pateres-pour-portes-darmoires\\\/\\\">ici<\\\/a>.\",\"inLanguage\":\"fr-FR\"},\"inLanguage\":\"fr-FR\"},{\"@type\":\"Question\",\"@id\":\"https:\\\/\\\/www.hangover.eu\\\/fr\\\/questions-frequentes\\\/#faq-question-1750068963953\",\"position\":2,\"url\":\"https:\\\/\\\/www.hangover.eu\\\/fr\\\/questions-frequentes\\\/#faq-question-1750068963953\",\"name\":\"Est-ce que vos crochets de porte rayent la porte?\",\"answerCount\":1,\"acceptedAnswer\":{\"@type\":\"Answer\",\"text\":\"Non, tous nos crochets sont \u00e9quip\u00e9s de coussinets en mousse qui recouvrent les vis \u00e0 l\u2019arri\u00e8re du crochet, prot\u00e9geant ainsi la porte contre les rayures.\",\"inLanguage\":\"fr-FR\"},\"inLanguage\":\"fr-FR\"},{\"@type\":\"Question\",\"@id\":\"https:\\\/\\\/www.hangover.eu\\\/fr\\\/questions-frequentes\\\/#faq-question-1750068988315\",\"position\":3,\"url\":\"https:\\\/\\\/www.hangover.eu\\\/fr\\\/questions-frequentes\\\/#faq-question-1750068988315\",\"name\":\"Je n\u2019ai pas de porte adapt\u00e9e \u00e0 un crochet de porte. Y a-t-il des alternatives?\",\"answerCount\":1,\"acceptedAnswer\":{\"@type\":\"Answer\",\"text\":\"Oui, nos <a href=\\\"https:\\\/\\\/www.hangover.eu\\\/fr\\\/product_category\\\/patere-pour-bords\\\/\\\">crochet pour bords<\\\/a> peuvent \u00eatre viss\u00e9s sur n\u2019importe quel bord.<br\\\/>Ils permettent une solution flexible m\u00eame sans porte classique.\",\"inLanguage\":\"fr-FR\"},\"inLanguage\":\"fr-FR\"}]}<\/script>\n<!-- \/ Yoast SEO plugin. -->","yoast_head_json":{"title":"Questions fr\u00e9quentes | Hang Over","robots":{"index":"index","follow":"follow","max-snippet":"max-snippet:-1","max-image-preview":"max-image-preview:large","max-video-preview":"max-video-preview:-1"},"canonical":"https:\/\/www.hangover.eu\/fr\/questions-frequentes\/","og_locale":"fr_FR","og_type":"article","og_title":"Questions fr\u00e9quentes | Hang Over","og_url":"https:\/\/www.hangover.eu\/fr\/questions-frequentes\/","og_site_name":"Hang Over","article_publisher":"https:\/\/www.facebook.com\/travelwaxer","article_modified_time":"2026-03-12T14:42:30+00:00","twitter_card":"summary_large_image","twitter_misc":{"Dur\u00e9e de lecture estim\u00e9e":"1 minute"},"schema":{"@context":"https:\/\/schema.org","@graph":[{"@type":["WebPage","FAQPage"],"@id":"https:\/\/www.hangover.eu\/fr\/questions-frequentes\/","url":"https:\/\/www.hangover.eu\/fr\/questions-frequentes\/","name":"Questions fr\u00e9quentes | Hang Over","isPartOf":{"@id":"https:\/\/www.hangover.eu\/fr\/#website"},"datePublished":"2025-06-16T10:18:21+00:00","dateModified":"2026-03-12T14:42:30+00:00","breadcrumb":{"@id":"https:\/\/www.hangover.eu\/fr\/questions-frequentes\/#breadcrumb"},"mainEntity":[{"@id":"https:\/\/www.hangover.eu\/fr\/questions-frequentes\/#faq-question-1750068797905"},{"@id":"https:\/\/www.hangover.eu\/fr\/questions-frequentes\/#faq-question-1750068963953"},{"@id":"https:\/\/www.hangover.eu\/fr\/questions-frequentes\/#faq-question-1750068988315"}],"inLanguage":"fr-FR","potentialAction":[{"@type":"ReadAction","target":["https:\/\/www.hangover.eu\/fr\/questions-frequentes\/"]}]},{"@type":"BreadcrumbList","@id":"https:\/\/www.hangover.eu\/fr\/questions-frequentes\/#breadcrumb","itemListElement":[{"@type":"ListItem","position":1,"name":"Home","item":"https:\/\/www.hangover.eu\/fr\/innovative-and-stylish-over-door-hangers\/"},{"@type":"ListItem","position":2,"name":"Questions fr\u00e9quentes"}]},{"@type":"WebSite","@id":"https:\/\/www.hangover.eu\/fr\/#website","url":"https:\/\/www.hangover.eu\/fr\/","name":"Hang Over","description":"Innovative and stylish over door hangers","publisher":{"@id":"https:\/\/www.hangover.eu\/fr\/#organization"},"potentialAction":[{"@type":"SearchAction","target":{"@type":"EntryPoint","urlTemplate":"https:\/\/www.hangover.eu\/fr\/?s={search_term_string}"},"query-input":{"@type":"PropertyValueSpecification","valueRequired":true,"valueName":"search_term_string"}}],"inLanguage":"fr-FR"},{"@type":"Organization","@id":"https:\/\/www.hangover.eu\/fr\/#organization","name":"Hang Over","url":"https:\/\/www.hangover.eu\/fr\/","logo":{"@type":"ImageObject","inLanguage":"fr-FR","@id":"https:\/\/www.hangover.eu\/fr\/#\/schema\/logo\/image\/","url":"https:\/\/i0.wp.com\/www.hangover.eu\/wp-content\/uploads\/cropped-ho_logo_highres-1.png?fit=1241%2C597&ssl=1","contentUrl":"https:\/\/i0.wp.com\/www.hangover.eu\/wp-content\/uploads\/cropped-ho_logo_highres-1.png?fit=1241%2C597&ssl=1","width":1241,"height":597,"caption":"Hang Over"},"image":{"@id":"https:\/\/www.hangover.eu\/fr\/#\/schema\/logo\/image\/"},"sameAs":["https:\/\/www.facebook.com\/travelwaxer"]},{"@type":"Question","@id":"https:\/\/www.hangover.eu\/fr\/questions-frequentes\/#faq-question-1750068797905","position":1,"url":"https:\/\/www.hangover.eu\/fr\/questions-frequentes\/#faq-question-1750068797905","name":"Existe-t-il un crochet de porte adapt\u00e9 aux portes d'armoires?","answerCount":1,"acceptedAnswer":{"@type":"Answer","text":"Oui, nous proposons des crochets sp\u00e9cialement con\u00e7us pour les portes d'e placard'armoires.<br\/>Les portes de placard font g\u00e9n\u00e9ralement 16 mm d\u2019\u00e9paisseur. Nos crochets pour portes de placard ont un espace de 20 mm, ce qui les rend parfaitement adapt\u00e9s. Vous pouvez consulter tous les mod\u00e8les pour portes de placard <a href=\"https:\/\/www.hangover.eu\/fr\/product_category\/pateres-pour-portes-darmoires\/\">ici<\/a>.","inLanguage":"fr-FR"},"inLanguage":"fr-FR"},{"@type":"Question","@id":"https:\/\/www.hangover.eu\/fr\/questions-frequentes\/#faq-question-1750068963953","position":2,"url":"https:\/\/www.hangover.eu\/fr\/questions-frequentes\/#faq-question-1750068963953","name":"Est-ce que vos crochets de porte rayent la porte?","answerCount":1,"acceptedAnswer":{"@type":"Answer","text":"Non, tous nos crochets sont \u00e9quip\u00e9s de coussinets en mousse qui recouvrent les vis \u00e0 l\u2019arri\u00e8re du crochet, prot\u00e9geant ainsi la porte contre les rayures.","inLanguage":"fr-FR"},"inLanguage":"fr-FR"},{"@type":"Question","@id":"https:\/\/www.hangover.eu\/fr\/questions-frequentes\/#faq-question-1750068988315","position":3,"url":"https:\/\/www.hangover.eu\/fr\/questions-frequentes\/#faq-question-1750068988315","name":"Je n\u2019ai pas de porte adapt\u00e9e \u00e0 un crochet de porte. Y a-t-il des alternatives?","answerCount":1,"acceptedAnswer":{"@type":"Answer","text":"Oui, nos <a href=\"https:\/\/www.hangover.eu\/fr\/product_category\/patere-pour-bords\/\">crochet pour bords<\/a> peuvent \u00eatre viss\u00e9s sur n\u2019importe quel bord.<br\/>Ils permettent une solution flexible m\u00eame sans porte classique.","inLanguage":"fr-FR"},"inLanguage":"fr-FR"}]}},"jetpack_sharing_enabled":true,"_links":{"self":[{"href":"https:\/\/www.hangover.eu\/fr\/wp-json\/wp\/v2\/pages\/7510","targetHints":{"allow":["GET"]}}],"collection":[{"href":"https:\/\/www.hangover.eu\/fr\/wp-json\/wp\/v2\/pages"}],"about":[{"href":"https:\/\/www.hangover.eu\/fr\/wp-json\/wp\/v2\/types\/page"}],"author":[{"embeddable":true,"href":"https:\/\/www.hangover.eu\/fr\/wp-json\/wp\/v2\/users\/2"}],"replies":[{"embeddable":true,"href":"https:\/\/www.hangover.eu\/fr\/wp-json\/wp\/v2\/comments?post=7510"}],"version-history":[{"count":3,"href":"https:\/\/www.hangover.eu\/fr\/wp-json\/wp\/v2\/pages\/7510\/revisions"}],"predecessor-version":[{"id":7742,"href":"https:\/\/www.hangover.eu\/fr\/wp-json\/wp\/v2\/pages\/7510\/revisions\/7742"}],"wp:attachment":[{"href":"https:\/\/www.hangover.eu\/fr\/wp-json\/wp\/v2\/media?parent=7510"}],"curies":[{"name":"wp","href":"https:\/\/api.w.org\/{rel}","templated":true}]}}