{"id":5604,"date":"2024-03-04T19:40:51","date_gmt":"2024-03-04T19:40:51","guid":{"rendered":"https:\/\/www.hangover.eu\/?page_id=5604"},"modified":"2024-03-04T19:40:51","modified_gmt":"2024-03-04T19:40:51","slug":"a-propos-de-lentreprise","status":"publish","type":"page","link":"https:\/\/www.hangover.eu\/fr\/a-propos-de-lentreprise\/","title":{"rendered":"\u00c0 propos de l&rsquo;entreprise"},"content":{"rendered":"<p>Hang Over est une marque appartenant \u00e0 Inventeur Products AB (num\u00e9ro de TVA UE : SE550638064401). Le nom Inventeur est une combinaison d\u2019Invent et d\u2019Entrepreneur. Le concept commercial est de d\u00e9velopper des produits et de les mettre sur le march\u00e9. En plus de Hang Over, Inventeur Products AB poss\u00e8de \u00e9galement la table de fartage des skis <a href='https:\/\/www.travelwaxer.com'>Travel Waxer<\/a>. Une partie du concept commercial consiste \u00e0 produire r\u00e9gionalement. La raison derri\u00e8re cela est de permettre une adaptation rapide des produits et de r\u00e9duire l\u2019empreinte environnementale.<\/p>\n<p>Hang Over<br \/>\nInventeur Products AB<br \/>\nGamla Grycksbov\u00e4gen 81<br \/>\n791 38 Falun<br \/>\nSweden<\/p>\n<div class=\"site-footer\">\n<a href=\"Tel:+46709742489\">+46 709742489<\/a><br \/>\n<a href=\"mailto:info@hangover.eu\" target=\"_top\" rel=\"noopener\">info@hangover.eu<\/a>\n<\/div>\n","protected":false},"excerpt":{"rendered":"<p>Hang Over est une marque appartenant \u00e0 Inventeur Products AB (num\u00e9ro de TVA UE : SE550638064401). Le nom Inventeur est une combinaison d\u2019Invent et d\u2019Entrepreneur. Le concept commercial est de d\u00e9velopper des produits et de les mettre sur le march\u00e9. En plus de Hang Over, Inventeur Products AB poss\u00e8de \u00e9galement la table de fartage des [&hellip;]<\/p>\n","protected":false},"author":2,"featured_media":0,"parent":0,"menu_order":0,"comment_status":"closed","ping_status":"closed","template":"","meta":{"footnotes":""},"class_list":["post-5604","page","type-page","status-publish","hentry"],"yoast_head":"<!-- This site is optimized with the Yoast SEO plugin v27.5 - https:\/\/yoast.com\/product\/yoast-seo-wordpress\/ -->\n<title>\u00c0 propos de l&#039;entreprise | Hang Over<\/title>\n<meta name=\"robots\" content=\"index, follow, max-snippet:-1, max-image-preview:large, max-video-preview:-1\" \/>\n<link rel=\"canonical\" href=\"https:\/\/www.hangover.eu\/fr\/a-propos-de-lentreprise\/\" \/>\n<meta property=\"og:locale\" content=\"fr_FR\" \/>\n<meta property=\"og:type\" content=\"article\" \/>\n<meta property=\"og:title\" content=\"\u00c0 propos de l&#039;entreprise | Hang Over\" \/>\n<meta property=\"og:description\" content=\"Hang Over est une marque appartenant \u00e0 Inventeur Products AB (num\u00e9ro de TVA UE : SE550638064401). Le nom Inventeur est une combinaison d\u2019Invent et d\u2019Entrepreneur. Le concept commercial est de d\u00e9velopper des produits et de les mettre sur le march\u00e9. En plus de Hang Over, Inventeur Products AB poss\u00e8de \u00e9galement la table de fartage des [&hellip;]\" \/>\n<meta property=\"og:url\" content=\"https:\/\/www.hangover.eu\/fr\/a-propos-de-lentreprise\/\" \/>\n<meta property=\"og:site_name\" content=\"Hang Over\" \/>\n<meta property=\"article:publisher\" content=\"https:\/\/www.facebook.com\/travelwaxer\" \/>\n<meta name=\"twitter:card\" content=\"summary_large_image\" \/>\n<script type=\"application\/ld+json\" class=\"yoast-schema-graph\">{\"@context\":\"https:\\\/\\\/schema.org\",\"@graph\":[{\"@type\":\"WebPage\",\"@id\":\"https:\\\/\\\/www.hangover.eu\\\/fr\\\/a-propos-de-lentreprise\\\/\",\"url\":\"https:\\\/\\\/www.hangover.eu\\\/fr\\\/a-propos-de-lentreprise\\\/\",\"name\":\"\u00c0 propos de l'entreprise | Hang Over\",\"isPartOf\":{\"@id\":\"https:\\\/\\\/www.hangover.eu\\\/fr\\\/#website\"},\"datePublished\":\"2024-03-04T19:40:51+00:00\",\"breadcrumb\":{\"@id\":\"https:\\\/\\\/www.hangover.eu\\\/fr\\\/a-propos-de-lentreprise\\\/#breadcrumb\"},\"inLanguage\":\"fr-FR\",\"potentialAction\":[{\"@type\":\"ReadAction\",\"target\":[\"https:\\\/\\\/www.hangover.eu\\\/fr\\\/a-propos-de-lentreprise\\\/\"]}]},{\"@type\":\"BreadcrumbList\",\"@id\":\"https:\\\/\\\/www.hangover.eu\\\/fr\\\/a-propos-de-lentreprise\\\/#breadcrumb\",\"itemListElement\":[{\"@type\":\"ListItem\",\"position\":1,\"name\":\"Home\",\"item\":\"https:\\\/\\\/www.hangover.eu\\\/fr\\\/innovative-and-stylish-over-door-hangers\\\/\"},{\"@type\":\"ListItem\",\"position\":2,\"name\":\"\u00c0 propos de l&#8217;entreprise\"}]},{\"@type\":\"WebSite\",\"@id\":\"https:\\\/\\\/www.hangover.eu\\\/fr\\\/#website\",\"url\":\"https:\\\/\\\/www.hangover.eu\\\/fr\\\/\",\"name\":\"Hang Over\",\"description\":\"Innovative and stylish over door hangers\",\"publisher\":{\"@id\":\"https:\\\/\\\/www.hangover.eu\\\/fr\\\/#organization\"},\"potentialAction\":[{\"@type\":\"SearchAction\",\"target\":{\"@type\":\"EntryPoint\",\"urlTemplate\":\"https:\\\/\\\/www.hangover.eu\\\/fr\\\/?s={search_term_string}\"},\"query-input\":{\"@type\":\"PropertyValueSpecification\",\"valueRequired\":true,\"valueName\":\"search_term_string\"}}],\"inLanguage\":\"fr-FR\"},{\"@type\":\"Organization\",\"@id\":\"https:\\\/\\\/www.hangover.eu\\\/fr\\\/#organization\",\"name\":\"Hang Over\",\"url\":\"https:\\\/\\\/www.hangover.eu\\\/fr\\\/\",\"logo\":{\"@type\":\"ImageObject\",\"inLanguage\":\"fr-FR\",\"@id\":\"https:\\\/\\\/www.hangover.eu\\\/fr\\\/#\\\/schema\\\/logo\\\/image\\\/\",\"url\":\"https:\\\/\\\/i0.wp.com\\\/www.hangover.eu\\\/wp-content\\\/uploads\\\/cropped-ho_logo_highres-1.png?fit=1241%2C597&ssl=1\",\"contentUrl\":\"https:\\\/\\\/i0.wp.com\\\/www.hangover.eu\\\/wp-content\\\/uploads\\\/cropped-ho_logo_highres-1.png?fit=1241%2C597&ssl=1\",\"width\":1241,\"height\":597,\"caption\":\"Hang Over\"},\"image\":{\"@id\":\"https:\\\/\\\/www.hangover.eu\\\/fr\\\/#\\\/schema\\\/logo\\\/image\\\/\"},\"sameAs\":[\"https:\\\/\\\/www.facebook.com\\\/travelwaxer\"]}]}<\/script>\n<!-- \/ Yoast SEO plugin. -->","yoast_head_json":{"title":"\u00c0 propos de l'entreprise | Hang Over","robots":{"index":"index","follow":"follow","max-snippet":"max-snippet:-1","max-image-preview":"max-image-preview:large","max-video-preview":"max-video-preview:-1"},"canonical":"https:\/\/www.hangover.eu\/fr\/a-propos-de-lentreprise\/","og_locale":"fr_FR","og_type":"article","og_title":"\u00c0 propos de l'entreprise | Hang Over","og_description":"Hang Over est une marque appartenant \u00e0 Inventeur Products AB (num\u00e9ro de TVA UE : SE550638064401). Le nom Inventeur est une combinaison d\u2019Invent et d\u2019Entrepreneur. Le concept commercial est de d\u00e9velopper des produits et de les mettre sur le march\u00e9. En plus de Hang Over, Inventeur Products AB poss\u00e8de \u00e9galement la table de fartage des [&hellip;]","og_url":"https:\/\/www.hangover.eu\/fr\/a-propos-de-lentreprise\/","og_site_name":"Hang Over","article_publisher":"https:\/\/www.facebook.com\/travelwaxer","twitter_card":"summary_large_image","schema":{"@context":"https:\/\/schema.org","@graph":[{"@type":"WebPage","@id":"https:\/\/www.hangover.eu\/fr\/a-propos-de-lentreprise\/","url":"https:\/\/www.hangover.eu\/fr\/a-propos-de-lentreprise\/","name":"\u00c0 propos de l'entreprise | Hang Over","isPartOf":{"@id":"https:\/\/www.hangover.eu\/fr\/#website"},"datePublished":"2024-03-04T19:40:51+00:00","breadcrumb":{"@id":"https:\/\/www.hangover.eu\/fr\/a-propos-de-lentreprise\/#breadcrumb"},"inLanguage":"fr-FR","potentialAction":[{"@type":"ReadAction","target":["https:\/\/www.hangover.eu\/fr\/a-propos-de-lentreprise\/"]}]},{"@type":"BreadcrumbList","@id":"https:\/\/www.hangover.eu\/fr\/a-propos-de-lentreprise\/#breadcrumb","itemListElement":[{"@type":"ListItem","position":1,"name":"Home","item":"https:\/\/www.hangover.eu\/fr\/innovative-and-stylish-over-door-hangers\/"},{"@type":"ListItem","position":2,"name":"\u00c0 propos de l&#8217;entreprise"}]},{"@type":"WebSite","@id":"https:\/\/www.hangover.eu\/fr\/#website","url":"https:\/\/www.hangover.eu\/fr\/","name":"Hang Over","description":"Innovative and stylish over door hangers","publisher":{"@id":"https:\/\/www.hangover.eu\/fr\/#organization"},"potentialAction":[{"@type":"SearchAction","target":{"@type":"EntryPoint","urlTemplate":"https:\/\/www.hangover.eu\/fr\/?s={search_term_string}"},"query-input":{"@type":"PropertyValueSpecification","valueRequired":true,"valueName":"search_term_string"}}],"inLanguage":"fr-FR"},{"@type":"Organization","@id":"https:\/\/www.hangover.eu\/fr\/#organization","name":"Hang Over","url":"https:\/\/www.hangover.eu\/fr\/","logo":{"@type":"ImageObject","inLanguage":"fr-FR","@id":"https:\/\/www.hangover.eu\/fr\/#\/schema\/logo\/image\/","url":"https:\/\/i0.wp.com\/www.hangover.eu\/wp-content\/uploads\/cropped-ho_logo_highres-1.png?fit=1241%2C597&ssl=1","contentUrl":"https:\/\/i0.wp.com\/www.hangover.eu\/wp-content\/uploads\/cropped-ho_logo_highres-1.png?fit=1241%2C597&ssl=1","width":1241,"height":597,"caption":"Hang Over"},"image":{"@id":"https:\/\/www.hangover.eu\/fr\/#\/schema\/logo\/image\/"},"sameAs":["https:\/\/www.facebook.com\/travelwaxer"]}]}},"jetpack_sharing_enabled":true,"_links":{"self":[{"href":"https:\/\/www.hangover.eu\/fr\/wp-json\/wp\/v2\/pages\/5604","targetHints":{"allow":["GET"]}}],"collection":[{"href":"https:\/\/www.hangover.eu\/fr\/wp-json\/wp\/v2\/pages"}],"about":[{"href":"https:\/\/www.hangover.eu\/fr\/wp-json\/wp\/v2\/types\/page"}],"author":[{"embeddable":true,"href":"https:\/\/www.hangover.eu\/fr\/wp-json\/wp\/v2\/users\/2"}],"replies":[{"embeddable":true,"href":"https:\/\/www.hangover.eu\/fr\/wp-json\/wp\/v2\/comments?post=5604"}],"version-history":[{"count":1,"href":"https:\/\/www.hangover.eu\/fr\/wp-json\/wp\/v2\/pages\/5604\/revisions"}],"predecessor-version":[{"id":5605,"href":"https:\/\/www.hangover.eu\/fr\/wp-json\/wp\/v2\/pages\/5604\/revisions\/5605"}],"wp:attachment":[{"href":"https:\/\/www.hangover.eu\/fr\/wp-json\/wp\/v2\/media?parent=5604"}],"curies":[{"name":"wp","href":"https:\/\/api.w.org\/{rel}","templated":true}]}}