{"id":3079,"date":"2018-05-29T15:19:12","date_gmt":"2018-05-29T15:19:12","guid":{"rendered":"https:\/\/www.hangover.eu\/?post_type=product&#038;p=3079"},"modified":"2025-11-08T14:14:00","modified_gmt":"2025-11-08T14:14:00","slug":"kleiderhaken-fuer-kanten-8-haken","status":"publish","type":"product","link":"https:\/\/www.hangover.eu\/de\/produkt\/kleiderhaken-fuer-kanten-8-haken\/","title":{"rendered":"Hang Over &#8211; Hakenleiste f\u00fcr Kante, 8 Haken"},"content":{"rendered":"<p>Bist du auf der Suche nach einer eleganten und vielseitigen Aufbewahrungsl\u00f6sung? Dann ist dieser Kleiderhaken f\u00fcr Kanten die perfekte Wahl! Er kann \u00fcber beliebige Kanten befestigt werden, zum Beispiel \u00fcber der Seite eines Kleiderschranks oder an der Innenseite von T\u00fcren mit Kante oder Falz. Dank seines durchdachten Designs hinterl\u00e4sst er keine sichtbaren Schraubenl\u00f6cher, was f\u00fcr ein sauberes und \u00e4sthetisches Erscheinungsbild sorgt.<\/p>\n<p>Der Kleiderhaken besticht durch sein stilvolles Design in Wei\u00df und Aluminium, das sich harmonisch in jede Raumgestaltung einf\u00fcgt. Egal, ob du ihn im Schlafzimmer, im Flur oder im Badezimmer verwendest, dieser Haken bietet dir eine praktische und gleichzeitig ansprechende M\u00f6glichkeit, Kleidung und andere Gegenst\u00e4nde aufzuh\u00e4ngen.<\/p>\n<p>Montiere den Kleiderhaken einfach \u00fcber die gew\u00fcnschte Kante mit vier kleinen Schrauben. So kannst du deine Kleidung, Handt\u00fccher oder Accessoires ordentlich und griffbereit aufbewahren, ohne wertvollen Platz zu verlieren.<\/p>\n<p>Dieser Kleiderhaken ist die ideale Kombination aus Funktionalit\u00e4t und Design. Hol dir dieses n\u00fctzliche Accessoire und genie\u00dfe die zus\u00e4tzliche Ordnung und den Stil, den es in dein Zuhause bringt. Z\u00f6gere nicht \u2013 du wirst begeistert sein!<\/p>\n<p>Au\u00dferdem is diese Leiste einfach zu montieren. Alles, was du brauchst, ist ein Schraubenzieher. Die Montageanleitung findest du auf dieser Seite. Danach, schaube die Leistes einfach \u00fcber die Kante von oben \u2013 sie hinterl\u00e4sst keinen sichtbaren L\u00f6cher.<\/p>\n<p>Schau dir auch unsere anderen L\u00e4ngen an \u2013 mit <a href=\"https:\/\/www.hangover.eu\/de\/produkt\/hakenleiste-fuer-kante-4-haken\/\">ein<\/a> oder <a href=\"https:\/\/www.hangover.eu\/de\/produkt\/wandhaken-fuer-kante-12-haken\/\">drei<\/a> Hakenleisten.<\/p>\n","protected":false},"excerpt":{"rendered":"<p><strong>[title]<\/strong> kann \u00fcber beliebiger Kante befestigt werden, zum Beispiel \u00fcber der Seite eines Kleiderschranks. Passt auch f\u00fcr T\u00fcrinnenseiten von T\u00fcren mit Kante\/Falz. L\u00e4sst keine sichtbare Schraubenl\u00f6cher. Stilvolle Design in wei\u00df und Aluminium.<\/p>\n","protected":false},"featured_media":3227,"comment_status":"open","ping_status":"closed","template":"","meta":{"footnotes":""},"product_brand":[342],"product_cat":[49,326],"product_tag":[131,130,132],"class_list":{"0":"post-3079","1":"product","2":"type-product","3":"status-publish","4":"has-post-thumbnail","6":"product_brand-hang-over-de","7":"product_cat-hakenleisten-fuer-kanten","8":"product_cat-tuerhaken-fuer-innenseiten","9":"product_tag-aufhanger-fur-kante","10":"product_tag-hakenleiste-fur-kante","11":"product_tag-kleiderhaken-de","13":"first","14":"instock","15":"taxable","16":"shipping-taxable","17":"purchasable","18":"product-type-simple"},"yoast_head":"<!-- This site is optimized with the Yoast SEO plugin v27.5 - https:\/\/yoast.com\/product\/yoast-seo-wordpress\/ -->\n<title>Kleiderhaken f\u00fcr Kanten | Hang Over<\/title>\n<meta name=\"description\" content=\"Kleiderhaken f\u00fcr Kanten, ideal f\u00fcr T\u00fcren mit Falz und Schrankseiten. Stilvolles Design in Wei\u00df und Aluminium. Keine sichtbaren Schraubenl\u00f6cher.\" \/>\n<meta name=\"robots\" content=\"index, follow, max-snippet:-1, max-image-preview:large, max-video-preview:-1\" \/>\n<link rel=\"canonical\" href=\"https:\/\/www.hangover.eu\/de\/produkt\/kleiderhaken-fuer-kanten-8-haken\/\" \/>\n<meta property=\"og:locale\" content=\"de_DE\" \/>\n<meta property=\"og:type\" content=\"article\" \/>\n<meta property=\"og:title\" content=\"Kleiderhaken f\u00fcr Kanten | Hang Over\" \/>\n<meta property=\"og:description\" content=\"Kleiderhaken f\u00fcr Kanten, ideal f\u00fcr T\u00fcren mit Falz und Schrankseiten. Stilvolles Design in Wei\u00df und Aluminium. Keine sichtbaren Schraubenl\u00f6cher.\" \/>\n<meta property=\"og:url\" content=\"https:\/\/www.hangover.eu\/de\/produkt\/kleiderhaken-fuer-kanten-8-haken\/\" \/>\n<meta property=\"og:site_name\" content=\"Hang Over\" \/>\n<meta property=\"article:publisher\" content=\"https:\/\/www.facebook.com\/travelwaxer\" \/>\n<meta property=\"article:modified_time\" content=\"2025-11-08T14:14:00+00:00\" \/>\n<meta property=\"og:image\" content=\"https:\/\/www.hangover.eu\/wp-content\/uploads\/kanthaengare-8-krokar-1.jpg\" \/>\n\t<meta property=\"og:image:width\" content=\"805\" \/>\n\t<meta property=\"og:image:height\" content=\"1280\" \/>\n\t<meta property=\"og:image:type\" content=\"image\/jpeg\" \/>\n<meta name=\"twitter:card\" content=\"summary_large_image\" \/>\n<meta name=\"twitter:label1\" content=\"Gesch\u00e4tzte Lesezeit\" \/>\n\t<meta name=\"twitter:data1\" content=\"2\u00a0Minute\" \/>\n<script type=\"application\/ld+json\" class=\"yoast-schema-graph\">{\"@context\":\"https:\\\/\\\/schema.org\",\"@graph\":[{\"@type\":[\"WebPage\",\"ItemPage\"],\"@id\":\"https:\\\/\\\/www.hangover.eu\\\/de\\\/produkt\\\/kleiderhaken-fuer-kanten-8-haken\\\/\",\"url\":\"https:\\\/\\\/www.hangover.eu\\\/de\\\/produkt\\\/kleiderhaken-fuer-kanten-8-haken\\\/\",\"name\":\"Kleiderhaken f\u00fcr Kanten | Hang Over\",\"isPartOf\":{\"@id\":\"https:\\\/\\\/www.hangover.eu\\\/de\\\/#website\"},\"primaryImageOfPage\":{\"@id\":\"https:\\\/\\\/www.hangover.eu\\\/de\\\/produkt\\\/kleiderhaken-fuer-kanten-8-haken\\\/#primaryimage\"},\"image\":{\"@id\":\"https:\\\/\\\/www.hangover.eu\\\/de\\\/produkt\\\/kleiderhaken-fuer-kanten-8-haken\\\/#primaryimage\"},\"thumbnailUrl\":\"https:\\\/\\\/i0.wp.com\\\/www.hangover.eu\\\/wp-content\\\/uploads\\\/kanthaengare-8-krokar-1.jpg?fit=805%2C1280&ssl=1\",\"datePublished\":\"2018-05-29T15:19:12+00:00\",\"dateModified\":\"2025-11-08T14:14:00+00:00\",\"description\":\"Kleiderhaken f\u00fcr Kanten, ideal f\u00fcr T\u00fcren mit Falz und Schrankseiten. Stilvolles Design in Wei\u00df und Aluminium. Keine sichtbaren Schraubenl\u00f6cher.\",\"breadcrumb\":{\"@id\":\"https:\\\/\\\/www.hangover.eu\\\/de\\\/produkt\\\/kleiderhaken-fuer-kanten-8-haken\\\/#breadcrumb\"},\"inLanguage\":\"de\",\"potentialAction\":[{\"@type\":\"ReadAction\",\"target\":[\"https:\\\/\\\/www.hangover.eu\\\/de\\\/produkt\\\/kleiderhaken-fuer-kanten-8-haken\\\/\"]}]},{\"@type\":\"ImageObject\",\"inLanguage\":\"de\",\"@id\":\"https:\\\/\\\/www.hangover.eu\\\/de\\\/produkt\\\/kleiderhaken-fuer-kanten-8-haken\\\/#primaryimage\",\"url\":\"https:\\\/\\\/i0.wp.com\\\/www.hangover.eu\\\/wp-content\\\/uploads\\\/kanthaengare-8-krokar-1.jpg?fit=805%2C1280&ssl=1\",\"contentUrl\":\"https:\\\/\\\/i0.wp.com\\\/www.hangover.eu\\\/wp-content\\\/uploads\\\/kanthaengare-8-krokar-1.jpg?fit=805%2C1280&ssl=1\",\"width\":805,\"height\":1280,\"caption\":\"Hakenleiste f\u00fcr Kanten, 8 Haken\"},{\"@type\":\"BreadcrumbList\",\"@id\":\"https:\\\/\\\/www.hangover.eu\\\/de\\\/produkt\\\/kleiderhaken-fuer-kanten-8-haken\\\/#breadcrumb\",\"itemListElement\":[{\"@type\":\"ListItem\",\"position\":1,\"name\":\"Home\",\"item\":\"https:\\\/\\\/www.hangover.eu\\\/de\\\/cover-page\\\/\"},{\"@type\":\"ListItem\",\"position\":2,\"name\":\"Produkte\",\"item\":\"https:\\\/\\\/www.hangover.eu\\\/de\\\/shop\\\/\"},{\"@type\":\"ListItem\",\"position\":3,\"name\":\"Hang Over &#8211; Hakenleiste f\u00fcr Kante, 8 Haken\"}]},{\"@type\":\"WebSite\",\"@id\":\"https:\\\/\\\/www.hangover.eu\\\/de\\\/#website\",\"url\":\"https:\\\/\\\/www.hangover.eu\\\/de\\\/\",\"name\":\"Hang Over\",\"description\":\"Innovative und stilvolle T\u00fcrgarderoben\",\"publisher\":{\"@id\":\"https:\\\/\\\/www.hangover.eu\\\/de\\\/#organization\"},\"potentialAction\":[{\"@type\":\"SearchAction\",\"target\":{\"@type\":\"EntryPoint\",\"urlTemplate\":\"https:\\\/\\\/www.hangover.eu\\\/de\\\/?s={search_term_string}\"},\"query-input\":{\"@type\":\"PropertyValueSpecification\",\"valueRequired\":true,\"valueName\":\"search_term_string\"}}],\"inLanguage\":\"de\"},{\"@type\":\"Organization\",\"@id\":\"https:\\\/\\\/www.hangover.eu\\\/de\\\/#organization\",\"name\":\"Hang Over\",\"url\":\"https:\\\/\\\/www.hangover.eu\\\/de\\\/\",\"logo\":{\"@type\":\"ImageObject\",\"inLanguage\":\"de\",\"@id\":\"https:\\\/\\\/www.hangover.eu\\\/de\\\/#\\\/schema\\\/logo\\\/image\\\/\",\"url\":\"https:\\\/\\\/i0.wp.com\\\/www.hangover.eu\\\/wp-content\\\/uploads\\\/cropped-ho_logo_highres-1.png?fit=1241%2C597&ssl=1\",\"contentUrl\":\"https:\\\/\\\/i0.wp.com\\\/www.hangover.eu\\\/wp-content\\\/uploads\\\/cropped-ho_logo_highres-1.png?fit=1241%2C597&ssl=1\",\"width\":1241,\"height\":597,\"caption\":\"Hang Over\"},\"image\":{\"@id\":\"https:\\\/\\\/www.hangover.eu\\\/de\\\/#\\\/schema\\\/logo\\\/image\\\/\"},\"sameAs\":[\"https:\\\/\\\/www.facebook.com\\\/travelwaxer\"]}]}<\/script>\n<!-- \/ Yoast SEO plugin. -->","yoast_head_json":{"title":"Kleiderhaken f\u00fcr Kanten | Hang Over","description":"Kleiderhaken f\u00fcr Kanten, ideal f\u00fcr T\u00fcren mit Falz und Schrankseiten. Stilvolles Design in Wei\u00df und Aluminium. Keine sichtbaren Schraubenl\u00f6cher.","robots":{"index":"index","follow":"follow","max-snippet":"max-snippet:-1","max-image-preview":"max-image-preview:large","max-video-preview":"max-video-preview:-1"},"canonical":"https:\/\/www.hangover.eu\/de\/produkt\/kleiderhaken-fuer-kanten-8-haken\/","og_locale":"de_DE","og_type":"article","og_title":"Kleiderhaken f\u00fcr Kanten | Hang Over","og_description":"Kleiderhaken f\u00fcr Kanten, ideal f\u00fcr T\u00fcren mit Falz und Schrankseiten. Stilvolles Design in Wei\u00df und Aluminium. Keine sichtbaren Schraubenl\u00f6cher.","og_url":"https:\/\/www.hangover.eu\/de\/produkt\/kleiderhaken-fuer-kanten-8-haken\/","og_site_name":"Hang Over","article_publisher":"https:\/\/www.facebook.com\/travelwaxer","article_modified_time":"2025-11-08T14:14:00+00:00","og_image":[{"width":805,"height":1280,"url":"https:\/\/www.hangover.eu\/wp-content\/uploads\/kanthaengare-8-krokar-1.jpg","type":"image\/jpeg"}],"twitter_card":"summary_large_image","twitter_misc":{"Gesch\u00e4tzte Lesezeit":"2\u00a0Minute"},"schema":{"@context":"https:\/\/schema.org","@graph":[{"@type":["WebPage","ItemPage"],"@id":"https:\/\/www.hangover.eu\/de\/produkt\/kleiderhaken-fuer-kanten-8-haken\/","url":"https:\/\/www.hangover.eu\/de\/produkt\/kleiderhaken-fuer-kanten-8-haken\/","name":"Kleiderhaken f\u00fcr Kanten | Hang Over","isPartOf":{"@id":"https:\/\/www.hangover.eu\/de\/#website"},"primaryImageOfPage":{"@id":"https:\/\/www.hangover.eu\/de\/produkt\/kleiderhaken-fuer-kanten-8-haken\/#primaryimage"},"image":{"@id":"https:\/\/www.hangover.eu\/de\/produkt\/kleiderhaken-fuer-kanten-8-haken\/#primaryimage"},"thumbnailUrl":"https:\/\/i0.wp.com\/www.hangover.eu\/wp-content\/uploads\/kanthaengare-8-krokar-1.jpg?fit=805%2C1280&ssl=1","datePublished":"2018-05-29T15:19:12+00:00","dateModified":"2025-11-08T14:14:00+00:00","description":"Kleiderhaken f\u00fcr Kanten, ideal f\u00fcr T\u00fcren mit Falz und Schrankseiten. Stilvolles Design in Wei\u00df und Aluminium. Keine sichtbaren Schraubenl\u00f6cher.","breadcrumb":{"@id":"https:\/\/www.hangover.eu\/de\/produkt\/kleiderhaken-fuer-kanten-8-haken\/#breadcrumb"},"inLanguage":"de","potentialAction":[{"@type":"ReadAction","target":["https:\/\/www.hangover.eu\/de\/produkt\/kleiderhaken-fuer-kanten-8-haken\/"]}]},{"@type":"ImageObject","inLanguage":"de","@id":"https:\/\/www.hangover.eu\/de\/produkt\/kleiderhaken-fuer-kanten-8-haken\/#primaryimage","url":"https:\/\/i0.wp.com\/www.hangover.eu\/wp-content\/uploads\/kanthaengare-8-krokar-1.jpg?fit=805%2C1280&ssl=1","contentUrl":"https:\/\/i0.wp.com\/www.hangover.eu\/wp-content\/uploads\/kanthaengare-8-krokar-1.jpg?fit=805%2C1280&ssl=1","width":805,"height":1280,"caption":"Hakenleiste f\u00fcr Kanten, 8 Haken"},{"@type":"BreadcrumbList","@id":"https:\/\/www.hangover.eu\/de\/produkt\/kleiderhaken-fuer-kanten-8-haken\/#breadcrumb","itemListElement":[{"@type":"ListItem","position":1,"name":"Home","item":"https:\/\/www.hangover.eu\/de\/cover-page\/"},{"@type":"ListItem","position":2,"name":"Produkte","item":"https:\/\/www.hangover.eu\/de\/shop\/"},{"@type":"ListItem","position":3,"name":"Hang Over &#8211; Hakenleiste f\u00fcr Kante, 8 Haken"}]},{"@type":"WebSite","@id":"https:\/\/www.hangover.eu\/de\/#website","url":"https:\/\/www.hangover.eu\/de\/","name":"Hang Over","description":"Innovative und stilvolle T\u00fcrgarderoben","publisher":{"@id":"https:\/\/www.hangover.eu\/de\/#organization"},"potentialAction":[{"@type":"SearchAction","target":{"@type":"EntryPoint","urlTemplate":"https:\/\/www.hangover.eu\/de\/?s={search_term_string}"},"query-input":{"@type":"PropertyValueSpecification","valueRequired":true,"valueName":"search_term_string"}}],"inLanguage":"de"},{"@type":"Organization","@id":"https:\/\/www.hangover.eu\/de\/#organization","name":"Hang Over","url":"https:\/\/www.hangover.eu\/de\/","logo":{"@type":"ImageObject","inLanguage":"de","@id":"https:\/\/www.hangover.eu\/de\/#\/schema\/logo\/image\/","url":"https:\/\/i0.wp.com\/www.hangover.eu\/wp-content\/uploads\/cropped-ho_logo_highres-1.png?fit=1241%2C597&ssl=1","contentUrl":"https:\/\/i0.wp.com\/www.hangover.eu\/wp-content\/uploads\/cropped-ho_logo_highres-1.png?fit=1241%2C597&ssl=1","width":1241,"height":597,"caption":"Hang Over"},"image":{"@id":"https:\/\/www.hangover.eu\/de\/#\/schema\/logo\/image\/"},"sameAs":["https:\/\/www.facebook.com\/travelwaxer"]}]}},"jetpack_sharing_enabled":true,"_links":{"self":[{"href":"https:\/\/www.hangover.eu\/de\/wp-json\/wp\/v2\/product\/3079","targetHints":{"allow":["GET"]}}],"collection":[{"href":"https:\/\/www.hangover.eu\/de\/wp-json\/wp\/v2\/product"}],"about":[{"href":"https:\/\/www.hangover.eu\/de\/wp-json\/wp\/v2\/types\/product"}],"replies":[{"embeddable":true,"href":"https:\/\/www.hangover.eu\/de\/wp-json\/wp\/v2\/comments?post=3079"}],"version-history":[{"count":13,"href":"https:\/\/www.hangover.eu\/de\/wp-json\/wp\/v2\/product\/3079\/revisions"}],"predecessor-version":[{"id":7641,"href":"https:\/\/www.hangover.eu\/de\/wp-json\/wp\/v2\/product\/3079\/revisions\/7641"}],"wp:featuredmedia":[{"embeddable":true,"href":"https:\/\/www.hangover.eu\/de\/wp-json\/wp\/v2\/media\/3227"}],"wp:attachment":[{"href":"https:\/\/www.hangover.eu\/de\/wp-json\/wp\/v2\/media?parent=3079"}],"wp:term":[{"taxonomy":"product_brand","embeddable":true,"href":"https:\/\/www.hangover.eu\/de\/wp-json\/wp\/v2\/product_brand?post=3079"},{"taxonomy":"product_cat","embeddable":true,"href":"https:\/\/www.hangover.eu\/de\/wp-json\/wp\/v2\/product_cat?post=3079"},{"taxonomy":"product_tag","embeddable":true,"href":"https:\/\/www.hangover.eu\/de\/wp-json\/wp\/v2\/product_tag?post=3079"}],"curies":[{"name":"wp","href":"https:\/\/api.w.org\/{rel}","templated":true}]}}