{"id":3019,"date":"2018-05-29T14:05:43","date_gmt":"2020-01-30T21:22:53","guid":{"rendered":"https:\/\/www.hangover.eu\/?post_type=product&#038;p=3019"},"modified":"2025-11-08T14:31:00","modified_gmt":"2025-11-08T14:31:00","slug":"garderobenleiste-20-mm-8-haken","status":"publish","type":"product","link":"https:\/\/www.hangover.eu\/de\/produkt\/garderobenleiste-20-mm-8-haken\/","title":{"rendered":"Hang Over &#8211; T\u00fcrgarderobe 20 mm, 8 Haken"},"content":{"rendered":"<p>Diese Garderobenleiste passt perfekt f\u00fcr T\u00fcrst\u00e4rken bis 20 mm und ist somit optimal f\u00fcr Schrankt\u00fcren, die in der Regel 16 mm stark sind. Dank ihrer vielseitigen Konstruktion kann diese T\u00fcrgarderobe auch an der T\u00fcrau\u00dfenseite von T\u00fcren mit Kante oder Falz angebracht werden. In unserer Bildergalerie findest du anschauliche Illustrationen, die dir die einfache und flexible Montage zeigen.<\/p>\n<p>Das Produkt verf\u00fcgt \u00fcber zwei Hakenleisten, die jeweils 4 Haken hat. Diese Haken bieten ausreichend Platz f\u00fcr Kleidung, Accessoires oder Handt\u00fccher. Mit dieser Garderobenleiste schaffst du zus\u00e4tzlichen Stauraum und sorgst gleichzeitig f\u00fcr mehr Ordnung und \u00dcbersichtlichkeit in deinem Zuhause.<\/p>\n<p>Die elegante und zugleich robuste Konstruktion der Garderobenleiste f\u00fcgt sich harmonisch in jedes Wohnambiente ein. Egal, ob im Schlafzimmer, im Flur oder im Badezimmer \u2013 diese Garderobenleiste ist die ideale L\u00f6sung f\u00fcr mehr Aufbewahrungsm\u00f6glichkeiten.<\/p>\n<p>Verpasse nicht die Chance, dein Zuhause mit dieser praktischen und stilvollen Garderobenleiste aufzuwerten. Bestelle noch heute und profitiere von der einfachen Handhabung und dem zus\u00e4tzlichen Stauraum, den dieses durchdachte Produkt bietet.<\/p>\n<p>Zudem ist der Aufh\u00e4nger einfach zu montieren. Alles, was du brauchst, ist ein Schraubenzieher. Die Montageanleitung findest du auf dieser Seite. Danach, h\u00e4nge den Aufh\u00e4nger einfach \u00fcber die T\u00fcr \u2013 er hinterl\u00e4sst keine Kratzer oder Spuren.<\/p>\n<p>Brauchst du nicht ganz so viel Stauraum, gibt es die Hakenleisete mit <a href=\"https:\/\/www.hangover.eu\/de\/produkt\/aufbewahrung-flur-20-mm-4-haken\/\">4 Haken<\/a>. Oder brauchst du mehr Stauraum? Dann gibt es das Modell mit <a href=\"https:\/\/www.hangover.eu\/de\/produkt\/garderobenhaken-20-mm-12-haken\/\">12 Haken<\/a>.<\/p>\n","protected":false},"excerpt":{"rendered":"<p><strong>[title]<\/strong> passt T\u00fcrst\u00e4rken bis 20 mm. Ist deswegen optimal f\u00fcr Schrankt\u00fcren, die in der Regel 16 mm stark sind. Diese T\u00fcrgarderobe passt auch f\u00fcr die T\u00fcrau\u00dfenseite von T\u00fcren mit Kante\/Falz. Siehe Bildergalerie f\u00fcr Illustration. Dieser Produkt hat zwei Garderobenleisten mit je 4 Haken. Vielleicht finden Hant\u00fccher im Badezimmer hier ihren Platz.<\/p>\n","protected":false},"featured_media":3209,"comment_status":"open","ping_status":"closed","template":"","meta":{"footnotes":""},"product_brand":[342],"product_cat":[325,48],"product_tag":[123,125,124],"class_list":{"0":"post-3019","1":"product","2":"type-product","3":"status-publish","4":"has-post-thumbnail","6":"product_brand-hang-over-de","7":"product_cat-tuergarderoben-fuer-aussenseiten","8":"product_cat-garderobenleisten-fur-schrankturen","9":"product_tag-hakenleiste","10":"product_tag-kleiderhaken","11":"product_tag-turhaken-schrankture","13":"first","14":"instock","15":"taxable","16":"shipping-taxable","17":"purchasable","18":"product-type-simple"},"yoast_head":"<!-- This site is optimized with the Yoast SEO plugin v27.5 - https:\/\/yoast.com\/product\/yoast-seo-wordpress\/ -->\n<title>Garderobenleiste mit extra Ebene | Hang Over<\/title>\n<meta name=\"description\" content=\"Garderobenleiste f\u00fcr T\u00fcrst\u00e4rken bis 20 mm, ideal f\u00fcr Schrankt\u00fcren. Passt auch auf T\u00fcren mit Kante\/Falz. Zwei Leisten mit je vier Haken.\" \/>\n<meta name=\"robots\" content=\"index, follow, max-snippet:-1, max-image-preview:large, max-video-preview:-1\" \/>\n<link rel=\"canonical\" href=\"https:\/\/www.hangover.eu\/de\/produkt\/garderobenleiste-20-mm-8-haken\/\" \/>\n<meta property=\"og:locale\" content=\"de_DE\" \/>\n<meta property=\"og:type\" content=\"article\" \/>\n<meta property=\"og:title\" content=\"Garderobenleiste mit extra Ebene | Hang Over\" \/>\n<meta property=\"og:description\" content=\"Garderobenleiste f\u00fcr T\u00fcrst\u00e4rken bis 20 mm, ideal f\u00fcr Schrankt\u00fcren. Passt auch auf T\u00fcren mit Kante\/Falz. Zwei Leisten mit je vier Haken.\" \/>\n<meta property=\"og:url\" content=\"https:\/\/www.hangover.eu\/de\/produkt\/garderobenleiste-20-mm-8-haken\/\" \/>\n<meta property=\"og:site_name\" content=\"Hang Over\" \/>\n<meta property=\"article:publisher\" content=\"https:\/\/www.facebook.com\/travelwaxer\" \/>\n<meta property=\"article:modified_time\" content=\"2025-11-08T14:31:00+00:00\" \/>\n<meta property=\"og:image\" content=\"https:\/\/www.hangover.eu\/wp-content\/uploads\/haengare-foer-garderobsdoerr-8-krokar-1.jpg\" \/>\n\t<meta property=\"og:image:width\" content=\"805\" \/>\n\t<meta property=\"og:image:height\" content=\"1280\" \/>\n\t<meta property=\"og:image:type\" content=\"image\/jpeg\" \/>\n<meta name=\"twitter:card\" content=\"summary_large_image\" \/>\n<meta name=\"twitter:label1\" content=\"Gesch\u00e4tzte Lesezeit\" \/>\n\t<meta name=\"twitter:data1\" content=\"2\u00a0Minute\" \/>\n<script type=\"application\/ld+json\" class=\"yoast-schema-graph\">{\"@context\":\"https:\\\/\\\/schema.org\",\"@graph\":[{\"@type\":[\"WebPage\",\"ItemPage\"],\"@id\":\"https:\\\/\\\/www.hangover.eu\\\/de\\\/produkt\\\/garderobenleiste-20-mm-8-haken\\\/\",\"url\":\"https:\\\/\\\/www.hangover.eu\\\/de\\\/produkt\\\/garderobenleiste-20-mm-8-haken\\\/\",\"name\":\"Garderobenleiste mit extra Ebene | Hang Over\",\"isPartOf\":{\"@id\":\"https:\\\/\\\/www.hangover.eu\\\/de\\\/#website\"},\"primaryImageOfPage\":{\"@id\":\"https:\\\/\\\/www.hangover.eu\\\/de\\\/produkt\\\/garderobenleiste-20-mm-8-haken\\\/#primaryimage\"},\"image\":{\"@id\":\"https:\\\/\\\/www.hangover.eu\\\/de\\\/produkt\\\/garderobenleiste-20-mm-8-haken\\\/#primaryimage\"},\"thumbnailUrl\":\"https:\\\/\\\/i0.wp.com\\\/www.hangover.eu\\\/wp-content\\\/uploads\\\/haengare-foer-garderobsdoerr-8-krokar-1.jpg?fit=805%2C1280&ssl=1\",\"datePublished\":\"2020-01-30T21:22:53+00:00\",\"dateModified\":\"2025-11-08T14:31:00+00:00\",\"description\":\"Garderobenleiste f\u00fcr T\u00fcrst\u00e4rken bis 20 mm, ideal f\u00fcr Schrankt\u00fcren. Passt auch auf T\u00fcren mit Kante\\\/Falz. Zwei Leisten mit je vier Haken.\",\"breadcrumb\":{\"@id\":\"https:\\\/\\\/www.hangover.eu\\\/de\\\/produkt\\\/garderobenleiste-20-mm-8-haken\\\/#breadcrumb\"},\"inLanguage\":\"de\",\"potentialAction\":[{\"@type\":\"ReadAction\",\"target\":[\"https:\\\/\\\/www.hangover.eu\\\/de\\\/produkt\\\/garderobenleiste-20-mm-8-haken\\\/\"]}]},{\"@type\":\"ImageObject\",\"inLanguage\":\"de\",\"@id\":\"https:\\\/\\\/www.hangover.eu\\\/de\\\/produkt\\\/garderobenleiste-20-mm-8-haken\\\/#primaryimage\",\"url\":\"https:\\\/\\\/i0.wp.com\\\/www.hangover.eu\\\/wp-content\\\/uploads\\\/haengare-foer-garderobsdoerr-8-krokar-1.jpg?fit=805%2C1280&ssl=1\",\"contentUrl\":\"https:\\\/\\\/i0.wp.com\\\/www.hangover.eu\\\/wp-content\\\/uploads\\\/haengare-foer-garderobsdoerr-8-krokar-1.jpg?fit=805%2C1280&ssl=1\",\"width\":805,\"height\":1280,\"caption\":\"T\u00fcrgarderobe mit 8 Haken\"},{\"@type\":\"BreadcrumbList\",\"@id\":\"https:\\\/\\\/www.hangover.eu\\\/de\\\/produkt\\\/garderobenleiste-20-mm-8-haken\\\/#breadcrumb\",\"itemListElement\":[{\"@type\":\"ListItem\",\"position\":1,\"name\":\"Home\",\"item\":\"https:\\\/\\\/www.hangover.eu\\\/de\\\/cover-page\\\/\"},{\"@type\":\"ListItem\",\"position\":2,\"name\":\"Produkte\",\"item\":\"https:\\\/\\\/www.hangover.eu\\\/de\\\/shop\\\/\"},{\"@type\":\"ListItem\",\"position\":3,\"name\":\"Hang Over &#8211; T\u00fcrgarderobe 20 mm, 8 Haken\"}]},{\"@type\":\"WebSite\",\"@id\":\"https:\\\/\\\/www.hangover.eu\\\/de\\\/#website\",\"url\":\"https:\\\/\\\/www.hangover.eu\\\/de\\\/\",\"name\":\"Hang Over\",\"description\":\"Innovative und stilvolle T\u00fcrgarderoben\",\"publisher\":{\"@id\":\"https:\\\/\\\/www.hangover.eu\\\/de\\\/#organization\"},\"potentialAction\":[{\"@type\":\"SearchAction\",\"target\":{\"@type\":\"EntryPoint\",\"urlTemplate\":\"https:\\\/\\\/www.hangover.eu\\\/de\\\/?s={search_term_string}\"},\"query-input\":{\"@type\":\"PropertyValueSpecification\",\"valueRequired\":true,\"valueName\":\"search_term_string\"}}],\"inLanguage\":\"de\"},{\"@type\":\"Organization\",\"@id\":\"https:\\\/\\\/www.hangover.eu\\\/de\\\/#organization\",\"name\":\"Hang Over\",\"url\":\"https:\\\/\\\/www.hangover.eu\\\/de\\\/\",\"logo\":{\"@type\":\"ImageObject\",\"inLanguage\":\"de\",\"@id\":\"https:\\\/\\\/www.hangover.eu\\\/de\\\/#\\\/schema\\\/logo\\\/image\\\/\",\"url\":\"https:\\\/\\\/i0.wp.com\\\/www.hangover.eu\\\/wp-content\\\/uploads\\\/cropped-ho_logo_highres-1.png?fit=1241%2C597&ssl=1\",\"contentUrl\":\"https:\\\/\\\/i0.wp.com\\\/www.hangover.eu\\\/wp-content\\\/uploads\\\/cropped-ho_logo_highres-1.png?fit=1241%2C597&ssl=1\",\"width\":1241,\"height\":597,\"caption\":\"Hang Over\"},\"image\":{\"@id\":\"https:\\\/\\\/www.hangover.eu\\\/de\\\/#\\\/schema\\\/logo\\\/image\\\/\"},\"sameAs\":[\"https:\\\/\\\/www.facebook.com\\\/travelwaxer\"]}]}<\/script>\n<!-- \/ Yoast SEO plugin. -->","yoast_head_json":{"title":"Garderobenleiste mit extra Ebene | Hang Over","description":"Garderobenleiste f\u00fcr T\u00fcrst\u00e4rken bis 20 mm, ideal f\u00fcr Schrankt\u00fcren. Passt auch auf T\u00fcren mit Kante\/Falz. Zwei Leisten mit je vier Haken.","robots":{"index":"index","follow":"follow","max-snippet":"max-snippet:-1","max-image-preview":"max-image-preview:large","max-video-preview":"max-video-preview:-1"},"canonical":"https:\/\/www.hangover.eu\/de\/produkt\/garderobenleiste-20-mm-8-haken\/","og_locale":"de_DE","og_type":"article","og_title":"Garderobenleiste mit extra Ebene | Hang Over","og_description":"Garderobenleiste f\u00fcr T\u00fcrst\u00e4rken bis 20 mm, ideal f\u00fcr Schrankt\u00fcren. Passt auch auf T\u00fcren mit Kante\/Falz. Zwei Leisten mit je vier Haken.","og_url":"https:\/\/www.hangover.eu\/de\/produkt\/garderobenleiste-20-mm-8-haken\/","og_site_name":"Hang Over","article_publisher":"https:\/\/www.facebook.com\/travelwaxer","article_modified_time":"2025-11-08T14:31:00+00:00","og_image":[{"width":805,"height":1280,"url":"https:\/\/www.hangover.eu\/wp-content\/uploads\/haengare-foer-garderobsdoerr-8-krokar-1.jpg","type":"image\/jpeg"}],"twitter_card":"summary_large_image","twitter_misc":{"Gesch\u00e4tzte Lesezeit":"2\u00a0Minute"},"schema":{"@context":"https:\/\/schema.org","@graph":[{"@type":["WebPage","ItemPage"],"@id":"https:\/\/www.hangover.eu\/de\/produkt\/garderobenleiste-20-mm-8-haken\/","url":"https:\/\/www.hangover.eu\/de\/produkt\/garderobenleiste-20-mm-8-haken\/","name":"Garderobenleiste mit extra Ebene | Hang Over","isPartOf":{"@id":"https:\/\/www.hangover.eu\/de\/#website"},"primaryImageOfPage":{"@id":"https:\/\/www.hangover.eu\/de\/produkt\/garderobenleiste-20-mm-8-haken\/#primaryimage"},"image":{"@id":"https:\/\/www.hangover.eu\/de\/produkt\/garderobenleiste-20-mm-8-haken\/#primaryimage"},"thumbnailUrl":"https:\/\/i0.wp.com\/www.hangover.eu\/wp-content\/uploads\/haengare-foer-garderobsdoerr-8-krokar-1.jpg?fit=805%2C1280&ssl=1","datePublished":"2020-01-30T21:22:53+00:00","dateModified":"2025-11-08T14:31:00+00:00","description":"Garderobenleiste f\u00fcr T\u00fcrst\u00e4rken bis 20 mm, ideal f\u00fcr Schrankt\u00fcren. Passt auch auf T\u00fcren mit Kante\/Falz. Zwei Leisten mit je vier Haken.","breadcrumb":{"@id":"https:\/\/www.hangover.eu\/de\/produkt\/garderobenleiste-20-mm-8-haken\/#breadcrumb"},"inLanguage":"de","potentialAction":[{"@type":"ReadAction","target":["https:\/\/www.hangover.eu\/de\/produkt\/garderobenleiste-20-mm-8-haken\/"]}]},{"@type":"ImageObject","inLanguage":"de","@id":"https:\/\/www.hangover.eu\/de\/produkt\/garderobenleiste-20-mm-8-haken\/#primaryimage","url":"https:\/\/i0.wp.com\/www.hangover.eu\/wp-content\/uploads\/haengare-foer-garderobsdoerr-8-krokar-1.jpg?fit=805%2C1280&ssl=1","contentUrl":"https:\/\/i0.wp.com\/www.hangover.eu\/wp-content\/uploads\/haengare-foer-garderobsdoerr-8-krokar-1.jpg?fit=805%2C1280&ssl=1","width":805,"height":1280,"caption":"T\u00fcrgarderobe mit 8 Haken"},{"@type":"BreadcrumbList","@id":"https:\/\/www.hangover.eu\/de\/produkt\/garderobenleiste-20-mm-8-haken\/#breadcrumb","itemListElement":[{"@type":"ListItem","position":1,"name":"Home","item":"https:\/\/www.hangover.eu\/de\/cover-page\/"},{"@type":"ListItem","position":2,"name":"Produkte","item":"https:\/\/www.hangover.eu\/de\/shop\/"},{"@type":"ListItem","position":3,"name":"Hang Over &#8211; T\u00fcrgarderobe 20 mm, 8 Haken"}]},{"@type":"WebSite","@id":"https:\/\/www.hangover.eu\/de\/#website","url":"https:\/\/www.hangover.eu\/de\/","name":"Hang Over","description":"Innovative und stilvolle T\u00fcrgarderoben","publisher":{"@id":"https:\/\/www.hangover.eu\/de\/#organization"},"potentialAction":[{"@type":"SearchAction","target":{"@type":"EntryPoint","urlTemplate":"https:\/\/www.hangover.eu\/de\/?s={search_term_string}"},"query-input":{"@type":"PropertyValueSpecification","valueRequired":true,"valueName":"search_term_string"}}],"inLanguage":"de"},{"@type":"Organization","@id":"https:\/\/www.hangover.eu\/de\/#organization","name":"Hang Over","url":"https:\/\/www.hangover.eu\/de\/","logo":{"@type":"ImageObject","inLanguage":"de","@id":"https:\/\/www.hangover.eu\/de\/#\/schema\/logo\/image\/","url":"https:\/\/i0.wp.com\/www.hangover.eu\/wp-content\/uploads\/cropped-ho_logo_highres-1.png?fit=1241%2C597&ssl=1","contentUrl":"https:\/\/i0.wp.com\/www.hangover.eu\/wp-content\/uploads\/cropped-ho_logo_highres-1.png?fit=1241%2C597&ssl=1","width":1241,"height":597,"caption":"Hang Over"},"image":{"@id":"https:\/\/www.hangover.eu\/de\/#\/schema\/logo\/image\/"},"sameAs":["https:\/\/www.facebook.com\/travelwaxer"]}]}},"jetpack_sharing_enabled":true,"_links":{"self":[{"href":"https:\/\/www.hangover.eu\/de\/wp-json\/wp\/v2\/product\/3019","targetHints":{"allow":["GET"]}}],"collection":[{"href":"https:\/\/www.hangover.eu\/de\/wp-json\/wp\/v2\/product"}],"about":[{"href":"https:\/\/www.hangover.eu\/de\/wp-json\/wp\/v2\/types\/product"}],"replies":[{"embeddable":true,"href":"https:\/\/www.hangover.eu\/de\/wp-json\/wp\/v2\/comments?post=3019"}],"version-history":[{"count":15,"href":"https:\/\/www.hangover.eu\/de\/wp-json\/wp\/v2\/product\/3019\/revisions"}],"predecessor-version":[{"id":7642,"href":"https:\/\/www.hangover.eu\/de\/wp-json\/wp\/v2\/product\/3019\/revisions\/7642"}],"wp:featuredmedia":[{"embeddable":true,"href":"https:\/\/www.hangover.eu\/de\/wp-json\/wp\/v2\/media\/3209"}],"wp:attachment":[{"href":"https:\/\/www.hangover.eu\/de\/wp-json\/wp\/v2\/media?parent=3019"}],"wp:term":[{"taxonomy":"product_brand","embeddable":true,"href":"https:\/\/www.hangover.eu\/de\/wp-json\/wp\/v2\/product_brand?post=3019"},{"taxonomy":"product_cat","embeddable":true,"href":"https:\/\/www.hangover.eu\/de\/wp-json\/wp\/v2\/product_cat?post=3019"},{"taxonomy":"product_tag","embeddable":true,"href":"https:\/\/www.hangover.eu\/de\/wp-json\/wp\/v2\/product_tag?post=3019"}],"curies":[{"name":"wp","href":"https:\/\/api.w.org\/{rel}","templated":true}]}}