{"id":1930,"date":"2015-07-31T18:49:42","date_gmt":"2015-07-31T18:49:42","guid":{"rendered":"http:\/\/www.hangover.eu\/product\/hang-over-wardrobe-3-levels-white-2\/"},"modified":"2026-02-28T10:24:34","modified_gmt":"2026-02-28T10:24:34","slug":"garderobenhaken-20-mm-12-haken","status":"publish","type":"product","link":"https:\/\/www.hangover.eu\/de\/produkt\/garderobenhaken-20-mm-12-haken\/","title":{"rendered":"Hang Over &#8211; T\u00fcrgarderobe 20 mm, 12 Haken"},"content":{"rendered":"<p>Diese T\u00fcrgarderobe ist ideal f\u00fcr T\u00fcrst\u00e4rken bis zu 20 mm und eignet sich perfekt f\u00fcr Schrankt\u00fcren und die Au\u00dfenseiten von T\u00fcren mit Kante \u2013 siehe Bildgallerie. Mit drei Hakenleisten und insgesamt 12 Garderobenhaken bietet sie dir ausreichend Platz f\u00fcr Kleidung und Accessoires. Auf der niedrigsten Ebene k\u00f6nnen Kinder ihre Kleidung leicht aufh\u00e4ngen, was sie besonders praktisch f\u00fcr Familien macht.<\/p>\n<p>Die Garderobenhaken maximieren den Stauraum, ohne viel Platz zu beanspruchen. Du kannst die T\u00fcrgarderobe einfach anbringen und sofort nutzen, ohne Bohren oder Schrauben.<\/p>\n<p>Diese vielseitige T\u00fcrgarderobe mit ihren Garderobenhaken hilft dir, Ordnung in deinem Zuhause zu schaffen. Sie passt perfekt in Flure, Schlafzimmer und Kinderzimmer und sorgt daf\u00fcr, dass M\u00e4ntel, Jacken und andere Kleidungsst\u00fccke immer griffbereit sind. Das elegante Design f\u00fcgt sich nahtlos in jede Einrichtung ein und bietet eine praktische sowie stilvolle Aufbewahrungsl\u00f6sung. Hol dir diese T\u00fcrgarderobe und erlebe, wie einfach es ist, mehr Stauraum zu schaffen und gleichzeitig den \u00dcberblick zu behalten!<\/p>\n<p>Der Aufh\u00e4nger ist einfach zu montieren. Alles, was du brauchst, ist ein Schraubenzieher. Die Montageanleitung findest du auf dieser Seite. Danach, h\u00e4nge den Aufh\u00e4nger einfach \u00fcber die T\u00fcr \u2013 er hinterl\u00e4sst keine Kratzer oder Spuren.<\/p>\n<p>Brauchst du nicht ganz so viel Stauraum &#8211; dann gibt es den H\u00e4nger auch mit <a href=\"https:\/\/www.hangover.eu\/de\/produkt\/garderobenleiste-20-mm-8-haken\/\">8<\/a> oder <a href=\"https:\/\/www.hangover.eu\/de\/produkt\/aufbewahrung-flur-20-mm-4-haken\/\">4<\/a> Haken.<\/p>\n","protected":false},"excerpt":{"rendered":"<p><strong>[title]<\/strong> passt Schrankt\u00fcre und T\u00fcrau\u00dfenseiten von T\u00fcren mit Kante &#8211; siehe Bildgallerie. Die Garderobe hat 3 Hakenleisten mit insgesamt 12 Haken. Auf der niedrigste Ebene k\u00f6nnen Kinder ihre Kleidung leicht aufh\u00e4ngen.<\/p>\n","protected":false},"featured_media":6468,"comment_status":"open","ping_status":"closed","template":"","meta":{"footnotes":""},"product_brand":[342],"product_cat":[325,48],"product_tag":[128],"class_list":{"0":"post-1930","1":"product","2":"type-product","3":"status-publish","4":"has-post-thumbnail","6":"product_brand-hang-over-de","7":"product_cat-tuergarderoben-fuer-aussenseiten","8":"product_cat-garderobenleisten-fur-schrankturen","9":"product_tag-hakenleiste-de","11":"first","12":"instock","13":"taxable","14":"shipping-taxable","15":"purchasable","16":"product-type-simple"},"yoast_head":"<!-- This site is optimized with the Yoast SEO plugin v27.5 - https:\/\/yoast.com\/product\/yoast-seo-wordpress\/ -->\n<title>Garderobenhaken zum Aufh\u00e4ngen | Hang Over<\/title>\n<meta name=\"description\" content=\"Garderobenhaken f\u00fcr T\u00fcrau\u00dfenseiten und Schrankt\u00fcren. Hat drei Hakenleisten mit 12 Haken. Die niedriger Leiste ist leicht erreichbar f\u00fcr Kinder.\" \/>\n<meta name=\"robots\" content=\"index, follow, max-snippet:-1, max-image-preview:large, max-video-preview:-1\" \/>\n<link rel=\"canonical\" href=\"https:\/\/www.hangover.eu\/de\/produkt\/garderobenhaken-20-mm-12-haken\/\" \/>\n<meta property=\"og:locale\" content=\"de_DE\" \/>\n<meta property=\"og:type\" content=\"article\" \/>\n<meta property=\"og:title\" content=\"Garderobenhaken zum Aufh\u00e4ngen | Hang Over\" \/>\n<meta property=\"og:description\" content=\"Garderobenhaken f\u00fcr T\u00fcrau\u00dfenseiten und Schrankt\u00fcren. Hat drei Hakenleisten mit 12 Haken. Die niedriger Leiste ist leicht erreichbar f\u00fcr Kinder.\" \/>\n<meta property=\"og:url\" content=\"https:\/\/www.hangover.eu\/de\/produkt\/garderobenhaken-20-mm-12-haken\/\" \/>\n<meta property=\"og:site_name\" content=\"Hang Over\" \/>\n<meta property=\"article:publisher\" content=\"https:\/\/www.facebook.com\/travelwaxer\" \/>\n<meta property=\"article:modified_time\" content=\"2026-02-28T10:24:34+00:00\" \/>\n<meta property=\"og:image\" content=\"https:\/\/www.hangover.eu\/wp-content\/uploads\/haengare-for-garderobsdoerr-12-krokar-3.jpg\" \/>\n\t<meta property=\"og:image:width\" content=\"853\" \/>\n\t<meta property=\"og:image:height\" content=\"1280\" \/>\n\t<meta property=\"og:image:type\" content=\"image\/jpeg\" \/>\n<meta name=\"twitter:card\" content=\"summary_large_image\" \/>\n<meta name=\"twitter:label1\" content=\"Gesch\u00e4tzte Lesezeit\" \/>\n\t<meta name=\"twitter:data1\" content=\"2\u00a0Minute\" \/>\n<script type=\"application\/ld+json\" class=\"yoast-schema-graph\">{\"@context\":\"https:\\\/\\\/schema.org\",\"@graph\":[{\"@type\":[\"WebPage\",\"ItemPage\"],\"@id\":\"https:\\\/\\\/www.hangover.eu\\\/de\\\/produkt\\\/garderobenhaken-20-mm-12-haken\\\/\",\"url\":\"https:\\\/\\\/www.hangover.eu\\\/de\\\/produkt\\\/garderobenhaken-20-mm-12-haken\\\/\",\"name\":\"Garderobenhaken zum Aufh\u00e4ngen | Hang Over\",\"isPartOf\":{\"@id\":\"https:\\\/\\\/www.hangover.eu\\\/de\\\/#website\"},\"primaryImageOfPage\":{\"@id\":\"https:\\\/\\\/www.hangover.eu\\\/de\\\/produkt\\\/garderobenhaken-20-mm-12-haken\\\/#primaryimage\"},\"image\":{\"@id\":\"https:\\\/\\\/www.hangover.eu\\\/de\\\/produkt\\\/garderobenhaken-20-mm-12-haken\\\/#primaryimage\"},\"thumbnailUrl\":\"https:\\\/\\\/i0.wp.com\\\/www.hangover.eu\\\/wp-content\\\/uploads\\\/haengare-for-garderobsdoerr-12-krokar-3.jpg?fit=853%2C1280&ssl=1\",\"datePublished\":\"2015-07-31T18:49:42+00:00\",\"dateModified\":\"2026-02-28T10:24:34+00:00\",\"description\":\"Garderobenhaken f\u00fcr T\u00fcrau\u00dfenseiten und Schrankt\u00fcren. Hat drei Hakenleisten mit 12 Haken. Die niedriger Leiste ist leicht erreichbar f\u00fcr Kinder.\",\"breadcrumb\":{\"@id\":\"https:\\\/\\\/www.hangover.eu\\\/de\\\/produkt\\\/garderobenhaken-20-mm-12-haken\\\/#breadcrumb\"},\"inLanguage\":\"de\",\"potentialAction\":[{\"@type\":\"ReadAction\",\"target\":[\"https:\\\/\\\/www.hangover.eu\\\/de\\\/produkt\\\/garderobenhaken-20-mm-12-haken\\\/\"]}]},{\"@type\":\"ImageObject\",\"inLanguage\":\"de\",\"@id\":\"https:\\\/\\\/www.hangover.eu\\\/de\\\/produkt\\\/garderobenhaken-20-mm-12-haken\\\/#primaryimage\",\"url\":\"https:\\\/\\\/i0.wp.com\\\/www.hangover.eu\\\/wp-content\\\/uploads\\\/haengare-for-garderobsdoerr-12-krokar-3.jpg?fit=853%2C1280&ssl=1\",\"contentUrl\":\"https:\\\/\\\/i0.wp.com\\\/www.hangover.eu\\\/wp-content\\\/uploads\\\/haengare-for-garderobsdoerr-12-krokar-3.jpg?fit=853%2C1280&ssl=1\",\"width\":853,\"height\":1280,\"caption\":\"T\u00fcrgarderobe 20 mm, 12 Haken\"},{\"@type\":\"BreadcrumbList\",\"@id\":\"https:\\\/\\\/www.hangover.eu\\\/de\\\/produkt\\\/garderobenhaken-20-mm-12-haken\\\/#breadcrumb\",\"itemListElement\":[{\"@type\":\"ListItem\",\"position\":1,\"name\":\"Home\",\"item\":\"https:\\\/\\\/www.hangover.eu\\\/de\\\/cover-page\\\/\"},{\"@type\":\"ListItem\",\"position\":2,\"name\":\"Produkte\",\"item\":\"https:\\\/\\\/www.hangover.eu\\\/de\\\/shop\\\/\"},{\"@type\":\"ListItem\",\"position\":3,\"name\":\"Hang Over &#8211; T\u00fcrgarderobe 20 mm, 12 Haken\"}]},{\"@type\":\"WebSite\",\"@id\":\"https:\\\/\\\/www.hangover.eu\\\/de\\\/#website\",\"url\":\"https:\\\/\\\/www.hangover.eu\\\/de\\\/\",\"name\":\"Hang Over\",\"description\":\"Innovative und stilvolle T\u00fcrgarderoben\",\"publisher\":{\"@id\":\"https:\\\/\\\/www.hangover.eu\\\/de\\\/#organization\"},\"potentialAction\":[{\"@type\":\"SearchAction\",\"target\":{\"@type\":\"EntryPoint\",\"urlTemplate\":\"https:\\\/\\\/www.hangover.eu\\\/de\\\/?s={search_term_string}\"},\"query-input\":{\"@type\":\"PropertyValueSpecification\",\"valueRequired\":true,\"valueName\":\"search_term_string\"}}],\"inLanguage\":\"de\"},{\"@type\":\"Organization\",\"@id\":\"https:\\\/\\\/www.hangover.eu\\\/de\\\/#organization\",\"name\":\"Hang Over\",\"url\":\"https:\\\/\\\/www.hangover.eu\\\/de\\\/\",\"logo\":{\"@type\":\"ImageObject\",\"inLanguage\":\"de\",\"@id\":\"https:\\\/\\\/www.hangover.eu\\\/de\\\/#\\\/schema\\\/logo\\\/image\\\/\",\"url\":\"https:\\\/\\\/i0.wp.com\\\/www.hangover.eu\\\/wp-content\\\/uploads\\\/cropped-ho_logo_highres-1.png?fit=1241%2C597&ssl=1\",\"contentUrl\":\"https:\\\/\\\/i0.wp.com\\\/www.hangover.eu\\\/wp-content\\\/uploads\\\/cropped-ho_logo_highres-1.png?fit=1241%2C597&ssl=1\",\"width\":1241,\"height\":597,\"caption\":\"Hang Over\"},\"image\":{\"@id\":\"https:\\\/\\\/www.hangover.eu\\\/de\\\/#\\\/schema\\\/logo\\\/image\\\/\"},\"sameAs\":[\"https:\\\/\\\/www.facebook.com\\\/travelwaxer\"]}]}<\/script>\n<!-- \/ Yoast SEO plugin. -->","yoast_head_json":{"title":"Garderobenhaken zum Aufh\u00e4ngen | Hang Over","description":"Garderobenhaken f\u00fcr T\u00fcrau\u00dfenseiten und Schrankt\u00fcren. Hat drei Hakenleisten mit 12 Haken. Die niedriger Leiste ist leicht erreichbar f\u00fcr Kinder.","robots":{"index":"index","follow":"follow","max-snippet":"max-snippet:-1","max-image-preview":"max-image-preview:large","max-video-preview":"max-video-preview:-1"},"canonical":"https:\/\/www.hangover.eu\/de\/produkt\/garderobenhaken-20-mm-12-haken\/","og_locale":"de_DE","og_type":"article","og_title":"Garderobenhaken zum Aufh\u00e4ngen | Hang Over","og_description":"Garderobenhaken f\u00fcr T\u00fcrau\u00dfenseiten und Schrankt\u00fcren. Hat drei Hakenleisten mit 12 Haken. Die niedriger Leiste ist leicht erreichbar f\u00fcr Kinder.","og_url":"https:\/\/www.hangover.eu\/de\/produkt\/garderobenhaken-20-mm-12-haken\/","og_site_name":"Hang Over","article_publisher":"https:\/\/www.facebook.com\/travelwaxer","article_modified_time":"2026-02-28T10:24:34+00:00","og_image":[{"width":853,"height":1280,"url":"https:\/\/www.hangover.eu\/wp-content\/uploads\/haengare-for-garderobsdoerr-12-krokar-3.jpg","type":"image\/jpeg"}],"twitter_card":"summary_large_image","twitter_misc":{"Gesch\u00e4tzte Lesezeit":"2\u00a0Minute"},"schema":{"@context":"https:\/\/schema.org","@graph":[{"@type":["WebPage","ItemPage"],"@id":"https:\/\/www.hangover.eu\/de\/produkt\/garderobenhaken-20-mm-12-haken\/","url":"https:\/\/www.hangover.eu\/de\/produkt\/garderobenhaken-20-mm-12-haken\/","name":"Garderobenhaken zum Aufh\u00e4ngen | Hang Over","isPartOf":{"@id":"https:\/\/www.hangover.eu\/de\/#website"},"primaryImageOfPage":{"@id":"https:\/\/www.hangover.eu\/de\/produkt\/garderobenhaken-20-mm-12-haken\/#primaryimage"},"image":{"@id":"https:\/\/www.hangover.eu\/de\/produkt\/garderobenhaken-20-mm-12-haken\/#primaryimage"},"thumbnailUrl":"https:\/\/i0.wp.com\/www.hangover.eu\/wp-content\/uploads\/haengare-for-garderobsdoerr-12-krokar-3.jpg?fit=853%2C1280&ssl=1","datePublished":"2015-07-31T18:49:42+00:00","dateModified":"2026-02-28T10:24:34+00:00","description":"Garderobenhaken f\u00fcr T\u00fcrau\u00dfenseiten und Schrankt\u00fcren. Hat drei Hakenleisten mit 12 Haken. Die niedriger Leiste ist leicht erreichbar f\u00fcr Kinder.","breadcrumb":{"@id":"https:\/\/www.hangover.eu\/de\/produkt\/garderobenhaken-20-mm-12-haken\/#breadcrumb"},"inLanguage":"de","potentialAction":[{"@type":"ReadAction","target":["https:\/\/www.hangover.eu\/de\/produkt\/garderobenhaken-20-mm-12-haken\/"]}]},{"@type":"ImageObject","inLanguage":"de","@id":"https:\/\/www.hangover.eu\/de\/produkt\/garderobenhaken-20-mm-12-haken\/#primaryimage","url":"https:\/\/i0.wp.com\/www.hangover.eu\/wp-content\/uploads\/haengare-for-garderobsdoerr-12-krokar-3.jpg?fit=853%2C1280&ssl=1","contentUrl":"https:\/\/i0.wp.com\/www.hangover.eu\/wp-content\/uploads\/haengare-for-garderobsdoerr-12-krokar-3.jpg?fit=853%2C1280&ssl=1","width":853,"height":1280,"caption":"T\u00fcrgarderobe 20 mm, 12 Haken"},{"@type":"BreadcrumbList","@id":"https:\/\/www.hangover.eu\/de\/produkt\/garderobenhaken-20-mm-12-haken\/#breadcrumb","itemListElement":[{"@type":"ListItem","position":1,"name":"Home","item":"https:\/\/www.hangover.eu\/de\/cover-page\/"},{"@type":"ListItem","position":2,"name":"Produkte","item":"https:\/\/www.hangover.eu\/de\/shop\/"},{"@type":"ListItem","position":3,"name":"Hang Over &#8211; T\u00fcrgarderobe 20 mm, 12 Haken"}]},{"@type":"WebSite","@id":"https:\/\/www.hangover.eu\/de\/#website","url":"https:\/\/www.hangover.eu\/de\/","name":"Hang Over","description":"Innovative und stilvolle T\u00fcrgarderoben","publisher":{"@id":"https:\/\/www.hangover.eu\/de\/#organization"},"potentialAction":[{"@type":"SearchAction","target":{"@type":"EntryPoint","urlTemplate":"https:\/\/www.hangover.eu\/de\/?s={search_term_string}"},"query-input":{"@type":"PropertyValueSpecification","valueRequired":true,"valueName":"search_term_string"}}],"inLanguage":"de"},{"@type":"Organization","@id":"https:\/\/www.hangover.eu\/de\/#organization","name":"Hang Over","url":"https:\/\/www.hangover.eu\/de\/","logo":{"@type":"ImageObject","inLanguage":"de","@id":"https:\/\/www.hangover.eu\/de\/#\/schema\/logo\/image\/","url":"https:\/\/i0.wp.com\/www.hangover.eu\/wp-content\/uploads\/cropped-ho_logo_highres-1.png?fit=1241%2C597&ssl=1","contentUrl":"https:\/\/i0.wp.com\/www.hangover.eu\/wp-content\/uploads\/cropped-ho_logo_highres-1.png?fit=1241%2C597&ssl=1","width":1241,"height":597,"caption":"Hang Over"},"image":{"@id":"https:\/\/www.hangover.eu\/de\/#\/schema\/logo\/image\/"},"sameAs":["https:\/\/www.facebook.com\/travelwaxer"]}]}},"jetpack_sharing_enabled":true,"_links":{"self":[{"href":"https:\/\/www.hangover.eu\/de\/wp-json\/wp\/v2\/product\/1930","targetHints":{"allow":["GET"]}}],"collection":[{"href":"https:\/\/www.hangover.eu\/de\/wp-json\/wp\/v2\/product"}],"about":[{"href":"https:\/\/www.hangover.eu\/de\/wp-json\/wp\/v2\/types\/product"}],"replies":[{"embeddable":true,"href":"https:\/\/www.hangover.eu\/de\/wp-json\/wp\/v2\/comments?post=1930"}],"version-history":[{"count":9,"href":"https:\/\/www.hangover.eu\/de\/wp-json\/wp\/v2\/product\/1930\/revisions"}],"predecessor-version":[{"id":7648,"href":"https:\/\/www.hangover.eu\/de\/wp-json\/wp\/v2\/product\/1930\/revisions\/7648"}],"wp:featuredmedia":[{"embeddable":true,"href":"https:\/\/www.hangover.eu\/de\/wp-json\/wp\/v2\/media\/6468"}],"wp:attachment":[{"href":"https:\/\/www.hangover.eu\/de\/wp-json\/wp\/v2\/media?parent=1930"}],"wp:term":[{"taxonomy":"product_brand","embeddable":true,"href":"https:\/\/www.hangover.eu\/de\/wp-json\/wp\/v2\/product_brand?post=1930"},{"taxonomy":"product_cat","embeddable":true,"href":"https:\/\/www.hangover.eu\/de\/wp-json\/wp\/v2\/product_cat?post=1930"},{"taxonomy":"product_tag","embeddable":true,"href":"https:\/\/www.hangover.eu\/de\/wp-json\/wp\/v2\/product_tag?post=1930"}],"curies":[{"name":"wp","href":"https:\/\/api.w.org\/{rel}","templated":true}]}}