{"id":1888,"date":"2015-07-31T18:54:40","date_gmt":"2015-07-31T18:54:40","guid":{"rendered":"http:\/\/www.hangover.eu\/product\/hang-over-edge-3-levels-white-3\/"},"modified":"2025-11-08T14:58:10","modified_gmt":"2025-11-08T14:58:10","slug":"wandhaken-fuer-kante-12-haken","status":"publish","type":"product","link":"https:\/\/www.hangover.eu\/de\/produkt\/wandhaken-fuer-kante-12-haken\/","title":{"rendered":"Hang Over &#8211; Hakenleiste f\u00fcr Kante, 12 Haken"},"content":{"rendered":"<p>Diese Wandhaken ist die ideale L\u00f6sung f\u00fcr mehr Stauraum und Ordnung in deinem Zuhause. Mit insgesamt 12 Haken bietet er ausreichend Platz, um Jacken, Taschen, H\u00fcte oder andere Kleidungsst\u00fccke aufzuh\u00e4ngen. Ein besonderes Highlight dieses Produkts ist seine Vielseitigkeit: Du kannst ihn \u00fcber beliebiger Kante befestigen, beispielsweise an der Seite eines Kleiderschranks.<\/p>\n<p>Ein weiterer gro\u00dfer Vorteil ist, dass dieser Wandhaken keine sichtbaren Schraubenl\u00f6cher hinterl\u00e4sst. Dadurch bleibt deine Einrichtung unversehrt und \u00e4sthetisch ansprechend. Diese Wandhaken sind nicht nicht nur funktional, sondern auch ein stilvolles Accessoire. Mit pulverbeschichtete Bleche und Kn\u00f6pfe im geb\u00fcrsteten Aluminium, f\u00fcgen sie sich in jede Wohnumgebung ein.<\/p>\n<p>Dank der einfachen Befestigungsmethode ist keine komplizierte Montage erforderlich. Du kannst den Produkt schnell und m\u00fchelos anbringen und sofort von der zus\u00e4tzlichen Aufbewahrungsm\u00f6glichkeit profitieren. Perfekt f\u00fcr Flur, Schlafzimmer, Badezimmer oder K\u00fcche \u2013 dieser Wandhaken passt \u00fcberall hin und hilft dir, Ordnung zu halten.<\/p>\n<p>Hol dir diesen praktischen Wandhaken und sorge daf\u00fcr, dass deine Kleidung und Accessoires immer griffbereit und ordentlich aufgeh\u00e4ngt sind.<\/p>\n<p>Wie vorher erw\u00e4hnt, ist diese Leiste ist einfach zu montieren. Alles, was du brauchst, ist ein Schraubenzieher. Die Montageanleitung findest du auf dieser Seite. Danach, schaube die Leistes einfach \u00fcber die Kante von oben \u2013 sie hinterl\u00e4sst keinen sichtbaren L\u00f6cher.<\/p>\n<p>Diese Aufh\u00e4ngung gibt es noch in zwei L\u00e4ngen &#8211; mit <a href=\"https:\/\/www.hangover.eu\/de\/produkt\/hakenleiste-fuer-kante-4-haken\/\">ein<\/a> oder <a href=\"https:\/\/www.hangover.eu\/de\/produkt\/aufbewahrung-badezimmer\/\">zwei<\/a> Hakenleisten.<\/p>\n","protected":false},"excerpt":{"rendered":"<p><strong>[title]<\/strong> ist eine Art Wandhaken die \u00fcber beliebiger Kante befestigt werden kann. Zum Beispiel \u00fcber der Seite eines Kleiderschranks. Hinterl\u00e4sst keine sichtbare Schraubenl\u00f6cher.<\/p>\n","protected":false},"featured_media":6522,"comment_status":"open","ping_status":"closed","template":"","meta":{"footnotes":""},"product_brand":[342],"product_cat":[49,326],"product_tag":[131,130],"class_list":{"0":"post-1888","1":"product","2":"type-product","3":"status-publish","4":"has-post-thumbnail","6":"product_brand-hang-over-de","7":"product_cat-hakenleisten-fuer-kanten","8":"product_cat-tuerhaken-fuer-innenseiten","9":"product_tag-aufhanger-fur-kante","10":"product_tag-hakenleiste-fur-kante","12":"first","13":"instock","14":"taxable","15":"shipping-taxable","16":"purchasable","17":"product-type-simple"},"yoast_head":"<!-- This site is optimized with the Yoast SEO plugin v27.5 - https:\/\/yoast.com\/product\/yoast-seo-wordpress\/ -->\n<title>Wandhaken f\u00fcr Kante | Hang Over<\/title>\n<meta name=\"description\" content=\"Wandhaken mit 12 Haken f\u00fcr jede Kante. Zum Beispiel die Seite einer Garderobe. Hinterl\u00e4sst keine sichtbaren Schraubenl\u00f6cher. Leicht f\u00fcr Kinder zu erreichen.\" \/>\n<meta name=\"robots\" content=\"index, follow, max-snippet:-1, max-image-preview:large, max-video-preview:-1\" \/>\n<link rel=\"canonical\" href=\"https:\/\/www.hangover.eu\/de\/produkt\/wandhaken-fuer-kante-12-haken\/\" \/>\n<meta property=\"og:locale\" content=\"de_DE\" \/>\n<meta property=\"og:type\" content=\"article\" \/>\n<meta property=\"og:title\" content=\"Wandhaken f\u00fcr Kante | Hang Over\" \/>\n<meta property=\"og:description\" content=\"Wandhaken mit 12 Haken f\u00fcr jede Kante. Zum Beispiel die Seite einer Garderobe. Hinterl\u00e4sst keine sichtbaren Schraubenl\u00f6cher. Leicht f\u00fcr Kinder zu erreichen.\" \/>\n<meta property=\"og:url\" content=\"https:\/\/www.hangover.eu\/de\/produkt\/wandhaken-fuer-kante-12-haken\/\" \/>\n<meta property=\"og:site_name\" content=\"Hang Over\" \/>\n<meta property=\"article:publisher\" content=\"https:\/\/www.facebook.com\/travelwaxer\" \/>\n<meta property=\"article:modified_time\" content=\"2025-11-08T14:58:10+00:00\" \/>\n<meta property=\"og:image\" content=\"https:\/\/www.hangover.eu\/wp-content\/uploads\/hanger-for-edges-with-12-hooks.jpg\" \/>\n\t<meta property=\"og:image:width\" content=\"853\" \/>\n\t<meta property=\"og:image:height\" content=\"1280\" \/>\n\t<meta property=\"og:image:type\" content=\"image\/jpeg\" \/>\n<meta name=\"twitter:card\" content=\"summary_large_image\" \/>\n<meta name=\"twitter:label1\" content=\"Gesch\u00e4tzte Lesezeit\" \/>\n\t<meta name=\"twitter:data1\" content=\"2\u00a0Minute\" \/>\n<script type=\"application\/ld+json\" class=\"yoast-schema-graph\">{\"@context\":\"https:\\\/\\\/schema.org\",\"@graph\":[{\"@type\":[\"WebPage\",\"ItemPage\"],\"@id\":\"https:\\\/\\\/www.hangover.eu\\\/de\\\/produkt\\\/wandhaken-fuer-kante-12-haken\\\/\",\"url\":\"https:\\\/\\\/www.hangover.eu\\\/de\\\/produkt\\\/wandhaken-fuer-kante-12-haken\\\/\",\"name\":\"Wandhaken f\u00fcr Kante | Hang Over\",\"isPartOf\":{\"@id\":\"https:\\\/\\\/www.hangover.eu\\\/de\\\/#website\"},\"primaryImageOfPage\":{\"@id\":\"https:\\\/\\\/www.hangover.eu\\\/de\\\/produkt\\\/wandhaken-fuer-kante-12-haken\\\/#primaryimage\"},\"image\":{\"@id\":\"https:\\\/\\\/www.hangover.eu\\\/de\\\/produkt\\\/wandhaken-fuer-kante-12-haken\\\/#primaryimage\"},\"thumbnailUrl\":\"https:\\\/\\\/i0.wp.com\\\/www.hangover.eu\\\/wp-content\\\/uploads\\\/hanger-for-edges-with-12-hooks.jpg?fit=853%2C1280&ssl=1\",\"datePublished\":\"2015-07-31T18:54:40+00:00\",\"dateModified\":\"2025-11-08T14:58:10+00:00\",\"description\":\"Wandhaken mit 12 Haken f\u00fcr jede Kante. Zum Beispiel die Seite einer Garderobe. Hinterl\u00e4sst keine sichtbaren Schraubenl\u00f6cher. Leicht f\u00fcr Kinder zu erreichen.\",\"breadcrumb\":{\"@id\":\"https:\\\/\\\/www.hangover.eu\\\/de\\\/produkt\\\/wandhaken-fuer-kante-12-haken\\\/#breadcrumb\"},\"inLanguage\":\"de\",\"potentialAction\":[{\"@type\":\"ReadAction\",\"target\":[\"https:\\\/\\\/www.hangover.eu\\\/de\\\/produkt\\\/wandhaken-fuer-kante-12-haken\\\/\"]}]},{\"@type\":\"ImageObject\",\"inLanguage\":\"de\",\"@id\":\"https:\\\/\\\/www.hangover.eu\\\/de\\\/produkt\\\/wandhaken-fuer-kante-12-haken\\\/#primaryimage\",\"url\":\"https:\\\/\\\/i0.wp.com\\\/www.hangover.eu\\\/wp-content\\\/uploads\\\/hanger-for-edges-with-12-hooks.jpg?fit=853%2C1280&ssl=1\",\"contentUrl\":\"https:\\\/\\\/i0.wp.com\\\/www.hangover.eu\\\/wp-content\\\/uploads\\\/hanger-for-edges-with-12-hooks.jpg?fit=853%2C1280&ssl=1\",\"width\":853,\"height\":1280,\"caption\":\"Hakenleiste f\u00fcr Kanten, 12 Haken\"},{\"@type\":\"BreadcrumbList\",\"@id\":\"https:\\\/\\\/www.hangover.eu\\\/de\\\/produkt\\\/wandhaken-fuer-kante-12-haken\\\/#breadcrumb\",\"itemListElement\":[{\"@type\":\"ListItem\",\"position\":1,\"name\":\"Home\",\"item\":\"https:\\\/\\\/www.hangover.eu\\\/de\\\/cover-page\\\/\"},{\"@type\":\"ListItem\",\"position\":2,\"name\":\"Produkte\",\"item\":\"https:\\\/\\\/www.hangover.eu\\\/de\\\/shop\\\/\"},{\"@type\":\"ListItem\",\"position\":3,\"name\":\"Hang Over &#8211; Hakenleiste f\u00fcr Kante, 12 Haken\"}]},{\"@type\":\"WebSite\",\"@id\":\"https:\\\/\\\/www.hangover.eu\\\/de\\\/#website\",\"url\":\"https:\\\/\\\/www.hangover.eu\\\/de\\\/\",\"name\":\"Hang Over\",\"description\":\"Innovative und stilvolle T\u00fcrgarderoben\",\"publisher\":{\"@id\":\"https:\\\/\\\/www.hangover.eu\\\/de\\\/#organization\"},\"potentialAction\":[{\"@type\":\"SearchAction\",\"target\":{\"@type\":\"EntryPoint\",\"urlTemplate\":\"https:\\\/\\\/www.hangover.eu\\\/de\\\/?s={search_term_string}\"},\"query-input\":{\"@type\":\"PropertyValueSpecification\",\"valueRequired\":true,\"valueName\":\"search_term_string\"}}],\"inLanguage\":\"de\"},{\"@type\":\"Organization\",\"@id\":\"https:\\\/\\\/www.hangover.eu\\\/de\\\/#organization\",\"name\":\"Hang Over\",\"url\":\"https:\\\/\\\/www.hangover.eu\\\/de\\\/\",\"logo\":{\"@type\":\"ImageObject\",\"inLanguage\":\"de\",\"@id\":\"https:\\\/\\\/www.hangover.eu\\\/de\\\/#\\\/schema\\\/logo\\\/image\\\/\",\"url\":\"https:\\\/\\\/i0.wp.com\\\/www.hangover.eu\\\/wp-content\\\/uploads\\\/cropped-ho_logo_highres-1.png?fit=1241%2C597&ssl=1\",\"contentUrl\":\"https:\\\/\\\/i0.wp.com\\\/www.hangover.eu\\\/wp-content\\\/uploads\\\/cropped-ho_logo_highres-1.png?fit=1241%2C597&ssl=1\",\"width\":1241,\"height\":597,\"caption\":\"Hang Over\"},\"image\":{\"@id\":\"https:\\\/\\\/www.hangover.eu\\\/de\\\/#\\\/schema\\\/logo\\\/image\\\/\"},\"sameAs\":[\"https:\\\/\\\/www.facebook.com\\\/travelwaxer\"]}]}<\/script>\n<!-- \/ Yoast SEO plugin. -->","yoast_head_json":{"title":"Wandhaken f\u00fcr Kante | Hang Over","description":"Wandhaken mit 12 Haken f\u00fcr jede Kante. Zum Beispiel die Seite einer Garderobe. Hinterl\u00e4sst keine sichtbaren Schraubenl\u00f6cher. Leicht f\u00fcr Kinder zu erreichen.","robots":{"index":"index","follow":"follow","max-snippet":"max-snippet:-1","max-image-preview":"max-image-preview:large","max-video-preview":"max-video-preview:-1"},"canonical":"https:\/\/www.hangover.eu\/de\/produkt\/wandhaken-fuer-kante-12-haken\/","og_locale":"de_DE","og_type":"article","og_title":"Wandhaken f\u00fcr Kante | Hang Over","og_description":"Wandhaken mit 12 Haken f\u00fcr jede Kante. Zum Beispiel die Seite einer Garderobe. Hinterl\u00e4sst keine sichtbaren Schraubenl\u00f6cher. Leicht f\u00fcr Kinder zu erreichen.","og_url":"https:\/\/www.hangover.eu\/de\/produkt\/wandhaken-fuer-kante-12-haken\/","og_site_name":"Hang Over","article_publisher":"https:\/\/www.facebook.com\/travelwaxer","article_modified_time":"2025-11-08T14:58:10+00:00","og_image":[{"width":853,"height":1280,"url":"https:\/\/www.hangover.eu\/wp-content\/uploads\/hanger-for-edges-with-12-hooks.jpg","type":"image\/jpeg"}],"twitter_card":"summary_large_image","twitter_misc":{"Gesch\u00e4tzte Lesezeit":"2\u00a0Minute"},"schema":{"@context":"https:\/\/schema.org","@graph":[{"@type":["WebPage","ItemPage"],"@id":"https:\/\/www.hangover.eu\/de\/produkt\/wandhaken-fuer-kante-12-haken\/","url":"https:\/\/www.hangover.eu\/de\/produkt\/wandhaken-fuer-kante-12-haken\/","name":"Wandhaken f\u00fcr Kante | Hang Over","isPartOf":{"@id":"https:\/\/www.hangover.eu\/de\/#website"},"primaryImageOfPage":{"@id":"https:\/\/www.hangover.eu\/de\/produkt\/wandhaken-fuer-kante-12-haken\/#primaryimage"},"image":{"@id":"https:\/\/www.hangover.eu\/de\/produkt\/wandhaken-fuer-kante-12-haken\/#primaryimage"},"thumbnailUrl":"https:\/\/i0.wp.com\/www.hangover.eu\/wp-content\/uploads\/hanger-for-edges-with-12-hooks.jpg?fit=853%2C1280&ssl=1","datePublished":"2015-07-31T18:54:40+00:00","dateModified":"2025-11-08T14:58:10+00:00","description":"Wandhaken mit 12 Haken f\u00fcr jede Kante. Zum Beispiel die Seite einer Garderobe. Hinterl\u00e4sst keine sichtbaren Schraubenl\u00f6cher. Leicht f\u00fcr Kinder zu erreichen.","breadcrumb":{"@id":"https:\/\/www.hangover.eu\/de\/produkt\/wandhaken-fuer-kante-12-haken\/#breadcrumb"},"inLanguage":"de","potentialAction":[{"@type":"ReadAction","target":["https:\/\/www.hangover.eu\/de\/produkt\/wandhaken-fuer-kante-12-haken\/"]}]},{"@type":"ImageObject","inLanguage":"de","@id":"https:\/\/www.hangover.eu\/de\/produkt\/wandhaken-fuer-kante-12-haken\/#primaryimage","url":"https:\/\/i0.wp.com\/www.hangover.eu\/wp-content\/uploads\/hanger-for-edges-with-12-hooks.jpg?fit=853%2C1280&ssl=1","contentUrl":"https:\/\/i0.wp.com\/www.hangover.eu\/wp-content\/uploads\/hanger-for-edges-with-12-hooks.jpg?fit=853%2C1280&ssl=1","width":853,"height":1280,"caption":"Hakenleiste f\u00fcr Kanten, 12 Haken"},{"@type":"BreadcrumbList","@id":"https:\/\/www.hangover.eu\/de\/produkt\/wandhaken-fuer-kante-12-haken\/#breadcrumb","itemListElement":[{"@type":"ListItem","position":1,"name":"Home","item":"https:\/\/www.hangover.eu\/de\/cover-page\/"},{"@type":"ListItem","position":2,"name":"Produkte","item":"https:\/\/www.hangover.eu\/de\/shop\/"},{"@type":"ListItem","position":3,"name":"Hang Over &#8211; Hakenleiste f\u00fcr Kante, 12 Haken"}]},{"@type":"WebSite","@id":"https:\/\/www.hangover.eu\/de\/#website","url":"https:\/\/www.hangover.eu\/de\/","name":"Hang Over","description":"Innovative und stilvolle T\u00fcrgarderoben","publisher":{"@id":"https:\/\/www.hangover.eu\/de\/#organization"},"potentialAction":[{"@type":"SearchAction","target":{"@type":"EntryPoint","urlTemplate":"https:\/\/www.hangover.eu\/de\/?s={search_term_string}"},"query-input":{"@type":"PropertyValueSpecification","valueRequired":true,"valueName":"search_term_string"}}],"inLanguage":"de"},{"@type":"Organization","@id":"https:\/\/www.hangover.eu\/de\/#organization","name":"Hang Over","url":"https:\/\/www.hangover.eu\/de\/","logo":{"@type":"ImageObject","inLanguage":"de","@id":"https:\/\/www.hangover.eu\/de\/#\/schema\/logo\/image\/","url":"https:\/\/i0.wp.com\/www.hangover.eu\/wp-content\/uploads\/cropped-ho_logo_highres-1.png?fit=1241%2C597&ssl=1","contentUrl":"https:\/\/i0.wp.com\/www.hangover.eu\/wp-content\/uploads\/cropped-ho_logo_highres-1.png?fit=1241%2C597&ssl=1","width":1241,"height":597,"caption":"Hang Over"},"image":{"@id":"https:\/\/www.hangover.eu\/de\/#\/schema\/logo\/image\/"},"sameAs":["https:\/\/www.facebook.com\/travelwaxer"]}]}},"jetpack_sharing_enabled":true,"_links":{"self":[{"href":"https:\/\/www.hangover.eu\/de\/wp-json\/wp\/v2\/product\/1888","targetHints":{"allow":["GET"]}}],"collection":[{"href":"https:\/\/www.hangover.eu\/de\/wp-json\/wp\/v2\/product"}],"about":[{"href":"https:\/\/www.hangover.eu\/de\/wp-json\/wp\/v2\/types\/product"}],"replies":[{"embeddable":true,"href":"https:\/\/www.hangover.eu\/de\/wp-json\/wp\/v2\/comments?post=1888"}],"version-history":[{"count":13,"href":"https:\/\/www.hangover.eu\/de\/wp-json\/wp\/v2\/product\/1888\/revisions"}],"predecessor-version":[{"id":7647,"href":"https:\/\/www.hangover.eu\/de\/wp-json\/wp\/v2\/product\/1888\/revisions\/7647"}],"wp:featuredmedia":[{"embeddable":true,"href":"https:\/\/www.hangover.eu\/de\/wp-json\/wp\/v2\/media\/6522"}],"wp:attachment":[{"href":"https:\/\/www.hangover.eu\/de\/wp-json\/wp\/v2\/media?parent=1888"}],"wp:term":[{"taxonomy":"product_brand","embeddable":true,"href":"https:\/\/www.hangover.eu\/de\/wp-json\/wp\/v2\/product_brand?post=1888"},{"taxonomy":"product_cat","embeddable":true,"href":"https:\/\/www.hangover.eu\/de\/wp-json\/wp\/v2\/product_cat?post=1888"},{"taxonomy":"product_tag","embeddable":true,"href":"https:\/\/www.hangover.eu\/de\/wp-json\/wp\/v2\/product_tag?post=1888"}],"curies":[{"name":"wp","href":"https:\/\/api.w.org\/{rel}","templated":true}]}}