{"id":1879,"date":"2015-07-31T18:57:29","date_gmt":"2015-07-31T18:57:29","guid":{"rendered":"http:\/\/www.hangover.eu\/product\/hang-over-door-1-level-white-2\/"},"modified":"2025-11-08T14:55:42","modified_gmt":"2025-11-08T14:55:42","slug":"aufhanger-fuer-tur-42-mm-4-haken","status":"publish","type":"product","link":"https:\/\/www.hangover.eu\/de\/produkt\/aufhanger-fuer-tur-42-mm-4-haken\/","title":{"rendered":"Hang Over &#8211; T\u00fcrgarderobe 42 mm, 4 Haken"},"content":{"rendered":"<p>Dieser Aufh\u00e4nger f\u00fcr T\u00fcr passt flache\/stumpfe T\u00fcren mit einer St\u00e4rke bis zu 42 mm. Er hat 4 Haken und eine Breite von 40 cm. Erinnert zwar an die T\u00fcrgarderobe von IKEA, jedoch mit Kn\u00f6pfen aus geb\u00fcrstetem Aluminium.<\/p>\n<p>Bist du auf der Suche nach einer praktischen und eleganten L\u00f6sung, um mehr Ordnung in deinem Zuhause zu schaffen? Dann ist unser T\u00fcraufh\u00e4nger genau das Richtige f\u00fcr dich! Mit seinem modernen Design f\u00fcgt sich dieser Aufh\u00e4nger nahtlos in jede Wohnumgebung ein. Dank der vier stabilen Haken kannst du bequem Jacken, Taschen oder Handt\u00fccher aufh\u00e4ngen, ohne dass sie auf dem Boden landen. Die Breite von 40 cm bietet dir ausreichend Platz, um verschiedene Gegenst\u00e4nde ordentlich zu organisieren.<\/p>\n<p>Der Aufh\u00e4nger erinnert zwar an die beliebte T\u00fcrgarderobe von IKEA. Jedoch, hebt sich diese durch die stilvollen Kn\u00f6pfe aus geb\u00fcrstetem Aluminium ab.<\/p>\n<p>Der Aufh\u00e4nger ist einfach zu montieren. Alles, was du brauchst, ist ein Schraubenzieher. Die Montageanleitung findest du auf dieser Seite. Danach, h\u00e4nge den Aufh\u00e4nger einfach \u00fcber die T\u00fcr &#8211; er hinterl\u00e4sst keine Kratzer oder Spuren.<\/p>\n<p>Egal, ob im Flur, Badezimmer, Schlafzimmer oder B\u00fcro, eine Aufh\u00e4nger f\u00fcr T\u00fcr bietet dir eine schnelle und unkomplizierte L\u00f6sung f\u00fcr mehr Stauraum und Ordnung. \u00dcberzeuge dich selbst von der Qualit\u00e4t und dem praktischen Nutzen dieses Produkts. Erleichtere dir den Alltag und sorge f\u00fcr ein aufger\u00e4umtes Zuhause mit unserer stilvollen T\u00fcrgarderobe!<\/p>\n<p>Brauchst du mehr Stauraum, gibt es l\u00e4ngere Modelle mit <a href=\"https:\/\/www.hangover.eu\/de\/produkt\/aufbewahrung-badezimmer\/\">8<\/a> oder <a href=\"https:\/\/www.hangover.eu\/de\/produkt\/aufbewahrung-schlafzimmer\/\">12<\/a> Haken.<\/p>\n","protected":false},"excerpt":{"rendered":"<p><strong>[title]<\/strong> ist f\u00fcr flache T\u00fcren mit St\u00e4rke bis 42 mm. Hat 4 Haken und eine Breite von 40 cm. Erinnert an die T\u00fcrgarderobe aus IKEA, aber hat Kn\u00f6pfe in geb\u00fcrstetem Aluminium.<\/p>\n","protected":false},"featured_media":6625,"comment_status":"open","ping_status":"closed","template":"","meta":{"footnotes":""},"product_brand":[342],"product_cat":[47],"product_tag":[],"class_list":{"0":"post-1879","1":"product","2":"type-product","3":"status-publish","4":"has-post-thumbnail","6":"product_brand-hang-over-de","7":"product_cat-tuergarderoben-fuer-flache-tueren","9":"first","10":"instock","11":"taxable","12":"shipping-taxable","13":"purchasable","14":"product-type-simple"},"yoast_head":"<!-- This site is optimized with the Yoast SEO plugin v27.5 - https:\/\/yoast.com\/product\/yoast-seo-wordpress\/ -->\n<title>Aufh\u00e4nger f\u00fcr T\u00fcr | Hang Over<\/title>\n<meta name=\"description\" content=\"Aufh\u00e4nger f\u00fcr T\u00fcr. Passt flache\/stumpfe T\u00fcren mit St\u00e4rke bis 42 mm. Erinnert an die T\u00fcrgarderobe aus IKEA, aber hat Kn\u00f6pfe in geb\u00fcrstetem Aluminium.\" \/>\n<meta name=\"robots\" content=\"index, follow, max-snippet:-1, max-image-preview:large, max-video-preview:-1\" \/>\n<link rel=\"canonical\" href=\"https:\/\/www.hangover.eu\/de\/produkt\/aufhanger-fuer-tur-42-mm-4-haken\/\" \/>\n<meta property=\"og:locale\" content=\"de_DE\" \/>\n<meta property=\"og:type\" content=\"article\" \/>\n<meta property=\"og:title\" content=\"Aufh\u00e4nger f\u00fcr T\u00fcr | Hang Over\" \/>\n<meta property=\"og:description\" content=\"Aufh\u00e4nger f\u00fcr T\u00fcr. Passt flache\/stumpfe T\u00fcren mit St\u00e4rke bis 42 mm. Erinnert an die T\u00fcrgarderobe aus IKEA, aber hat Kn\u00f6pfe in geb\u00fcrstetem Aluminium.\" \/>\n<meta property=\"og:url\" content=\"https:\/\/www.hangover.eu\/de\/produkt\/aufhanger-fuer-tur-42-mm-4-haken\/\" \/>\n<meta property=\"og:site_name\" content=\"Hang Over\" \/>\n<meta property=\"article:publisher\" content=\"https:\/\/www.facebook.com\/travelwaxer\" \/>\n<meta property=\"article:modified_time\" content=\"2025-11-08T14:55:42+00:00\" \/>\n<meta property=\"og:image\" content=\"https:\/\/www.hangover.eu\/wp-content\/uploads\/hanger-for-door-4-hooks.jpg\" \/>\n\t<meta property=\"og:image:width\" content=\"853\" \/>\n\t<meta property=\"og:image:height\" content=\"1100\" \/>\n\t<meta property=\"og:image:type\" content=\"image\/jpeg\" \/>\n<meta name=\"twitter:card\" content=\"summary_large_image\" \/>\n<meta name=\"twitter:label1\" content=\"Gesch\u00e4tzte Lesezeit\" \/>\n\t<meta name=\"twitter:data1\" content=\"2\u00a0Minute\" \/>\n<script type=\"application\/ld+json\" class=\"yoast-schema-graph\">{\"@context\":\"https:\\\/\\\/schema.org\",\"@graph\":[{\"@type\":[\"WebPage\",\"ItemPage\"],\"@id\":\"https:\\\/\\\/www.hangover.eu\\\/de\\\/produkt\\\/aufhanger-fuer-tur-42-mm-4-haken\\\/\",\"url\":\"https:\\\/\\\/www.hangover.eu\\\/de\\\/produkt\\\/aufhanger-fuer-tur-42-mm-4-haken\\\/\",\"name\":\"Aufh\u00e4nger f\u00fcr T\u00fcr | Hang Over\",\"isPartOf\":{\"@id\":\"https:\\\/\\\/www.hangover.eu\\\/de\\\/#website\"},\"primaryImageOfPage\":{\"@id\":\"https:\\\/\\\/www.hangover.eu\\\/de\\\/produkt\\\/aufhanger-fuer-tur-42-mm-4-haken\\\/#primaryimage\"},\"image\":{\"@id\":\"https:\\\/\\\/www.hangover.eu\\\/de\\\/produkt\\\/aufhanger-fuer-tur-42-mm-4-haken\\\/#primaryimage\"},\"thumbnailUrl\":\"https:\\\/\\\/i0.wp.com\\\/www.hangover.eu\\\/wp-content\\\/uploads\\\/hanger-for-door-4-hooks.jpg?fit=853%2C1100&ssl=1\",\"datePublished\":\"2015-07-31T18:57:29+00:00\",\"dateModified\":\"2025-11-08T14:55:42+00:00\",\"description\":\"Aufh\u00e4nger f\u00fcr T\u00fcr. Passt flache\\\/stumpfe T\u00fcren mit St\u00e4rke bis 42 mm. Erinnert an die T\u00fcrgarderobe aus IKEA, aber hat Kn\u00f6pfe in geb\u00fcrstetem Aluminium.\",\"breadcrumb\":{\"@id\":\"https:\\\/\\\/www.hangover.eu\\\/de\\\/produkt\\\/aufhanger-fuer-tur-42-mm-4-haken\\\/#breadcrumb\"},\"inLanguage\":\"de\",\"potentialAction\":[{\"@type\":\"ReadAction\",\"target\":[\"https:\\\/\\\/www.hangover.eu\\\/de\\\/produkt\\\/aufhanger-fuer-tur-42-mm-4-haken\\\/\"]}]},{\"@type\":\"ImageObject\",\"inLanguage\":\"de\",\"@id\":\"https:\\\/\\\/www.hangover.eu\\\/de\\\/produkt\\\/aufhanger-fuer-tur-42-mm-4-haken\\\/#primaryimage\",\"url\":\"https:\\\/\\\/i0.wp.com\\\/www.hangover.eu\\\/wp-content\\\/uploads\\\/hanger-for-door-4-hooks.jpg?fit=853%2C1100&ssl=1\",\"contentUrl\":\"https:\\\/\\\/i0.wp.com\\\/www.hangover.eu\\\/wp-content\\\/uploads\\\/hanger-for-door-4-hooks.jpg?fit=853%2C1100&ssl=1\",\"width\":853,\"height\":1100,\"caption\":\"T\u00fcrgarderobe 42 mm, 4 Haken\"},{\"@type\":\"BreadcrumbList\",\"@id\":\"https:\\\/\\\/www.hangover.eu\\\/de\\\/produkt\\\/aufhanger-fuer-tur-42-mm-4-haken\\\/#breadcrumb\",\"itemListElement\":[{\"@type\":\"ListItem\",\"position\":1,\"name\":\"Home\",\"item\":\"https:\\\/\\\/www.hangover.eu\\\/de\\\/cover-page\\\/\"},{\"@type\":\"ListItem\",\"position\":2,\"name\":\"Produkte\",\"item\":\"https:\\\/\\\/www.hangover.eu\\\/de\\\/shop\\\/\"},{\"@type\":\"ListItem\",\"position\":3,\"name\":\"Hang Over &#8211; T\u00fcrgarderobe 42 mm, 4 Haken\"}]},{\"@type\":\"WebSite\",\"@id\":\"https:\\\/\\\/www.hangover.eu\\\/de\\\/#website\",\"url\":\"https:\\\/\\\/www.hangover.eu\\\/de\\\/\",\"name\":\"Hang Over\",\"description\":\"Innovative und stilvolle T\u00fcrgarderoben\",\"publisher\":{\"@id\":\"https:\\\/\\\/www.hangover.eu\\\/de\\\/#organization\"},\"potentialAction\":[{\"@type\":\"SearchAction\",\"target\":{\"@type\":\"EntryPoint\",\"urlTemplate\":\"https:\\\/\\\/www.hangover.eu\\\/de\\\/?s={search_term_string}\"},\"query-input\":{\"@type\":\"PropertyValueSpecification\",\"valueRequired\":true,\"valueName\":\"search_term_string\"}}],\"inLanguage\":\"de\"},{\"@type\":\"Organization\",\"@id\":\"https:\\\/\\\/www.hangover.eu\\\/de\\\/#organization\",\"name\":\"Hang Over\",\"url\":\"https:\\\/\\\/www.hangover.eu\\\/de\\\/\",\"logo\":{\"@type\":\"ImageObject\",\"inLanguage\":\"de\",\"@id\":\"https:\\\/\\\/www.hangover.eu\\\/de\\\/#\\\/schema\\\/logo\\\/image\\\/\",\"url\":\"https:\\\/\\\/i0.wp.com\\\/www.hangover.eu\\\/wp-content\\\/uploads\\\/cropped-ho_logo_highres-1.png?fit=1241%2C597&ssl=1\",\"contentUrl\":\"https:\\\/\\\/i0.wp.com\\\/www.hangover.eu\\\/wp-content\\\/uploads\\\/cropped-ho_logo_highres-1.png?fit=1241%2C597&ssl=1\",\"width\":1241,\"height\":597,\"caption\":\"Hang Over\"},\"image\":{\"@id\":\"https:\\\/\\\/www.hangover.eu\\\/de\\\/#\\\/schema\\\/logo\\\/image\\\/\"},\"sameAs\":[\"https:\\\/\\\/www.facebook.com\\\/travelwaxer\"]}]}<\/script>\n<!-- \/ Yoast SEO plugin. -->","yoast_head_json":{"title":"Aufh\u00e4nger f\u00fcr T\u00fcr | Hang Over","description":"Aufh\u00e4nger f\u00fcr T\u00fcr. Passt flache\/stumpfe T\u00fcren mit St\u00e4rke bis 42 mm. Erinnert an die T\u00fcrgarderobe aus IKEA, aber hat Kn\u00f6pfe in geb\u00fcrstetem Aluminium.","robots":{"index":"index","follow":"follow","max-snippet":"max-snippet:-1","max-image-preview":"max-image-preview:large","max-video-preview":"max-video-preview:-1"},"canonical":"https:\/\/www.hangover.eu\/de\/produkt\/aufhanger-fuer-tur-42-mm-4-haken\/","og_locale":"de_DE","og_type":"article","og_title":"Aufh\u00e4nger f\u00fcr T\u00fcr | Hang Over","og_description":"Aufh\u00e4nger f\u00fcr T\u00fcr. Passt flache\/stumpfe T\u00fcren mit St\u00e4rke bis 42 mm. Erinnert an die T\u00fcrgarderobe aus IKEA, aber hat Kn\u00f6pfe in geb\u00fcrstetem Aluminium.","og_url":"https:\/\/www.hangover.eu\/de\/produkt\/aufhanger-fuer-tur-42-mm-4-haken\/","og_site_name":"Hang Over","article_publisher":"https:\/\/www.facebook.com\/travelwaxer","article_modified_time":"2025-11-08T14:55:42+00:00","og_image":[{"width":853,"height":1100,"url":"https:\/\/www.hangover.eu\/wp-content\/uploads\/hanger-for-door-4-hooks.jpg","type":"image\/jpeg"}],"twitter_card":"summary_large_image","twitter_misc":{"Gesch\u00e4tzte Lesezeit":"2\u00a0Minute"},"schema":{"@context":"https:\/\/schema.org","@graph":[{"@type":["WebPage","ItemPage"],"@id":"https:\/\/www.hangover.eu\/de\/produkt\/aufhanger-fuer-tur-42-mm-4-haken\/","url":"https:\/\/www.hangover.eu\/de\/produkt\/aufhanger-fuer-tur-42-mm-4-haken\/","name":"Aufh\u00e4nger f\u00fcr T\u00fcr | Hang Over","isPartOf":{"@id":"https:\/\/www.hangover.eu\/de\/#website"},"primaryImageOfPage":{"@id":"https:\/\/www.hangover.eu\/de\/produkt\/aufhanger-fuer-tur-42-mm-4-haken\/#primaryimage"},"image":{"@id":"https:\/\/www.hangover.eu\/de\/produkt\/aufhanger-fuer-tur-42-mm-4-haken\/#primaryimage"},"thumbnailUrl":"https:\/\/i0.wp.com\/www.hangover.eu\/wp-content\/uploads\/hanger-for-door-4-hooks.jpg?fit=853%2C1100&ssl=1","datePublished":"2015-07-31T18:57:29+00:00","dateModified":"2025-11-08T14:55:42+00:00","description":"Aufh\u00e4nger f\u00fcr T\u00fcr. Passt flache\/stumpfe T\u00fcren mit St\u00e4rke bis 42 mm. Erinnert an die T\u00fcrgarderobe aus IKEA, aber hat Kn\u00f6pfe in geb\u00fcrstetem Aluminium.","breadcrumb":{"@id":"https:\/\/www.hangover.eu\/de\/produkt\/aufhanger-fuer-tur-42-mm-4-haken\/#breadcrumb"},"inLanguage":"de","potentialAction":[{"@type":"ReadAction","target":["https:\/\/www.hangover.eu\/de\/produkt\/aufhanger-fuer-tur-42-mm-4-haken\/"]}]},{"@type":"ImageObject","inLanguage":"de","@id":"https:\/\/www.hangover.eu\/de\/produkt\/aufhanger-fuer-tur-42-mm-4-haken\/#primaryimage","url":"https:\/\/i0.wp.com\/www.hangover.eu\/wp-content\/uploads\/hanger-for-door-4-hooks.jpg?fit=853%2C1100&ssl=1","contentUrl":"https:\/\/i0.wp.com\/www.hangover.eu\/wp-content\/uploads\/hanger-for-door-4-hooks.jpg?fit=853%2C1100&ssl=1","width":853,"height":1100,"caption":"T\u00fcrgarderobe 42 mm, 4 Haken"},{"@type":"BreadcrumbList","@id":"https:\/\/www.hangover.eu\/de\/produkt\/aufhanger-fuer-tur-42-mm-4-haken\/#breadcrumb","itemListElement":[{"@type":"ListItem","position":1,"name":"Home","item":"https:\/\/www.hangover.eu\/de\/cover-page\/"},{"@type":"ListItem","position":2,"name":"Produkte","item":"https:\/\/www.hangover.eu\/de\/shop\/"},{"@type":"ListItem","position":3,"name":"Hang Over &#8211; T\u00fcrgarderobe 42 mm, 4 Haken"}]},{"@type":"WebSite","@id":"https:\/\/www.hangover.eu\/de\/#website","url":"https:\/\/www.hangover.eu\/de\/","name":"Hang Over","description":"Innovative und stilvolle T\u00fcrgarderoben","publisher":{"@id":"https:\/\/www.hangover.eu\/de\/#organization"},"potentialAction":[{"@type":"SearchAction","target":{"@type":"EntryPoint","urlTemplate":"https:\/\/www.hangover.eu\/de\/?s={search_term_string}"},"query-input":{"@type":"PropertyValueSpecification","valueRequired":true,"valueName":"search_term_string"}}],"inLanguage":"de"},{"@type":"Organization","@id":"https:\/\/www.hangover.eu\/de\/#organization","name":"Hang Over","url":"https:\/\/www.hangover.eu\/de\/","logo":{"@type":"ImageObject","inLanguage":"de","@id":"https:\/\/www.hangover.eu\/de\/#\/schema\/logo\/image\/","url":"https:\/\/i0.wp.com\/www.hangover.eu\/wp-content\/uploads\/cropped-ho_logo_highres-1.png?fit=1241%2C597&ssl=1","contentUrl":"https:\/\/i0.wp.com\/www.hangover.eu\/wp-content\/uploads\/cropped-ho_logo_highres-1.png?fit=1241%2C597&ssl=1","width":1241,"height":597,"caption":"Hang Over"},"image":{"@id":"https:\/\/www.hangover.eu\/de\/#\/schema\/logo\/image\/"},"sameAs":["https:\/\/www.facebook.com\/travelwaxer"]}]}},"jetpack_sharing_enabled":true,"_links":{"self":[{"href":"https:\/\/www.hangover.eu\/de\/wp-json\/wp\/v2\/product\/1879","targetHints":{"allow":["GET"]}}],"collection":[{"href":"https:\/\/www.hangover.eu\/de\/wp-json\/wp\/v2\/product"}],"about":[{"href":"https:\/\/www.hangover.eu\/de\/wp-json\/wp\/v2\/types\/product"}],"replies":[{"embeddable":true,"href":"https:\/\/www.hangover.eu\/de\/wp-json\/wp\/v2\/comments?post=1879"}],"version-history":[{"count":21,"href":"https:\/\/www.hangover.eu\/de\/wp-json\/wp\/v2\/product\/1879\/revisions"}],"predecessor-version":[{"id":7646,"href":"https:\/\/www.hangover.eu\/de\/wp-json\/wp\/v2\/product\/1879\/revisions\/7646"}],"wp:featuredmedia":[{"embeddable":true,"href":"https:\/\/www.hangover.eu\/de\/wp-json\/wp\/v2\/media\/6625"}],"wp:attachment":[{"href":"https:\/\/www.hangover.eu\/de\/wp-json\/wp\/v2\/media?parent=1879"}],"wp:term":[{"taxonomy":"product_brand","embeddable":true,"href":"https:\/\/www.hangover.eu\/de\/wp-json\/wp\/v2\/product_brand?post=1879"},{"taxonomy":"product_cat","embeddable":true,"href":"https:\/\/www.hangover.eu\/de\/wp-json\/wp\/v2\/product_cat?post=1879"},{"taxonomy":"product_tag","embeddable":true,"href":"https:\/\/www.hangover.eu\/de\/wp-json\/wp\/v2\/product_tag?post=1879"}],"curies":[{"name":"wp","href":"https:\/\/api.w.org\/{rel}","templated":true}]}}