{"id":1818,"date":"2015-07-31T19:10:03","date_gmt":"2015-07-31T19:10:03","guid":{"rendered":"http:\/\/www.hangover.eu\/product\/hang-over-edge-1-level-white-2\/"},"modified":"2025-11-08T14:47:19","modified_gmt":"2025-11-08T14:47:19","slug":"hakenleiste-fuer-kante-4-haken","status":"publish","type":"product","link":"https:\/\/www.hangover.eu\/de\/produkt\/hakenleiste-fuer-kante-4-haken\/","title":{"rendered":"Hang Over &#8211; Hakenleiste f\u00fcr Kante, 4 Haken"},"content":{"rendered":"<p>Diese Hakenleiste f\u00fcr Kanten ist die perfekte L\u00f6sung f\u00fcr zus\u00e4tzlichen Stauraum in deinem Zuhause. Sie kann \u00fcber jede beliebige Kante befestigt werden. Zum Beispiel \u00fcber der Seite einer Garderobe. Sie kann auch auf der Innenseite einer T\u00fcr geh\u00e4ngt werden, zum Beispiel im Bad oder im Schlafzimmer. Dank ihrer einfachen Montage hinterl\u00e4sst sie keine sichtbaren Schraubenl\u00f6cher, sodass deine Oberfl\u00e4chen makellos bleiben.<\/p>\n<p>Mit ihrem stilvollen, skandinavischen Design in Aluminium und Wei\u00df f\u00fcgt sich die Hakenleiste harmonisch in jede Einrichtung ein. Die hochwertige Verarbeitung und das zeitlose Design machen sie zu einem attraktiven und funktionalen Accessoire f\u00fcr dein Zuhause. Die Hakenleiste bietet ausreichend Platz f\u00fcr Handt\u00fccher, Badem\u00e4ntel oder andere Utensilien und sorgt so f\u00fcr Ordnung und \u00dcbersichtlichkeit.<\/p>\n<p>Ob im Badezimmer, Flur oder Schlafzimmer \u2013 diese Hakenleiste ist vielseitig einsetzbar und ein Muss f\u00fcr jeden, der Wert auf eine ordentliche und \u00e4sthetische Aufbewahrungsl\u00f6sung legt. Entdecke die Vorteile dieser praktischen und eleganten Hakenleiste und bringe stilvoll mehr Ordnung in dein Zuhause.<\/p>\n<p>Diese Leiste ist einfach zu montieren. Alles, was du brauchst, ist ein Schraubenzieher. Die Montageanleitung findest du auf dieser Seite. Danach, schaube die Leistes einfach \u00fcber die Kante von oben \u2013 sie hinterl\u00e4sst keinen sichtbaren L\u00f6cher.<\/p>\n<p>Brauchst du mehr Stauraum, gibt es l\u00e4ngere Modelle mit <a href=\"https:\/\/www.hangover.eu\/de\/produkt\/garderobenleiste-20-mm-8-haken\/\">zwei<\/a> oder <a href=\"https:\/\/www.hangover.eu\/de\/produkt\/wandhaken-fuer-kante-12-haken\/\">drei<\/a> Hakenleisten.<\/p>\n","protected":false},"excerpt":{"rendered":"<p><strong>[title]<\/strong> kann \u00fcber beliebiger Kante befestigt werden, zum Beispiel \u00fcber der Seite einer Garderobe. Passt auch auf der Innenseite einer T\u00fcr mit Kante. Perfekt f\u00fcr die T\u00fcr zum Badezimmer. Hinterl\u00e4sst keine sichtbare Schraubenl\u00f6cher. Stilvolles, skandinavisches Design in Alu und wei\u00df.<\/p>\n","protected":false},"featured_media":7361,"comment_status":"open","ping_status":"closed","template":"","meta":{"footnotes":""},"product_brand":[342],"product_cat":[49,326],"product_tag":[131,130],"class_list":{"0":"post-1818","1":"product","2":"type-product","3":"status-publish","4":"has-post-thumbnail","6":"product_brand-hang-over-de","7":"product_cat-hakenleisten-fuer-kanten","8":"product_cat-tuerhaken-fuer-innenseiten","9":"product_tag-aufhanger-fur-kante","10":"product_tag-hakenleiste-fur-kante","12":"first","13":"instock","14":"taxable","15":"shipping-taxable","16":"purchasable","17":"product-type-simple"},"yoast_head":"<!-- This site is optimized with the Yoast SEO plugin v27.5 - https:\/\/yoast.com\/product\/yoast-seo-wordpress\/ -->\n<title>Hang Over - Hakenleiste f\u00fcr Kante, 4 Haken | Hang Over<\/title>\n<meta name=\"description\" content=\"Stilvolle Hakenleiste f\u00fcr Kanten oder T\u00fcrinnenseiten. Skandinavisches Design in Alu und wei\u00df. Perfekt f\u00fcr die T\u00fcr zum Badezimmer oder die Garderobe.\" \/>\n<meta name=\"robots\" content=\"index, follow, max-snippet:-1, max-image-preview:large, max-video-preview:-1\" \/>\n<link rel=\"canonical\" href=\"https:\/\/www.hangover.eu\/de\/produkt\/hakenleiste-fuer-kante-4-haken\/\" \/>\n<meta property=\"og:locale\" content=\"de_DE\" \/>\n<meta property=\"og:type\" content=\"article\" \/>\n<meta property=\"og:title\" content=\"Hang Over - Hakenleiste f\u00fcr Kante, 4 Haken | Hang Over\" \/>\n<meta property=\"og:description\" content=\"Stilvolle Hakenleiste f\u00fcr Kanten oder T\u00fcrinnenseiten. Skandinavisches Design in Alu und wei\u00df. Perfekt f\u00fcr die T\u00fcr zum Badezimmer oder die Garderobe.\" \/>\n<meta property=\"og:url\" content=\"https:\/\/www.hangover.eu\/de\/produkt\/hakenleiste-fuer-kante-4-haken\/\" \/>\n<meta property=\"og:site_name\" content=\"Hang Over\" \/>\n<meta property=\"article:publisher\" content=\"https:\/\/www.facebook.com\/travelwaxer\" \/>\n<meta property=\"article:modified_time\" content=\"2025-11-08T14:47:19+00:00\" \/>\n<meta property=\"og:image\" content=\"https:\/\/www.hangover.eu\/wp-content\/uploads\/hanger-for-edges-4-hooks-2.jpg\" \/>\n\t<meta property=\"og:image:width\" content=\"853\" \/>\n\t<meta property=\"og:image:height\" content=\"439\" \/>\n\t<meta property=\"og:image:type\" content=\"image\/jpeg\" \/>\n<meta name=\"twitter:card\" content=\"summary_large_image\" \/>\n<meta name=\"twitter:label1\" content=\"Gesch\u00e4tzte Lesezeit\" \/>\n\t<meta name=\"twitter:data1\" content=\"2\u00a0Minute\" \/>\n<script type=\"application\/ld+json\" class=\"yoast-schema-graph\">{\"@context\":\"https:\\\/\\\/schema.org\",\"@graph\":[{\"@type\":[\"WebPage\",\"ItemPage\"],\"@id\":\"https:\\\/\\\/www.hangover.eu\\\/de\\\/produkt\\\/hakenleiste-fuer-kante-4-haken\\\/\",\"url\":\"https:\\\/\\\/www.hangover.eu\\\/de\\\/produkt\\\/hakenleiste-fuer-kante-4-haken\\\/\",\"name\":\"Hang Over - Hakenleiste f\u00fcr Kante, 4 Haken | Hang Over\",\"isPartOf\":{\"@id\":\"https:\\\/\\\/www.hangover.eu\\\/de\\\/#website\"},\"primaryImageOfPage\":{\"@id\":\"https:\\\/\\\/www.hangover.eu\\\/de\\\/produkt\\\/hakenleiste-fuer-kante-4-haken\\\/#primaryimage\"},\"image\":{\"@id\":\"https:\\\/\\\/www.hangover.eu\\\/de\\\/produkt\\\/hakenleiste-fuer-kante-4-haken\\\/#primaryimage\"},\"thumbnailUrl\":\"https:\\\/\\\/i0.wp.com\\\/www.hangover.eu\\\/wp-content\\\/uploads\\\/hanger-for-edges-4-hooks-2.jpg?fit=853%2C439&ssl=1\",\"datePublished\":\"2015-07-31T19:10:03+00:00\",\"dateModified\":\"2025-11-08T14:47:19+00:00\",\"description\":\"Stilvolle Hakenleiste f\u00fcr Kanten oder T\u00fcrinnenseiten. Skandinavisches Design in Alu und wei\u00df. Perfekt f\u00fcr die T\u00fcr zum Badezimmer oder die Garderobe.\",\"breadcrumb\":{\"@id\":\"https:\\\/\\\/www.hangover.eu\\\/de\\\/produkt\\\/hakenleiste-fuer-kante-4-haken\\\/#breadcrumb\"},\"inLanguage\":\"de\",\"potentialAction\":[{\"@type\":\"ReadAction\",\"target\":[\"https:\\\/\\\/www.hangover.eu\\\/de\\\/produkt\\\/hakenleiste-fuer-kante-4-haken\\\/\"]}]},{\"@type\":\"ImageObject\",\"inLanguage\":\"de\",\"@id\":\"https:\\\/\\\/www.hangover.eu\\\/de\\\/produkt\\\/hakenleiste-fuer-kante-4-haken\\\/#primaryimage\",\"url\":\"https:\\\/\\\/i0.wp.com\\\/www.hangover.eu\\\/wp-content\\\/uploads\\\/hanger-for-edges-4-hooks-2.jpg?fit=853%2C439&ssl=1\",\"contentUrl\":\"https:\\\/\\\/i0.wp.com\\\/www.hangover.eu\\\/wp-content\\\/uploads\\\/hanger-for-edges-4-hooks-2.jpg?fit=853%2C439&ssl=1\",\"width\":853,\"height\":439},{\"@type\":\"BreadcrumbList\",\"@id\":\"https:\\\/\\\/www.hangover.eu\\\/de\\\/produkt\\\/hakenleiste-fuer-kante-4-haken\\\/#breadcrumb\",\"itemListElement\":[{\"@type\":\"ListItem\",\"position\":1,\"name\":\"Home\",\"item\":\"https:\\\/\\\/www.hangover.eu\\\/de\\\/cover-page\\\/\"},{\"@type\":\"ListItem\",\"position\":2,\"name\":\"Produkte\",\"item\":\"https:\\\/\\\/www.hangover.eu\\\/de\\\/shop\\\/\"},{\"@type\":\"ListItem\",\"position\":3,\"name\":\"Hang Over &#8211; Hakenleiste f\u00fcr Kante, 4 Haken\"}]},{\"@type\":\"WebSite\",\"@id\":\"https:\\\/\\\/www.hangover.eu\\\/de\\\/#website\",\"url\":\"https:\\\/\\\/www.hangover.eu\\\/de\\\/\",\"name\":\"Hang Over\",\"description\":\"Innovative und stilvolle T\u00fcrgarderoben\",\"publisher\":{\"@id\":\"https:\\\/\\\/www.hangover.eu\\\/de\\\/#organization\"},\"potentialAction\":[{\"@type\":\"SearchAction\",\"target\":{\"@type\":\"EntryPoint\",\"urlTemplate\":\"https:\\\/\\\/www.hangover.eu\\\/de\\\/?s={search_term_string}\"},\"query-input\":{\"@type\":\"PropertyValueSpecification\",\"valueRequired\":true,\"valueName\":\"search_term_string\"}}],\"inLanguage\":\"de\"},{\"@type\":\"Organization\",\"@id\":\"https:\\\/\\\/www.hangover.eu\\\/de\\\/#organization\",\"name\":\"Hang Over\",\"url\":\"https:\\\/\\\/www.hangover.eu\\\/de\\\/\",\"logo\":{\"@type\":\"ImageObject\",\"inLanguage\":\"de\",\"@id\":\"https:\\\/\\\/www.hangover.eu\\\/de\\\/#\\\/schema\\\/logo\\\/image\\\/\",\"url\":\"https:\\\/\\\/i0.wp.com\\\/www.hangover.eu\\\/wp-content\\\/uploads\\\/cropped-ho_logo_highres-1.png?fit=1241%2C597&ssl=1\",\"contentUrl\":\"https:\\\/\\\/i0.wp.com\\\/www.hangover.eu\\\/wp-content\\\/uploads\\\/cropped-ho_logo_highres-1.png?fit=1241%2C597&ssl=1\",\"width\":1241,\"height\":597,\"caption\":\"Hang Over\"},\"image\":{\"@id\":\"https:\\\/\\\/www.hangover.eu\\\/de\\\/#\\\/schema\\\/logo\\\/image\\\/\"},\"sameAs\":[\"https:\\\/\\\/www.facebook.com\\\/travelwaxer\"]}]}<\/script>\n<!-- \/ Yoast SEO plugin. -->","yoast_head_json":{"title":"Hang Over - Hakenleiste f\u00fcr Kante, 4 Haken | Hang Over","description":"Stilvolle Hakenleiste f\u00fcr Kanten oder T\u00fcrinnenseiten. Skandinavisches Design in Alu und wei\u00df. Perfekt f\u00fcr die T\u00fcr zum Badezimmer oder die Garderobe.","robots":{"index":"index","follow":"follow","max-snippet":"max-snippet:-1","max-image-preview":"max-image-preview:large","max-video-preview":"max-video-preview:-1"},"canonical":"https:\/\/www.hangover.eu\/de\/produkt\/hakenleiste-fuer-kante-4-haken\/","og_locale":"de_DE","og_type":"article","og_title":"Hang Over - Hakenleiste f\u00fcr Kante, 4 Haken | Hang Over","og_description":"Stilvolle Hakenleiste f\u00fcr Kanten oder T\u00fcrinnenseiten. Skandinavisches Design in Alu und wei\u00df. Perfekt f\u00fcr die T\u00fcr zum Badezimmer oder die Garderobe.","og_url":"https:\/\/www.hangover.eu\/de\/produkt\/hakenleiste-fuer-kante-4-haken\/","og_site_name":"Hang Over","article_publisher":"https:\/\/www.facebook.com\/travelwaxer","article_modified_time":"2025-11-08T14:47:19+00:00","og_image":[{"width":853,"height":439,"url":"https:\/\/www.hangover.eu\/wp-content\/uploads\/hanger-for-edges-4-hooks-2.jpg","type":"image\/jpeg"}],"twitter_card":"summary_large_image","twitter_misc":{"Gesch\u00e4tzte Lesezeit":"2\u00a0Minute"},"schema":{"@context":"https:\/\/schema.org","@graph":[{"@type":["WebPage","ItemPage"],"@id":"https:\/\/www.hangover.eu\/de\/produkt\/hakenleiste-fuer-kante-4-haken\/","url":"https:\/\/www.hangover.eu\/de\/produkt\/hakenleiste-fuer-kante-4-haken\/","name":"Hang Over - Hakenleiste f\u00fcr Kante, 4 Haken | Hang Over","isPartOf":{"@id":"https:\/\/www.hangover.eu\/de\/#website"},"primaryImageOfPage":{"@id":"https:\/\/www.hangover.eu\/de\/produkt\/hakenleiste-fuer-kante-4-haken\/#primaryimage"},"image":{"@id":"https:\/\/www.hangover.eu\/de\/produkt\/hakenleiste-fuer-kante-4-haken\/#primaryimage"},"thumbnailUrl":"https:\/\/i0.wp.com\/www.hangover.eu\/wp-content\/uploads\/hanger-for-edges-4-hooks-2.jpg?fit=853%2C439&ssl=1","datePublished":"2015-07-31T19:10:03+00:00","dateModified":"2025-11-08T14:47:19+00:00","description":"Stilvolle Hakenleiste f\u00fcr Kanten oder T\u00fcrinnenseiten. Skandinavisches Design in Alu und wei\u00df. Perfekt f\u00fcr die T\u00fcr zum Badezimmer oder die Garderobe.","breadcrumb":{"@id":"https:\/\/www.hangover.eu\/de\/produkt\/hakenleiste-fuer-kante-4-haken\/#breadcrumb"},"inLanguage":"de","potentialAction":[{"@type":"ReadAction","target":["https:\/\/www.hangover.eu\/de\/produkt\/hakenleiste-fuer-kante-4-haken\/"]}]},{"@type":"ImageObject","inLanguage":"de","@id":"https:\/\/www.hangover.eu\/de\/produkt\/hakenleiste-fuer-kante-4-haken\/#primaryimage","url":"https:\/\/i0.wp.com\/www.hangover.eu\/wp-content\/uploads\/hanger-for-edges-4-hooks-2.jpg?fit=853%2C439&ssl=1","contentUrl":"https:\/\/i0.wp.com\/www.hangover.eu\/wp-content\/uploads\/hanger-for-edges-4-hooks-2.jpg?fit=853%2C439&ssl=1","width":853,"height":439},{"@type":"BreadcrumbList","@id":"https:\/\/www.hangover.eu\/de\/produkt\/hakenleiste-fuer-kante-4-haken\/#breadcrumb","itemListElement":[{"@type":"ListItem","position":1,"name":"Home","item":"https:\/\/www.hangover.eu\/de\/cover-page\/"},{"@type":"ListItem","position":2,"name":"Produkte","item":"https:\/\/www.hangover.eu\/de\/shop\/"},{"@type":"ListItem","position":3,"name":"Hang Over &#8211; Hakenleiste f\u00fcr Kante, 4 Haken"}]},{"@type":"WebSite","@id":"https:\/\/www.hangover.eu\/de\/#website","url":"https:\/\/www.hangover.eu\/de\/","name":"Hang Over","description":"Innovative und stilvolle T\u00fcrgarderoben","publisher":{"@id":"https:\/\/www.hangover.eu\/de\/#organization"},"potentialAction":[{"@type":"SearchAction","target":{"@type":"EntryPoint","urlTemplate":"https:\/\/www.hangover.eu\/de\/?s={search_term_string}"},"query-input":{"@type":"PropertyValueSpecification","valueRequired":true,"valueName":"search_term_string"}}],"inLanguage":"de"},{"@type":"Organization","@id":"https:\/\/www.hangover.eu\/de\/#organization","name":"Hang Over","url":"https:\/\/www.hangover.eu\/de\/","logo":{"@type":"ImageObject","inLanguage":"de","@id":"https:\/\/www.hangover.eu\/de\/#\/schema\/logo\/image\/","url":"https:\/\/i0.wp.com\/www.hangover.eu\/wp-content\/uploads\/cropped-ho_logo_highres-1.png?fit=1241%2C597&ssl=1","contentUrl":"https:\/\/i0.wp.com\/www.hangover.eu\/wp-content\/uploads\/cropped-ho_logo_highres-1.png?fit=1241%2C597&ssl=1","width":1241,"height":597,"caption":"Hang Over"},"image":{"@id":"https:\/\/www.hangover.eu\/de\/#\/schema\/logo\/image\/"},"sameAs":["https:\/\/www.facebook.com\/travelwaxer"]}]}},"jetpack_sharing_enabled":true,"_links":{"self":[{"href":"https:\/\/www.hangover.eu\/de\/wp-json\/wp\/v2\/product\/1818","targetHints":{"allow":["GET"]}}],"collection":[{"href":"https:\/\/www.hangover.eu\/de\/wp-json\/wp\/v2\/product"}],"about":[{"href":"https:\/\/www.hangover.eu\/de\/wp-json\/wp\/v2\/types\/product"}],"replies":[{"embeddable":true,"href":"https:\/\/www.hangover.eu\/de\/wp-json\/wp\/v2\/comments?post=1818"}],"version-history":[{"count":12,"href":"https:\/\/www.hangover.eu\/de\/wp-json\/wp\/v2\/product\/1818\/revisions"}],"predecessor-version":[{"id":7644,"href":"https:\/\/www.hangover.eu\/de\/wp-json\/wp\/v2\/product\/1818\/revisions\/7644"}],"wp:featuredmedia":[{"embeddable":true,"href":"https:\/\/www.hangover.eu\/de\/wp-json\/wp\/v2\/media\/7361"}],"wp:attachment":[{"href":"https:\/\/www.hangover.eu\/de\/wp-json\/wp\/v2\/media?parent=1818"}],"wp:term":[{"taxonomy":"product_brand","embeddable":true,"href":"https:\/\/www.hangover.eu\/de\/wp-json\/wp\/v2\/product_brand?post=1818"},{"taxonomy":"product_cat","embeddable":true,"href":"https:\/\/www.hangover.eu\/de\/wp-json\/wp\/v2\/product_cat?post=1818"},{"taxonomy":"product_tag","embeddable":true,"href":"https:\/\/www.hangover.eu\/de\/wp-json\/wp\/v2\/product_tag?post=1818"}],"curies":[{"name":"wp","href":"https:\/\/api.w.org\/{rel}","templated":true}]}}