{"id":7508,"date":"2025-06-16T10:09:49","date_gmt":"2025-06-16T10:09:49","guid":{"rendered":"https:\/\/www.hangover.eu\/?page_id=7508"},"modified":"2026-03-12T14:38:04","modified_gmt":"2026-03-12T14:38:04","slug":"haeufig-gestellte-fragen","status":"publish","type":"page","link":"https:\/\/www.hangover.eu\/de\/haeufig-gestellte-fragen\/","title":{"rendered":"H\u00e4ufig gestellte Fragen"},"content":{"rendered":"\n<div class=\"schema-faq wp-block-yoast-faq-block\"><div class=\"schema-faq-section\" id=\"faq-question-1750068224190\"><strong class=\"schema-faq-question\">Gibt es T\u00fcrhaken, die auf Kleiderschr\u00e4nke passen?<\/strong> <p class=\"schema-faq-answer\">Ja, wir haben T\u00fcrhaken, die speziell f\u00fcr Kleiderschr\u00e4nke entwickelt wurden.<br\/>Kleiderschrankt\u00fcren sind in der Regel etwa 16 mm dick. Unsere Haken f\u00fcr Kleiderschr\u00e4nke haben eine \u00d6ffnung von 20 mm und passen daher perfekt.<\/p> <\/div> <div class=\"schema-faq-section\" id=\"faq-question-1750068315101\"><strong class=\"schema-faq-question\">Bekommt meine T\u00fcr Kratzer durch eure T\u00fcrhaken?<\/strong> <p class=\"schema-faq-answer\">Nein, alle unsere Haken sind mit Schaumstoffpolstern ausgestattet, die die Schrauben auf der R\u00fcckseite abdecken.<\/p> <\/div> <div class=\"schema-faq-section\" id=\"faq-question-1750068442818\"><strong class=\"schema-faq-question\">Ich habe keine geeignete T\u00fcr f\u00fcr eine T\u00fcrgarderobe. Gibt es Alternativen?<\/strong> <p class=\"schema-faq-answer\">Ja, unsere <a href=\"https:\/\/www.hangover.eu\/de\/produktkategorie\/hakenleisten-fuer-kanten\/\">Hakenleisten f\u00fcr Kanten<\/a> lassen sich \u00fcber jede beliebige Kante schrauben.<br>So k\u00f6nnen Sie Ihre Aufh\u00e4ngung auch ohne T\u00fcr flexibel einsetzen.<\/p> <\/div> <\/div>\n","protected":false},"excerpt":{"rendered":"","protected":false},"author":2,"featured_media":0,"parent":0,"menu_order":0,"comment_status":"closed","ping_status":"closed","template":"","meta":{"footnotes":""},"class_list":["post-7508","page","type-page","status-publish","hentry"],"yoast_head":"<!-- This site is optimized with the Yoast SEO plugin v27.5 - https:\/\/yoast.com\/product\/yoast-seo-wordpress\/ -->\n<title>H\u00e4ufig gestellte Fragen | Hang Over<\/title>\n<meta name=\"robots\" content=\"index, follow, max-snippet:-1, max-image-preview:large, max-video-preview:-1\" \/>\n<link rel=\"canonical\" href=\"https:\/\/www.hangover.eu\/de\/haeufig-gestellte-fragen\/\" \/>\n<meta property=\"og:locale\" content=\"de_DE\" \/>\n<meta property=\"og:type\" content=\"article\" \/>\n<meta property=\"og:title\" content=\"H\u00e4ufig gestellte Fragen | Hang Over\" \/>\n<meta property=\"og:url\" content=\"https:\/\/www.hangover.eu\/de\/haeufig-gestellte-fragen\/\" \/>\n<meta property=\"og:site_name\" content=\"Hang Over\" \/>\n<meta property=\"article:publisher\" content=\"https:\/\/www.facebook.com\/travelwaxer\" \/>\n<meta property=\"article:modified_time\" content=\"2026-03-12T14:38:04+00:00\" \/>\n<meta name=\"twitter:card\" content=\"summary_large_image\" \/>\n<meta name=\"twitter:label1\" content=\"Gesch\u00e4tzte Lesezeit\" \/>\n\t<meta name=\"twitter:data1\" content=\"1\u00a0Minute\" \/>\n<script type=\"application\/ld+json\" class=\"yoast-schema-graph\">{\"@context\":\"https:\\\/\\\/schema.org\",\"@graph\":[{\"@type\":[\"WebPage\",\"FAQPage\"],\"@id\":\"https:\\\/\\\/www.hangover.eu\\\/de\\\/haeufig-gestellte-fragen\\\/\",\"url\":\"https:\\\/\\\/www.hangover.eu\\\/de\\\/haeufig-gestellte-fragen\\\/\",\"name\":\"H\u00e4ufig gestellte Fragen | Hang Over\",\"isPartOf\":{\"@id\":\"https:\\\/\\\/www.hangover.eu\\\/de\\\/#website\"},\"datePublished\":\"2025-06-16T10:09:49+00:00\",\"dateModified\":\"2026-03-12T14:38:04+00:00\",\"breadcrumb\":{\"@id\":\"https:\\\/\\\/www.hangover.eu\\\/de\\\/haeufig-gestellte-fragen\\\/#breadcrumb\"},\"mainEntity\":[{\"@id\":\"https:\\\/\\\/www.hangover.eu\\\/de\\\/haeufig-gestellte-fragen\\\/#faq-question-1750068224190\"},{\"@id\":\"https:\\\/\\\/www.hangover.eu\\\/de\\\/haeufig-gestellte-fragen\\\/#faq-question-1750068315101\"},{\"@id\":\"https:\\\/\\\/www.hangover.eu\\\/de\\\/haeufig-gestellte-fragen\\\/#faq-question-1750068442818\"}],\"inLanguage\":\"de\",\"potentialAction\":[{\"@type\":\"ReadAction\",\"target\":[\"https:\\\/\\\/www.hangover.eu\\\/de\\\/haeufig-gestellte-fragen\\\/\"]}]},{\"@type\":\"BreadcrumbList\",\"@id\":\"https:\\\/\\\/www.hangover.eu\\\/de\\\/haeufig-gestellte-fragen\\\/#breadcrumb\",\"itemListElement\":[{\"@type\":\"ListItem\",\"position\":1,\"name\":\"Home\",\"item\":\"https:\\\/\\\/www.hangover.eu\\\/de\\\/cover-page\\\/\"},{\"@type\":\"ListItem\",\"position\":2,\"name\":\"H\u00e4ufig gestellte Fragen\"}]},{\"@type\":\"WebSite\",\"@id\":\"https:\\\/\\\/www.hangover.eu\\\/de\\\/#website\",\"url\":\"https:\\\/\\\/www.hangover.eu\\\/de\\\/\",\"name\":\"Hang Over\",\"description\":\"Innovative und stilvolle T\u00fcrgarderoben\",\"publisher\":{\"@id\":\"https:\\\/\\\/www.hangover.eu\\\/de\\\/#organization\"},\"potentialAction\":[{\"@type\":\"SearchAction\",\"target\":{\"@type\":\"EntryPoint\",\"urlTemplate\":\"https:\\\/\\\/www.hangover.eu\\\/de\\\/?s={search_term_string}\"},\"query-input\":{\"@type\":\"PropertyValueSpecification\",\"valueRequired\":true,\"valueName\":\"search_term_string\"}}],\"inLanguage\":\"de\"},{\"@type\":\"Organization\",\"@id\":\"https:\\\/\\\/www.hangover.eu\\\/de\\\/#organization\",\"name\":\"Hang Over\",\"url\":\"https:\\\/\\\/www.hangover.eu\\\/de\\\/\",\"logo\":{\"@type\":\"ImageObject\",\"inLanguage\":\"de\",\"@id\":\"https:\\\/\\\/www.hangover.eu\\\/de\\\/#\\\/schema\\\/logo\\\/image\\\/\",\"url\":\"https:\\\/\\\/i0.wp.com\\\/www.hangover.eu\\\/wp-content\\\/uploads\\\/cropped-ho_logo_highres-1.png?fit=1241%2C597&ssl=1\",\"contentUrl\":\"https:\\\/\\\/i0.wp.com\\\/www.hangover.eu\\\/wp-content\\\/uploads\\\/cropped-ho_logo_highres-1.png?fit=1241%2C597&ssl=1\",\"width\":1241,\"height\":597,\"caption\":\"Hang Over\"},\"image\":{\"@id\":\"https:\\\/\\\/www.hangover.eu\\\/de\\\/#\\\/schema\\\/logo\\\/image\\\/\"},\"sameAs\":[\"https:\\\/\\\/www.facebook.com\\\/travelwaxer\"]},{\"@type\":\"Question\",\"@id\":\"https:\\\/\\\/www.hangover.eu\\\/de\\\/haeufig-gestellte-fragen\\\/#faq-question-1750068224190\",\"position\":1,\"url\":\"https:\\\/\\\/www.hangover.eu\\\/de\\\/haeufig-gestellte-fragen\\\/#faq-question-1750068224190\",\"name\":\"Gibt es T\u00fcrhaken, die auf Kleiderschr\u00e4nke passen?\",\"answerCount\":1,\"acceptedAnswer\":{\"@type\":\"Answer\",\"text\":\"Ja, wir haben T\u00fcrhaken, die speziell f\u00fcr Kleiderschr\u00e4nke entwickelt wurden.<br\\\/>Kleiderschrankt\u00fcren sind in der Regel etwa 16 mm dick. Unsere Haken f\u00fcr Kleiderschr\u00e4nke haben eine \u00d6ffnung von 20 mm und passen daher perfekt.\",\"inLanguage\":\"de\"},\"inLanguage\":\"de\"},{\"@type\":\"Question\",\"@id\":\"https:\\\/\\\/www.hangover.eu\\\/de\\\/haeufig-gestellte-fragen\\\/#faq-question-1750068315101\",\"position\":2,\"url\":\"https:\\\/\\\/www.hangover.eu\\\/de\\\/haeufig-gestellte-fragen\\\/#faq-question-1750068315101\",\"name\":\"Bekommt meine T\u00fcr Kratzer durch eure T\u00fcrhaken?\",\"answerCount\":1,\"acceptedAnswer\":{\"@type\":\"Answer\",\"text\":\"Nein, alle unsere Haken sind mit Schaumstoffpolstern ausgestattet, die die Schrauben auf der R\u00fcckseite abdecken.\",\"inLanguage\":\"de\"},\"inLanguage\":\"de\"},{\"@type\":\"Question\",\"@id\":\"https:\\\/\\\/www.hangover.eu\\\/de\\\/haeufig-gestellte-fragen\\\/#faq-question-1750068442818\",\"position\":3,\"url\":\"https:\\\/\\\/www.hangover.eu\\\/de\\\/haeufig-gestellte-fragen\\\/#faq-question-1750068442818\",\"name\":\"Ich habe keine geeignete T\u00fcr f\u00fcr eine T\u00fcrgarderobe. Gibt es Alternativen?\",\"answerCount\":1,\"acceptedAnswer\":{\"@type\":\"Answer\",\"text\":\"Ja, unsere <a href=\\\"https:\\\/\\\/www.hangover.eu\\\/de\\\/produktkategorie\\\/hakenleisten-fuer-kanten\\\/\\\">Hakenleisten f\u00fcr Kanten<\\\/a> lassen sich \u00fcber jede beliebige Kante schrauben.<br>So k\u00f6nnen Sie Ihre Aufh\u00e4ngung auch ohne T\u00fcr flexibel einsetzen.\",\"inLanguage\":\"de\"},\"inLanguage\":\"de\"}]}<\/script>\n<!-- \/ Yoast SEO plugin. -->","yoast_head_json":{"title":"H\u00e4ufig gestellte Fragen | Hang Over","robots":{"index":"index","follow":"follow","max-snippet":"max-snippet:-1","max-image-preview":"max-image-preview:large","max-video-preview":"max-video-preview:-1"},"canonical":"https:\/\/www.hangover.eu\/de\/haeufig-gestellte-fragen\/","og_locale":"de_DE","og_type":"article","og_title":"H\u00e4ufig gestellte Fragen | Hang Over","og_url":"https:\/\/www.hangover.eu\/de\/haeufig-gestellte-fragen\/","og_site_name":"Hang Over","article_publisher":"https:\/\/www.facebook.com\/travelwaxer","article_modified_time":"2026-03-12T14:38:04+00:00","twitter_card":"summary_large_image","twitter_misc":{"Gesch\u00e4tzte Lesezeit":"1\u00a0Minute"},"schema":{"@context":"https:\/\/schema.org","@graph":[{"@type":["WebPage","FAQPage"],"@id":"https:\/\/www.hangover.eu\/de\/haeufig-gestellte-fragen\/","url":"https:\/\/www.hangover.eu\/de\/haeufig-gestellte-fragen\/","name":"H\u00e4ufig gestellte Fragen | Hang Over","isPartOf":{"@id":"https:\/\/www.hangover.eu\/de\/#website"},"datePublished":"2025-06-16T10:09:49+00:00","dateModified":"2026-03-12T14:38:04+00:00","breadcrumb":{"@id":"https:\/\/www.hangover.eu\/de\/haeufig-gestellte-fragen\/#breadcrumb"},"mainEntity":[{"@id":"https:\/\/www.hangover.eu\/de\/haeufig-gestellte-fragen\/#faq-question-1750068224190"},{"@id":"https:\/\/www.hangover.eu\/de\/haeufig-gestellte-fragen\/#faq-question-1750068315101"},{"@id":"https:\/\/www.hangover.eu\/de\/haeufig-gestellte-fragen\/#faq-question-1750068442818"}],"inLanguage":"de","potentialAction":[{"@type":"ReadAction","target":["https:\/\/www.hangover.eu\/de\/haeufig-gestellte-fragen\/"]}]},{"@type":"BreadcrumbList","@id":"https:\/\/www.hangover.eu\/de\/haeufig-gestellte-fragen\/#breadcrumb","itemListElement":[{"@type":"ListItem","position":1,"name":"Home","item":"https:\/\/www.hangover.eu\/de\/cover-page\/"},{"@type":"ListItem","position":2,"name":"H\u00e4ufig gestellte Fragen"}]},{"@type":"WebSite","@id":"https:\/\/www.hangover.eu\/de\/#website","url":"https:\/\/www.hangover.eu\/de\/","name":"Hang Over","description":"Innovative und stilvolle T\u00fcrgarderoben","publisher":{"@id":"https:\/\/www.hangover.eu\/de\/#organization"},"potentialAction":[{"@type":"SearchAction","target":{"@type":"EntryPoint","urlTemplate":"https:\/\/www.hangover.eu\/de\/?s={search_term_string}"},"query-input":{"@type":"PropertyValueSpecification","valueRequired":true,"valueName":"search_term_string"}}],"inLanguage":"de"},{"@type":"Organization","@id":"https:\/\/www.hangover.eu\/de\/#organization","name":"Hang Over","url":"https:\/\/www.hangover.eu\/de\/","logo":{"@type":"ImageObject","inLanguage":"de","@id":"https:\/\/www.hangover.eu\/de\/#\/schema\/logo\/image\/","url":"https:\/\/i0.wp.com\/www.hangover.eu\/wp-content\/uploads\/cropped-ho_logo_highres-1.png?fit=1241%2C597&ssl=1","contentUrl":"https:\/\/i0.wp.com\/www.hangover.eu\/wp-content\/uploads\/cropped-ho_logo_highres-1.png?fit=1241%2C597&ssl=1","width":1241,"height":597,"caption":"Hang Over"},"image":{"@id":"https:\/\/www.hangover.eu\/de\/#\/schema\/logo\/image\/"},"sameAs":["https:\/\/www.facebook.com\/travelwaxer"]},{"@type":"Question","@id":"https:\/\/www.hangover.eu\/de\/haeufig-gestellte-fragen\/#faq-question-1750068224190","position":1,"url":"https:\/\/www.hangover.eu\/de\/haeufig-gestellte-fragen\/#faq-question-1750068224190","name":"Gibt es T\u00fcrhaken, die auf Kleiderschr\u00e4nke passen?","answerCount":1,"acceptedAnswer":{"@type":"Answer","text":"Ja, wir haben T\u00fcrhaken, die speziell f\u00fcr Kleiderschr\u00e4nke entwickelt wurden.<br\/>Kleiderschrankt\u00fcren sind in der Regel etwa 16 mm dick. Unsere Haken f\u00fcr Kleiderschr\u00e4nke haben eine \u00d6ffnung von 20 mm und passen daher perfekt.","inLanguage":"de"},"inLanguage":"de"},{"@type":"Question","@id":"https:\/\/www.hangover.eu\/de\/haeufig-gestellte-fragen\/#faq-question-1750068315101","position":2,"url":"https:\/\/www.hangover.eu\/de\/haeufig-gestellte-fragen\/#faq-question-1750068315101","name":"Bekommt meine T\u00fcr Kratzer durch eure T\u00fcrhaken?","answerCount":1,"acceptedAnswer":{"@type":"Answer","text":"Nein, alle unsere Haken sind mit Schaumstoffpolstern ausgestattet, die die Schrauben auf der R\u00fcckseite abdecken.","inLanguage":"de"},"inLanguage":"de"},{"@type":"Question","@id":"https:\/\/www.hangover.eu\/de\/haeufig-gestellte-fragen\/#faq-question-1750068442818","position":3,"url":"https:\/\/www.hangover.eu\/de\/haeufig-gestellte-fragen\/#faq-question-1750068442818","name":"Ich habe keine geeignete T\u00fcr f\u00fcr eine T\u00fcrgarderobe. Gibt es Alternativen?","answerCount":1,"acceptedAnswer":{"@type":"Answer","text":"Ja, unsere <a href=\"https:\/\/www.hangover.eu\/de\/produktkategorie\/hakenleisten-fuer-kanten\/\">Hakenleisten f\u00fcr Kanten<\/a> lassen sich \u00fcber jede beliebige Kante schrauben.<br>So k\u00f6nnen Sie Ihre Aufh\u00e4ngung auch ohne T\u00fcr flexibel einsetzen.","inLanguage":"de"},"inLanguage":"de"}]}},"jetpack_sharing_enabled":true,"_links":{"self":[{"href":"https:\/\/www.hangover.eu\/de\/wp-json\/wp\/v2\/pages\/7508","targetHints":{"allow":["GET"]}}],"collection":[{"href":"https:\/\/www.hangover.eu\/de\/wp-json\/wp\/v2\/pages"}],"about":[{"href":"https:\/\/www.hangover.eu\/de\/wp-json\/wp\/v2\/types\/page"}],"author":[{"embeddable":true,"href":"https:\/\/www.hangover.eu\/de\/wp-json\/wp\/v2\/users\/2"}],"replies":[{"embeddable":true,"href":"https:\/\/www.hangover.eu\/de\/wp-json\/wp\/v2\/comments?post=7508"}],"version-history":[{"count":2,"href":"https:\/\/www.hangover.eu\/de\/wp-json\/wp\/v2\/pages\/7508\/revisions"}],"predecessor-version":[{"id":7738,"href":"https:\/\/www.hangover.eu\/de\/wp-json\/wp\/v2\/pages\/7508\/revisions\/7738"}],"wp:attachment":[{"href":"https:\/\/www.hangover.eu\/de\/wp-json\/wp\/v2\/media?parent=7508"}],"curies":[{"name":"wp","href":"https:\/\/api.w.org\/{rel}","templated":true}]}}