{"id":2011,"date":"2016-05-16T07:29:48","date_gmt":"2016-05-16T07:29:48","guid":{"rendered":"http:\/\/www.hangover.eu\/de\/?page_id=2011"},"modified":"2023-03-18T13:33:51","modified_gmt":"2023-03-18T13:33:51","slug":"vielen-dank","status":"publish","type":"page","link":"https:\/\/www.hangover.eu\/de\/vielen-dank\/","title":{"rendered":"Dankesch\u00f6n"},"content":{"rendered":"<p>Vielen Dank f\u00fcr Ihre Bestellung von Hang Over!<br \/>\n<br \/>\nDie Ware wird am n\u00e4chsten Gesch\u00e4ftstag von uns ausgeliefert. Die Lieferung dauert 2-3 Tage. Das Paket wird zu deinem n\u00e4chsten Paketshop geliefert. <\/p>\n","protected":false},"excerpt":{"rendered":"<p>Vielen Dank f\u00fcr Ihre Bestellung von Hang Over! Die Ware wird am n\u00e4chsten Gesch\u00e4ftstag von uns ausgeliefert. Die Lieferung dauert 2-3 Tage. Das Paket wird zu deinem n\u00e4chsten Paketshop geliefert.<\/p>\n","protected":false},"author":2,"featured_media":0,"parent":0,"menu_order":0,"comment_status":"closed","ping_status":"closed","template":"","meta":{"footnotes":""},"class_list":["post-2011","page","type-page","status-publish","hentry"],"yoast_head":"<!-- This site is optimized with the Yoast SEO plugin v27.5 - https:\/\/yoast.com\/product\/yoast-seo-wordpress\/ -->\n<title>Dankesch\u00f6n | Hang Over<\/title>\n<meta name=\"robots\" content=\"index, follow, max-snippet:-1, max-image-preview:large, max-video-preview:-1\" \/>\n<link rel=\"canonical\" href=\"https:\/\/www.hangover.eu\/de\/vielen-dank\/\" \/>\n<meta property=\"og:locale\" content=\"de_DE\" \/>\n<meta property=\"og:type\" content=\"article\" \/>\n<meta property=\"og:title\" content=\"Dankesch\u00f6n | Hang Over\" \/>\n<meta property=\"og:description\" content=\"Vielen Dank f\u00fcr Ihre Bestellung von Hang Over! Die Ware wird am n\u00e4chsten Gesch\u00e4ftstag von uns ausgeliefert. Die Lieferung dauert 2-3 Tage. Das Paket wird zu deinem n\u00e4chsten Paketshop geliefert.\" \/>\n<meta property=\"og:url\" content=\"https:\/\/www.hangover.eu\/de\/vielen-dank\/\" \/>\n<meta property=\"og:site_name\" content=\"Hang Over\" \/>\n<meta property=\"article:publisher\" content=\"https:\/\/www.facebook.com\/travelwaxer\" \/>\n<meta property=\"article:modified_time\" content=\"2023-03-18T13:33:51+00:00\" \/>\n<meta name=\"twitter:card\" content=\"summary_large_image\" \/>\n<meta name=\"twitter:label1\" content=\"Gesch\u00e4tzte Lesezeit\" \/>\n\t<meta name=\"twitter:data1\" content=\"1\u00a0Minute\" \/>\n<script type=\"application\/ld+json\" class=\"yoast-schema-graph\">{\"@context\":\"https:\\\/\\\/schema.org\",\"@graph\":[{\"@type\":\"WebPage\",\"@id\":\"https:\\\/\\\/www.hangover.eu\\\/de\\\/vielen-dank\\\/\",\"url\":\"https:\\\/\\\/www.hangover.eu\\\/de\\\/vielen-dank\\\/\",\"name\":\"Dankesch\u00f6n | Hang Over\",\"isPartOf\":{\"@id\":\"https:\\\/\\\/www.hangover.eu\\\/de\\\/#website\"},\"datePublished\":\"2016-05-16T07:29:48+00:00\",\"dateModified\":\"2023-03-18T13:33:51+00:00\",\"breadcrumb\":{\"@id\":\"https:\\\/\\\/www.hangover.eu\\\/de\\\/vielen-dank\\\/#breadcrumb\"},\"inLanguage\":\"de\",\"potentialAction\":[{\"@type\":\"ReadAction\",\"target\":[\"https:\\\/\\\/www.hangover.eu\\\/de\\\/vielen-dank\\\/\"]}]},{\"@type\":\"BreadcrumbList\",\"@id\":\"https:\\\/\\\/www.hangover.eu\\\/de\\\/vielen-dank\\\/#breadcrumb\",\"itemListElement\":[{\"@type\":\"ListItem\",\"position\":1,\"name\":\"Home\",\"item\":\"https:\\\/\\\/www.hangover.eu\\\/de\\\/cover-page\\\/\"},{\"@type\":\"ListItem\",\"position\":2,\"name\":\"Dankesch\u00f6n\"}]},{\"@type\":\"WebSite\",\"@id\":\"https:\\\/\\\/www.hangover.eu\\\/de\\\/#website\",\"url\":\"https:\\\/\\\/www.hangover.eu\\\/de\\\/\",\"name\":\"Hang Over\",\"description\":\"Innovative und stilvolle T\u00fcrgarderoben\",\"publisher\":{\"@id\":\"https:\\\/\\\/www.hangover.eu\\\/de\\\/#organization\"},\"potentialAction\":[{\"@type\":\"SearchAction\",\"target\":{\"@type\":\"EntryPoint\",\"urlTemplate\":\"https:\\\/\\\/www.hangover.eu\\\/de\\\/?s={search_term_string}\"},\"query-input\":{\"@type\":\"PropertyValueSpecification\",\"valueRequired\":true,\"valueName\":\"search_term_string\"}}],\"inLanguage\":\"de\"},{\"@type\":\"Organization\",\"@id\":\"https:\\\/\\\/www.hangover.eu\\\/de\\\/#organization\",\"name\":\"Hang Over\",\"url\":\"https:\\\/\\\/www.hangover.eu\\\/de\\\/\",\"logo\":{\"@type\":\"ImageObject\",\"inLanguage\":\"de\",\"@id\":\"https:\\\/\\\/www.hangover.eu\\\/de\\\/#\\\/schema\\\/logo\\\/image\\\/\",\"url\":\"https:\\\/\\\/i0.wp.com\\\/www.hangover.eu\\\/wp-content\\\/uploads\\\/cropped-ho_logo_highres-1.png?fit=1241%2C597&ssl=1\",\"contentUrl\":\"https:\\\/\\\/i0.wp.com\\\/www.hangover.eu\\\/wp-content\\\/uploads\\\/cropped-ho_logo_highres-1.png?fit=1241%2C597&ssl=1\",\"width\":1241,\"height\":597,\"caption\":\"Hang Over\"},\"image\":{\"@id\":\"https:\\\/\\\/www.hangover.eu\\\/de\\\/#\\\/schema\\\/logo\\\/image\\\/\"},\"sameAs\":[\"https:\\\/\\\/www.facebook.com\\\/travelwaxer\"]}]}<\/script>\n<!-- \/ Yoast SEO plugin. -->","yoast_head_json":{"title":"Dankesch\u00f6n | Hang Over","robots":{"index":"index","follow":"follow","max-snippet":"max-snippet:-1","max-image-preview":"max-image-preview:large","max-video-preview":"max-video-preview:-1"},"canonical":"https:\/\/www.hangover.eu\/de\/vielen-dank\/","og_locale":"de_DE","og_type":"article","og_title":"Dankesch\u00f6n | Hang Over","og_description":"Vielen Dank f\u00fcr Ihre Bestellung von Hang Over! Die Ware wird am n\u00e4chsten Gesch\u00e4ftstag von uns ausgeliefert. Die Lieferung dauert 2-3 Tage. Das Paket wird zu deinem n\u00e4chsten Paketshop geliefert.","og_url":"https:\/\/www.hangover.eu\/de\/vielen-dank\/","og_site_name":"Hang Over","article_publisher":"https:\/\/www.facebook.com\/travelwaxer","article_modified_time":"2023-03-18T13:33:51+00:00","twitter_card":"summary_large_image","twitter_misc":{"Gesch\u00e4tzte Lesezeit":"1\u00a0Minute"},"schema":{"@context":"https:\/\/schema.org","@graph":[{"@type":"WebPage","@id":"https:\/\/www.hangover.eu\/de\/vielen-dank\/","url":"https:\/\/www.hangover.eu\/de\/vielen-dank\/","name":"Dankesch\u00f6n | Hang Over","isPartOf":{"@id":"https:\/\/www.hangover.eu\/de\/#website"},"datePublished":"2016-05-16T07:29:48+00:00","dateModified":"2023-03-18T13:33:51+00:00","breadcrumb":{"@id":"https:\/\/www.hangover.eu\/de\/vielen-dank\/#breadcrumb"},"inLanguage":"de","potentialAction":[{"@type":"ReadAction","target":["https:\/\/www.hangover.eu\/de\/vielen-dank\/"]}]},{"@type":"BreadcrumbList","@id":"https:\/\/www.hangover.eu\/de\/vielen-dank\/#breadcrumb","itemListElement":[{"@type":"ListItem","position":1,"name":"Home","item":"https:\/\/www.hangover.eu\/de\/cover-page\/"},{"@type":"ListItem","position":2,"name":"Dankesch\u00f6n"}]},{"@type":"WebSite","@id":"https:\/\/www.hangover.eu\/de\/#website","url":"https:\/\/www.hangover.eu\/de\/","name":"Hang Over","description":"Innovative und stilvolle T\u00fcrgarderoben","publisher":{"@id":"https:\/\/www.hangover.eu\/de\/#organization"},"potentialAction":[{"@type":"SearchAction","target":{"@type":"EntryPoint","urlTemplate":"https:\/\/www.hangover.eu\/de\/?s={search_term_string}"},"query-input":{"@type":"PropertyValueSpecification","valueRequired":true,"valueName":"search_term_string"}}],"inLanguage":"de"},{"@type":"Organization","@id":"https:\/\/www.hangover.eu\/de\/#organization","name":"Hang Over","url":"https:\/\/www.hangover.eu\/de\/","logo":{"@type":"ImageObject","inLanguage":"de","@id":"https:\/\/www.hangover.eu\/de\/#\/schema\/logo\/image\/","url":"https:\/\/i0.wp.com\/www.hangover.eu\/wp-content\/uploads\/cropped-ho_logo_highres-1.png?fit=1241%2C597&ssl=1","contentUrl":"https:\/\/i0.wp.com\/www.hangover.eu\/wp-content\/uploads\/cropped-ho_logo_highres-1.png?fit=1241%2C597&ssl=1","width":1241,"height":597,"caption":"Hang Over"},"image":{"@id":"https:\/\/www.hangover.eu\/de\/#\/schema\/logo\/image\/"},"sameAs":["https:\/\/www.facebook.com\/travelwaxer"]}]}},"jetpack_sharing_enabled":true,"_links":{"self":[{"href":"https:\/\/www.hangover.eu\/de\/wp-json\/wp\/v2\/pages\/2011","targetHints":{"allow":["GET"]}}],"collection":[{"href":"https:\/\/www.hangover.eu\/de\/wp-json\/wp\/v2\/pages"}],"about":[{"href":"https:\/\/www.hangover.eu\/de\/wp-json\/wp\/v2\/types\/page"}],"author":[{"embeddable":true,"href":"https:\/\/www.hangover.eu\/de\/wp-json\/wp\/v2\/users\/2"}],"replies":[{"embeddable":true,"href":"https:\/\/www.hangover.eu\/de\/wp-json\/wp\/v2\/comments?post=2011"}],"version-history":[{"count":4,"href":"https:\/\/www.hangover.eu\/de\/wp-json\/wp\/v2\/pages\/2011\/revisions"}],"predecessor-version":[{"id":5386,"href":"https:\/\/www.hangover.eu\/de\/wp-json\/wp\/v2\/pages\/2011\/revisions\/5386"}],"wp:attachment":[{"href":"https:\/\/www.hangover.eu\/de\/wp-json\/wp\/v2\/media?parent=2011"}],"curies":[{"name":"wp","href":"https:\/\/api.w.org\/{rel}","templated":true}]}}